{"id":5575,"date":"2023-11-10T08:28:55","date_gmt":"2023-11-10T08:28:55","guid":{"rendered":"https:\/\/hotelreimar.com\/booking\/"},"modified":"2023-11-21T13:27:39","modified_gmt":"2023-11-21T13:27:39","slug":"booking","status":"publish","type":"page","link":"https:\/\/hotelreimar.com\/fr\/booking\/","title":{"rendered":"Booking"},"content":{"rendered":"<p>[vc_row full_width=\u00a0\u00bbstretch_row\u00a0\u00bb parallax=\u00a0\u00bbcontent-moving\u00a0\u00bb enable_overlay=\u00a0\u00bbtrue\u00a0\u00bb bg_overlay=\u00a0\u00bbrgba(0,0,0,0.12)\u00a0\u00bb css=\u00a0\u00bb.vc_custom_1700559805736{padding-top: 150px !important;padding-bottom: 50px !important;background-position: center;background-repeat: no-repeat !important;background-size: cover !important;}\u00a0\u00bb][vc_column]<div class=\"engo-special-heading text-center\" style=\"color:#ffffff;\"><h2>R\u00c9SERVEZ<\/h2><\/div>[\/vc_column][\/vc_row][vc_row][vc_column][vc_raw_html]W2duYWhzZW5naW5lXQ==[\/vc_raw_html][\/vc_column][\/vc_row]<\/p>\n","protected":false},"excerpt":{"rendered":"<p>[vc_row full_width=\u00a0\u00bbstretch_row\u00a0\u00bb parallax=\u00a0\u00bbcontent-moving\u00a0\u00bb enable_overlay=\u00a0\u00bbtrue\u00a0\u00bb bg_overlay=\u00a0\u00bbrgba(0,0,0,0.12)\u00a0\u00bb css=\u00a0\u00bb.vc_custom_1700559805736{padding-top: 150px !important;padding-bottom: 50px !important;background-position: center;background-repeat: no-repeat !important;background-size: cover !important;}\u00a0\u00bb][vc_column][\/vc_column][\/vc_row][vc_row][vc_column][vc_raw_html]W2duYWhzZW5naW5lXQ==[\/vc_raw_html][\/vc_column][\/vc_row]<\/p>\n","protected":false},"author":1,"featured_media":0,"parent":0,"menu_order":0,"comment_status":"closed","ping_status":"closed","template":"","meta":{"footnotes":""},"yoast_head":"<!-- This site is optimized with the Yoast SEO plugin v22.4 - https:\/\/yoast.com\/wordpress\/plugins\/seo\/ -->\n<title>R\u00e9servez \u00e0 l&#039;H\u00f4tel Reimar - Sant Antoni de Calonge Costa Brava<\/title>\n<meta name=\"description\" content=\"L&#039;H\u00f4tel Reimar est un h\u00f4tel \u00e0 Torre Valentina en bord de mer qui propose diff\u00e9rents types d&#039;h\u00e9bergement : Chambres, Appartements et R\u00e9sidences.\" \/>\n<meta name=\"robots\" content=\"index, follow, max-snippet:-1, max-image-preview:large, max-video-preview:-1\" \/>\n<link rel=\"canonical\" href=\"https:\/\/hotelreimar.com\/booking\/\" \/>\n<meta property=\"og:locale\" content=\"fr_FR\" \/>\n<meta property=\"og:type\" content=\"article\" \/>\n<meta property=\"og:title\" content=\"R\u00e9servez \u00e0 l&#039;H\u00f4tel Reimar - Sant Antoni de Calonge Costa Brava\" \/>\n<meta property=\"og:description\" content=\"L&#039;H\u00f4tel Reimar est un h\u00f4tel \u00e0 Torre Valentina en bord de mer qui propose diff\u00e9rents types d&#039;h\u00e9bergement : Chambres, Appartements et R\u00e9sidences.\" \/>\n<meta property=\"og:url\" content=\"https:\/\/hotelreimar.com\/booking\/\" \/>\n<meta property=\"article:modified_time\" content=\"2023-11-21T13:27:39+00:00\" \/>\n<meta name=\"twitter:card\" content=\"summary_large_image\" \/>\n<meta name=\"twitter:label1\" content=\"Dur\u00e9e de lecture estim\u00e9e\" \/>\n\t<meta name=\"twitter:data1\" content=\"1 minute\" \/>\n<script type=\"application\/ld+json\" class=\"yoast-schema-graph\">{\"@context\":\"https:\/\/schema.org\",\"@graph\":[{\"@type\":\"WebPage\",\"@id\":\"https:\/\/hotelreimar.com\/booking\/\",\"url\":\"https:\/\/hotelreimar.com\/booking\/\",\"name\":\"R\u00e9servez \u00e0 l'H\u00f4tel Reimar - Sant Antoni de Calonge Costa Brava\",\"isPartOf\":{\"@id\":\"https:\/\/hotelreimar.com\/#website\"},\"datePublished\":\"2023-11-10T08:28:55+00:00\",\"dateModified\":\"2023-11-21T13:27:39+00:00\",\"description\":\"L'H\u00f4tel Reimar est un h\u00f4tel \u00e0 Torre Valentina en bord de mer qui propose diff\u00e9rents types d'h\u00e9bergement : Chambres, Appartements et R\u00e9sidences.\",\"breadcrumb\":{\"@id\":\"https:\/\/hotelreimar.com\/booking\/#breadcrumb\"},\"inLanguage\":\"fr-FR\",\"potentialAction\":[{\"@type\":\"ReadAction\",\"target\":[\"https:\/\/hotelreimar.com\/booking\/\"]}]},{\"@type\":\"BreadcrumbList\",\"@id\":\"https:\/\/hotelreimar.com\/booking\/#breadcrumb\",\"itemListElement\":[{\"@type\":\"ListItem\",\"position\":1,\"name\":\"Inici\",\"item\":\"https:\/\/hotelreimar.com\/fr\/\"},{\"@type\":\"ListItem\",\"position\":2,\"name\":\"Booking\"}]},{\"@type\":\"WebSite\",\"@id\":\"https:\/\/hotelreimar.com\/#website\",\"url\":\"https:\/\/hotelreimar.com\/\",\"name\":\"\",\"description\":\"\",\"potentialAction\":[{\"@type\":\"SearchAction\",\"target\":{\"@type\":\"EntryPoint\",\"urlTemplate\":\"https:\/\/hotelreimar.com\/?s={search_term_string}\"},\"query-input\":\"required name=search_term_string\"}],\"inLanguage\":\"fr-FR\"}]}<\/script>\n<!-- \/ Yoast SEO plugin. -->","yoast_head_json":{"title":"R\u00e9servez \u00e0 l'H\u00f4tel Reimar - Sant Antoni de Calonge Costa Brava","description":"L'H\u00f4tel Reimar est un h\u00f4tel \u00e0 Torre Valentina en bord de mer qui propose diff\u00e9rents types d'h\u00e9bergement : Chambres, Appartements et R\u00e9sidences.","robots":{"index":"index","follow":"follow","max-snippet":"max-snippet:-1","max-image-preview":"max-image-preview:large","max-video-preview":"max-video-preview:-1"},"canonical":"https:\/\/hotelreimar.com\/booking\/","og_locale":"fr_FR","og_type":"article","og_title":"R\u00e9servez \u00e0 l'H\u00f4tel Reimar - Sant Antoni de Calonge Costa Brava","og_description":"L'H\u00f4tel Reimar est un h\u00f4tel \u00e0 Torre Valentina en bord de mer qui propose diff\u00e9rents types d'h\u00e9bergement : Chambres, Appartements et R\u00e9sidences.","og_url":"https:\/\/hotelreimar.com\/booking\/","article_modified_time":"2023-11-21T13:27:39+00:00","twitter_card":"summary_large_image","twitter_misc":{"Dur\u00e9e de lecture estim\u00e9e":"1 minute"},"schema":{"@context":"https:\/\/schema.org","@graph":[{"@type":"WebPage","@id":"https:\/\/hotelreimar.com\/booking\/","url":"https:\/\/hotelreimar.com\/booking\/","name":"R\u00e9servez \u00e0 l'H\u00f4tel Reimar - Sant Antoni de Calonge Costa Brava","isPartOf":{"@id":"https:\/\/hotelreimar.com\/#website"},"datePublished":"2023-11-10T08:28:55+00:00","dateModified":"2023-11-21T13:27:39+00:00","description":"L'H\u00f4tel Reimar est un h\u00f4tel \u00e0 Torre Valentina en bord de mer qui propose diff\u00e9rents types d'h\u00e9bergement : Chambres, Appartements et R\u00e9sidences.","breadcrumb":{"@id":"https:\/\/hotelreimar.com\/booking\/#breadcrumb"},"inLanguage":"fr-FR","potentialAction":[{"@type":"ReadAction","target":["https:\/\/hotelreimar.com\/booking\/"]}]},{"@type":"BreadcrumbList","@id":"https:\/\/hotelreimar.com\/booking\/#breadcrumb","itemListElement":[{"@type":"ListItem","position":1,"name":"Inici","item":"https:\/\/hotelreimar.com\/fr\/"},{"@type":"ListItem","position":2,"name":"Booking"}]},{"@type":"WebSite","@id":"https:\/\/hotelreimar.com\/#website","url":"https:\/\/hotelreimar.com\/","name":"","description":"","potentialAction":[{"@type":"SearchAction","target":{"@type":"EntryPoint","urlTemplate":"https:\/\/hotelreimar.com\/?s={search_term_string}"},"query-input":"required name=search_term_string"}],"inLanguage":"fr-FR"}]}},"_links":{"self":[{"href":"https:\/\/hotelreimar.com\/fr\/wp-json\/wp\/v2\/pages\/5575"}],"collection":[{"href":"https:\/\/hotelreimar.com\/fr\/wp-json\/wp\/v2\/pages"}],"about":[{"href":"https:\/\/hotelreimar.com\/fr\/wp-json\/wp\/v2\/types\/page"}],"author":[{"embeddable":true,"href":"https:\/\/hotelreimar.com\/fr\/wp-json\/wp\/v2\/users\/1"}],"replies":[{"embeddable":true,"href":"https:\/\/hotelreimar.com\/fr\/wp-json\/wp\/v2\/comments?post=5575"}],"version-history":[{"count":3,"href":"https:\/\/hotelreimar.com\/fr\/wp-json\/wp\/v2\/pages\/5575\/revisions"}],"predecessor-version":[{"id":5585,"href":"https:\/\/hotelreimar.com\/fr\/wp-json\/wp\/v2\/pages\/5575\/revisions\/5585"}],"wp:attachment":[{"href":"https:\/\/hotelreimar.com\/fr\/wp-json\/wp\/v2\/media?parent=5575"}],"curies":[{"name":"wp","href":"https:\/\/api.w.org\/{rel}","templated":true}]}}