{"id":4728,"date":"2021-02-23T05:11:10","date_gmt":"2021-02-23T05:11:10","guid":{"rendered":"https:\/\/hotelreimar.com\/reserva-directa\/"},"modified":"2024-09-13T10:52:52","modified_gmt":"2024-09-13T10:52:52","slug":"reserva-directa","status":"publish","type":"page","link":"https:\/\/hotelreimar.com\/fr\/reserva-directa\/","title":{"rendered":"reservation directe"},"content":{"rendered":"<p>[vc_row][vc_column width=\u00a0\u00bb5\/12&Prime;][vc_empty_space height=\u00a0\u00bb120px\u00a0\u00bb][vc_column_text size=\u00a0\u00bb0&Prime;]<\/p>\n<h3 style=\"text-align: center;\">DES DOUTES SI VOUS R\u00c9SERVEZ DIRECTEMENT SUR LE SITE DE L&rsquo;H\u00d4TEL OU DES AUTRES SITES?<\/h3>\n<p>[\/vc_column_text][vc_single_image image=\u00a0\u00bb5107&Prime; img_size=\u00a0\u00bbmedium\u00a0\u00bb alignment=\u00a0\u00bbcenter\u00a0\u00bb][vc_column_text size=\u00a0\u00bb0&Prime;]<\/p>\n<h3 style=\"text-align: center;\">VOICI LES AVANTAGES DE RESERVER DIRECTEMENT AVEC NOUS<\/h3>\n<p>[\/vc_column_text]<div class=\"engo-btn-container engo-btn-center\"><a class=\"engo-btn engo-btn-normal engo-btn-default\" href=\"https:\/\/hotelreimar.gnahs.com\/booking.php?idm=4\" title=\"\" style=\"background-color:#1e73be;border-color:#1e73be\">RESERVA<\/a><\/div>[\/vc_column][vc_column width=\u00a0\u00bb7\/12&Prime;][vc_empty_space height=\u00a0\u00bb120px\u00a0\u00bb][vc_row_inner][vc_column_inner width=\u00a0\u00bb1\/4&Prime;][vc_single_image image=\u00a0\u00bb1213&Prime; img_size=\u00a0\u00bb100&#215;100&Prime; alignment=\u00a0\u00bbcenter\u00a0\u00bb][\/vc_column_inner][vc_column_inner width=\u00a0\u00bb3\/4&Prime;][vc_column_text size=\u00a0\u00bb0&Prime;]<\/p>\n<h4>MEILLEUR PRIX GARANTI<\/h4>\n<p>Si vous trouvez un meilleur prix, nous l&rsquo;\u00e9galerons[\/vc_column_text][\/vc_column_inner][\/vc_row_inner][vc_row_inner][vc_column_inner width=\u00a0\u00bb1\/4&Prime;][vc_single_image image=\u00a0\u00bb1227&Prime; img_size=\u00a0\u00bb100&#215;100&Prime; alignment=\u00a0\u00bbcenter\u00a0\u00bb][\/vc_column_inner][vc_column_inner width=\u00a0\u00bb3\/4&Prime;][vc_column_text size=\u00a0\u00bb0&Prime;]<\/p>\n<h4>WIFI PREMIUM GRATUIT<\/h4>\n<p>Ou connexion LAN jusque 600 Mbs[\/vc_column_text][\/vc_column_inner][\/vc_row_inner][vc_row_inner][vc_column_inner width=\u00a0\u00bb1\/4&Prime;][vc_single_image image=\u00a0\u00bb1225&Prime; img_size=\u00a0\u00bb80&#215;80&Prime; alignment=\u00a0\u00bbcenter\u00a0\u00bb][\/vc_column_inner][vc_column_inner width=\u00a0\u00bb3\/4&Prime;][vc_column_text size=\u00a0\u00bb0&Prime;]<\/p>\n<h4>20% REDUCTION AU TARIF PARKING<\/h4>\n<p>Video surveill\u00e9, tout \u00e0 fait \u00e0 cot\u00e9 de l&rsquo;hotel. Prix clients d&rsquo;agence 10 \u20ac. Clients directes 8 \u20ac[\/vc_column_text][\/vc_column_inner][\/vc_row_inner][vc_row_inner][vc_column_inner width=\u00a0\u00bb1\/4&Prime;][vc_single_image image=\u00a0\u00bb1961&Prime; img_size=\u00a0\u00bb100&#215;43&Prime; alignment=\u00a0\u00bbcenter\u00a0\u00bb][\/vc_column_inner][vc_column_inner width=\u00a0\u00bb3\/4&Prime;][vc_column_text size=\u00a0\u00bb0&Prime;]<\/p>\n<h4>RECHARGE SEMI-RAPIDE JUSQUE 22 KWH DE V\u00c9HICULES \u00c9LECTRIQUES<\/h4>\n<p>[\/vc_column_text][\/vc_column_inner][\/vc_row_inner][\/vc_column][\/vc_row]<\/p>\n","protected":false},"excerpt":{"rendered":"<p>[vc_row][vc_column width=\u00a0\u00bb5\/12&Prime;][vc_empty_space height=\u00a0\u00bb120px\u00a0\u00bb][vc_column_text size=\u00a0\u00bb0&Prime;] DES DOUTES SI VOUS R\u00c9SERVEZ DIRECTEMENT SUR LE SITE DE L&rsquo;H\u00d4TEL OU DES AUTRES SITES? [\/vc_column_text][vc_single_image image=\u00a0\u00bb5107&Prime; img_size=\u00a0\u00bbmedium\u00a0\u00bb alignment=\u00a0\u00bbcenter\u00a0\u00bb][vc_column_text size=\u00a0\u00bb0&Prime;] VOICI LES AVANTAGES DE RESERVER DIRECTEMENT AVEC NOUS [\/vc_column_text][\/vc_column][vc_column width=\u00a0\u00bb7\/12&Prime;][vc_empty_space height=\u00a0\u00bb120px\u00a0\u00bb][vc_row_inner][vc_column_inner width=\u00a0\u00bb1\/4&Prime;][vc_single_image image=\u00a0\u00bb1213&Prime; img_size=\u00a0\u00bb100&#215;100&Prime; alignment=\u00a0\u00bbcenter\u00a0\u00bb][\/vc_column_inner][vc_column_inner width=\u00a0\u00bb3\/4&Prime;][vc_column_text size=\u00a0\u00bb0&Prime;] MEILLEUR PRIX GARANTI Si vous trouvez un meilleur prix, nous l&rsquo;\u00e9galerons[\/vc_column_text][\/vc_column_inner][\/vc_row_inner][vc_row_inner][vc_column_inner width=\u00a0\u00bb1\/4&Prime;][vc_single_image image=\u00a0\u00bb1227&Prime; img_size=\u00a0\u00bb100&#215;100&Prime;&#8230;<\/p>\n","protected":false},"author":1,"featured_media":0,"parent":0,"menu_order":0,"comment_status":"closed","ping_status":"closed","template":"","meta":{"footnotes":""},"yoast_head":"<!-- This site is optimized with the Yoast SEO plugin v22.4 - https:\/\/yoast.com\/wordpress\/plugins\/seo\/ -->\n<title>reservation directe -<\/title>\n<meta name=\"robots\" content=\"index, follow, max-snippet:-1, max-image-preview:large, max-video-preview:-1\" \/>\n<link rel=\"canonical\" href=\"https:\/\/hotelreimar.com\/fr\/reserva-directa\/\" \/>\n<meta property=\"og:locale\" content=\"fr_FR\" \/>\n<meta property=\"og:type\" content=\"article\" \/>\n<meta property=\"og:title\" content=\"reservation directe -\" \/>\n<meta property=\"og:description\" content=\"[vc_row][vc_column width=\u00a0\u00bb5\/12&Prime;][vc_empty_space height=\u00a0\u00bb120px\u00a0\u00bb][vc_column_text size=\u00a0\u00bb0&Prime;] DES DOUTES SI VOUS R\u00c9SERVEZ DIRECTEMENT SUR LE SITE DE L&rsquo;H\u00d4TEL OU DES AUTRES SITES? [\/vc_column_text][vc_single_image image=\u00a0\u00bb5107&Prime; img_size=\u00a0\u00bbmedium\u00a0\u00bb alignment=\u00a0\u00bbcenter\u00a0\u00bb][vc_column_text size=\u00a0\u00bb0&Prime;] VOICI LES AVANTAGES DE RESERVER DIRECTEMENT AVEC NOUS [\/vc_column_text][\/vc_column][vc_column width=\u00a0\u00bb7\/12&Prime;][vc_empty_space height=\u00a0\u00bb120px\u00a0\u00bb][vc_row_inner][vc_column_inner width=\u00a0\u00bb1\/4&Prime;][vc_single_image image=\u00a0\u00bb1213&Prime; img_size=\u00a0\u00bb100&#215;100&Prime; alignment=\u00a0\u00bbcenter\u00a0\u00bb][\/vc_column_inner][vc_column_inner width=\u00a0\u00bb3\/4&Prime;][vc_column_text size=\u00a0\u00bb0&Prime;] MEILLEUR PRIX GARANTI Si vous trouvez un meilleur prix, nous l&rsquo;\u00e9galerons[\/vc_column_text][\/vc_column_inner][\/vc_row_inner][vc_row_inner][vc_column_inner width=\u00a0\u00bb1\/4&Prime;][vc_single_image image=\u00a0\u00bb1227&Prime; img_size=\u00a0\u00bb100&#215;100&Prime;...\" \/>\n<meta property=\"og:url\" content=\"https:\/\/hotelreimar.com\/fr\/reserva-directa\/\" \/>\n<meta property=\"article:modified_time\" content=\"2024-09-13T10:52:52+00:00\" \/>\n<meta name=\"twitter:card\" content=\"summary_large_image\" \/>\n<meta name=\"twitter:label1\" content=\"Dur\u00e9e de lecture estim\u00e9e\" \/>\n\t<meta name=\"twitter:data1\" content=\"2 minutes\" \/>\n<script type=\"application\/ld+json\" class=\"yoast-schema-graph\">{\"@context\":\"https:\/\/schema.org\",\"@graph\":[{\"@type\":\"WebPage\",\"@id\":\"https:\/\/hotelreimar.com\/fr\/reserva-directa\/\",\"url\":\"https:\/\/hotelreimar.com\/fr\/reserva-directa\/\",\"name\":\"reservation directe -\",\"isPartOf\":{\"@id\":\"https:\/\/hotelreimar.com\/#website\"},\"datePublished\":\"2021-02-23T05:11:10+00:00\",\"dateModified\":\"2024-09-13T10:52:52+00:00\",\"breadcrumb\":{\"@id\":\"https:\/\/hotelreimar.com\/fr\/reserva-directa\/#breadcrumb\"},\"inLanguage\":\"fr-FR\",\"potentialAction\":[{\"@type\":\"ReadAction\",\"target\":[\"https:\/\/hotelreimar.com\/fr\/reserva-directa\/\"]}]},{\"@type\":\"BreadcrumbList\",\"@id\":\"https:\/\/hotelreimar.com\/fr\/reserva-directa\/#breadcrumb\",\"itemListElement\":[{\"@type\":\"ListItem\",\"position\":1,\"name\":\"Inici\",\"item\":\"https:\/\/hotelreimar.com\/fr\/\"},{\"@type\":\"ListItem\",\"position\":2,\"name\":\"reservation directe\"}]},{\"@type\":\"WebSite\",\"@id\":\"https:\/\/hotelreimar.com\/#website\",\"url\":\"https:\/\/hotelreimar.com\/\",\"name\":\"\",\"description\":\"\",\"potentialAction\":[{\"@type\":\"SearchAction\",\"target\":{\"@type\":\"EntryPoint\",\"urlTemplate\":\"https:\/\/hotelreimar.com\/?s={search_term_string}\"},\"query-input\":\"required name=search_term_string\"}],\"inLanguage\":\"fr-FR\"}]}<\/script>\n<!-- \/ Yoast SEO plugin. -->","yoast_head_json":{"title":"reservation directe -","robots":{"index":"index","follow":"follow","max-snippet":"max-snippet:-1","max-image-preview":"max-image-preview:large","max-video-preview":"max-video-preview:-1"},"canonical":"https:\/\/hotelreimar.com\/fr\/reserva-directa\/","og_locale":"fr_FR","og_type":"article","og_title":"reservation directe -","og_description":"[vc_row][vc_column width=\u00a0\u00bb5\/12&Prime;][vc_empty_space height=\u00a0\u00bb120px\u00a0\u00bb][vc_column_text size=\u00a0\u00bb0&Prime;] DES DOUTES SI VOUS R\u00c9SERVEZ DIRECTEMENT SUR LE SITE DE L&rsquo;H\u00d4TEL OU DES AUTRES SITES? [\/vc_column_text][vc_single_image image=\u00a0\u00bb5107&Prime; img_size=\u00a0\u00bbmedium\u00a0\u00bb alignment=\u00a0\u00bbcenter\u00a0\u00bb][vc_column_text size=\u00a0\u00bb0&Prime;] VOICI LES AVANTAGES DE RESERVER DIRECTEMENT AVEC NOUS [\/vc_column_text][\/vc_column][vc_column width=\u00a0\u00bb7\/12&Prime;][vc_empty_space height=\u00a0\u00bb120px\u00a0\u00bb][vc_row_inner][vc_column_inner width=\u00a0\u00bb1\/4&Prime;][vc_single_image image=\u00a0\u00bb1213&Prime; img_size=\u00a0\u00bb100&#215;100&Prime; alignment=\u00a0\u00bbcenter\u00a0\u00bb][\/vc_column_inner][vc_column_inner width=\u00a0\u00bb3\/4&Prime;][vc_column_text size=\u00a0\u00bb0&Prime;] MEILLEUR PRIX GARANTI Si vous trouvez un meilleur prix, nous l&rsquo;\u00e9galerons[\/vc_column_text][\/vc_column_inner][\/vc_row_inner][vc_row_inner][vc_column_inner width=\u00a0\u00bb1\/4&Prime;][vc_single_image image=\u00a0\u00bb1227&Prime; img_size=\u00a0\u00bb100&#215;100&Prime;...","og_url":"https:\/\/hotelreimar.com\/fr\/reserva-directa\/","article_modified_time":"2024-09-13T10:52:52+00:00","twitter_card":"summary_large_image","twitter_misc":{"Dur\u00e9e de lecture estim\u00e9e":"2 minutes"},"schema":{"@context":"https:\/\/schema.org","@graph":[{"@type":"WebPage","@id":"https:\/\/hotelreimar.com\/fr\/reserva-directa\/","url":"https:\/\/hotelreimar.com\/fr\/reserva-directa\/","name":"reservation directe -","isPartOf":{"@id":"https:\/\/hotelreimar.com\/#website"},"datePublished":"2021-02-23T05:11:10+00:00","dateModified":"2024-09-13T10:52:52+00:00","breadcrumb":{"@id":"https:\/\/hotelreimar.com\/fr\/reserva-directa\/#breadcrumb"},"inLanguage":"fr-FR","potentialAction":[{"@type":"ReadAction","target":["https:\/\/hotelreimar.com\/fr\/reserva-directa\/"]}]},{"@type":"BreadcrumbList","@id":"https:\/\/hotelreimar.com\/fr\/reserva-directa\/#breadcrumb","itemListElement":[{"@type":"ListItem","position":1,"name":"Inici","item":"https:\/\/hotelreimar.com\/fr\/"},{"@type":"ListItem","position":2,"name":"reservation directe"}]},{"@type":"WebSite","@id":"https:\/\/hotelreimar.com\/#website","url":"https:\/\/hotelreimar.com\/","name":"","description":"","potentialAction":[{"@type":"SearchAction","target":{"@type":"EntryPoint","urlTemplate":"https:\/\/hotelreimar.com\/?s={search_term_string}"},"query-input":"required name=search_term_string"}],"inLanguage":"fr-FR"}]}},"_links":{"self":[{"href":"https:\/\/hotelreimar.com\/fr\/wp-json\/wp\/v2\/pages\/4728"}],"collection":[{"href":"https:\/\/hotelreimar.com\/fr\/wp-json\/wp\/v2\/pages"}],"about":[{"href":"https:\/\/hotelreimar.com\/fr\/wp-json\/wp\/v2\/types\/page"}],"author":[{"embeddable":true,"href":"https:\/\/hotelreimar.com\/fr\/wp-json\/wp\/v2\/users\/1"}],"replies":[{"embeddable":true,"href":"https:\/\/hotelreimar.com\/fr\/wp-json\/wp\/v2\/comments?post=4728"}],"version-history":[{"count":6,"href":"https:\/\/hotelreimar.com\/fr\/wp-json\/wp\/v2\/pages\/4728\/revisions"}],"predecessor-version":[{"id":5602,"href":"https:\/\/hotelreimar.com\/fr\/wp-json\/wp\/v2\/pages\/4728\/revisions\/5602"}],"wp:attachment":[{"href":"https:\/\/hotelreimar.com\/fr\/wp-json\/wp\/v2\/media?parent=4728"}],"curies":[{"name":"wp","href":"https:\/\/api.w.org\/{rel}","templated":true}]}}