{"id":4371,"date":"2021-02-22T15:18:49","date_gmt":"2021-02-22T15:18:49","guid":{"rendered":"https:\/\/hotelreimar.com\/?page_id=4371"},"modified":"2021-06-09T09:48:21","modified_gmt":"2021-06-09T09:48:21","slug":"residences-2","status":"publish","type":"page","link":"https:\/\/hotelreimar.com\/fr\/residences-2\/","title":{"rendered":"R\u00e9sidences"},"content":{"rendered":"<p>[vc_row full_width=\u00a0\u00bbstretch_row\u00a0\u00bb css=\u00a0\u00bb.vc_custom_1486753874620{background-color: #bfbfbf !important;}\u00a0\u00bb][vc_column][vc_empty_space][vc_empty_space][\/vc_column][\/vc_row][vc_row full_width=\u00a0\u00bbstretch_row\u00a0\u00bb css=\u00a0\u00bb.vc_custom_1486753874620{background-color: #bfbfbf !important;}\u00a0\u00bb][vc_column][vc_column_text size=\u00a0\u00bb0&Prime;]<\/p>\n<h2 style=\"text-align: center;\">Quels sont R\u00e9sidences<\/h2>\n<p>R\u00e9sidence signifie un h\u00e9bergement \u00e0 mi-chemin entre un h\u00f4tel et un appartement. Si vous voulez que le confort et les services d&rsquo;un h\u00f4tel, mais ayant un espace comparable \u00e0 une maison. R\u00e9pondrait \u00e0 la tendance actuelle qui vise Voyage \u00eatre \u00e0 la maison tout en d\u00e9couvrant et de d\u00e9couvrir de nouveaux endroits.<\/p>\n<h2 style=\"text-align: center;\">R\u00e9sidences Reimar<\/h2>\n<p>Reimar R\u00e9sidences propose un h\u00e9bergement de qualit\u00e9 d\u00e9cor\u00e9e avec finitions de haute qualit\u00e9 \u00e0 la recherche d&rsquo;un d\u00e9cor r\u00e9tro ann\u00e9es 60.[\/vc_column_text][\/vc_column][\/vc_row][vc_row][vc_column width=\u00a0\u00bb1\/2&Prime;][vc_hoverbox image=\u00a0\u00bb4641&Prime; primary_title=\u00a0\u00bb\u00a0\u00bb hover_title=\u00a0\u00bb\u00a0\u00bb][vc_gallery interval=\u00a0\u00bb3&Prime; images=\u00a0\u00bb1675,1676,1677,1685,1678,1679,1680,1681,1682,1683,1686,1687,1684,1688,1671,1309&Prime; img_size=\u00a0\u00bb570&#215;342&Prime;]<\/p>\n<p>Splendide logement, tout neuf et meubl\u00e9 dans le style des ann\u00e9es 60 avec vue sur la mer.<\/p>\n<p>Caract\u00e9ristiques: 4 chambres doubles, 3 salles de bains, salon, cuisine-salle \u00e0 manger avec kitchenette enti\u00e8rement \u00e9quip\u00e9e. 2 terrasses avec vue spectaculaire sur la mer et la crique et Cam\u00ed de Ronda, coffre-fort, climatisation, \u00e9quipement audio Bluetooth, TV, t\u00e9l\u00e9phone, wi-fi<\/p>\n<p>115 m2 utiles plus 57 m2 de terrasse[\/vc_hoverbox][\/vc_column][vc_column width=\u00a0\u00bb1\/2&Prime;][vc_hoverbox image=\u00a0\u00bb4627&Prime; primary_title=\u00a0\u00bb\u00a0\u00bb hover_title=\u00a0\u00bb\u00a0\u00bb][vc_gallery interval=\u00a0\u00bb3&Prime; images=\u00a0\u00bb1685,1675,1676,1678,1677,1683,1679,1682,1690,1684,1691,1310,1312,3240,3236,3232,3228,3224,3220,3216,3212,3208,3204,3200,3196,3192&Prime; img_size=\u00a0\u00bb570&#215;342&Prime;]<\/p>\n<p>Splendide logement, tout neuf et meubl\u00e9 dans le style des ann\u00e9es 60 avec vue sur la mer.<\/p>\n<p>Caract\u00e9ristiques: 3 chambres doubles, 2 salles de bains, salon, cuisine-salle \u00e0 manger avec kitchenette enti\u00e8rement \u00e9quip\u00e9e. Terrasse avec vue spectaculaire sur la mer, dans la baie de Palam\u00f3s et Cam\u00ed de Ronda, coffre-fort, climatisation, \u00e9quipement audio Bluetooth, TV, t\u00e9l\u00e9phone, wi-fi<\/p>\n<p>97 m2 utiles plus 26 m2 de terrasse[\/vc_hoverbox][\/vc_column][\/vc_row][vc_row][vc_column][vc_empty_space height=\u00a0\u00bb62px\u00a0\u00bb][\/vc_column][\/vc_row][vc_row][vc_column width=\u00a0\u00bb1\/2&Prime;][vc_hoverbox image=\u00a0\u00bb4637&Prime; primary_title=\u00a0\u00bb\u00a0\u00bb hover_title=\u00a0\u00bb\u00a0\u00bb][vc_gallery interval=\u00a0\u00bb3&Prime; images=\u00a0\u00bb1667,1669,1668,1670,1666,1671,1672,1673,1307,1306,1311,1305,1303,1313&Prime; img_size=\u00a0\u00bb570&#215;342&Prime;]<\/p>\n<p>Splendide logement, tout neuf et meubl\u00e9 dans le style des ann\u00e9es 60 avec vue sur la mer.<\/p>\n<p>Caract\u00e9ristiques: 2 chambres doubles, 2 salles de bains, salon, cuisine-salle \u00e0 manger avec kitchenette enti\u00e8rement \u00e9quip\u00e9e. Terrasse avec vue spectaculaire sur la baie de Palam\u00f3s et Cam\u00ed de Ronda, coffre-fort, climatisation, TV, t\u00e9l\u00e9phone, wi-fi<\/p>\n<p>50 m2 utiles plus 13 m2 de terrasse[\/vc_hoverbox][\/vc_column][vc_column width=\u00a0\u00bb1\/2&Prime;][vc_hoverbox image=\u00a0\u00bb4633&Prime; primary_title=\u00a0\u00bb\u00a0\u00bb hover_title=\u00a0\u00bb\u00a0\u00bb][vc_gallery interval=\u00a0\u00bb3&Prime; images=\u00a0\u00bb3045,3041,3037,3033,3029,3025,3021,3017,3013,3009&Prime; img_size=\u00a0\u00bb570&#215;342&Prime;]<\/p>\n<p>Splendide logement, tout neuf et meubl\u00e9 dans le style des ann\u00e9es 60 avec vue sur la mer.<\/p>\n<p>Caract\u00e9ristiques: Spacieux studio d&rsquo;une pi\u00e8ce avec cuisine-salle \u00e0 manger avec kitchenette enti\u00e8rement \u00e9quip\u00e9e. 2 terrasses avec vue spectaculaire sur la baie de Palam\u00f3s et Cam\u00ed de Ronda, coffre-fort, climatisation, TV, t\u00e9l\u00e9phone, wi-fi<\/p>\n<p>Superficie: 45 m2 utiles plus 15 m2 de terrasse[\/vc_hoverbox][\/vc_column][\/vc_row]<\/p>\n","protected":false},"excerpt":{"rendered":"<p>[vc_row full_width=\u00a0\u00bbstretch_row\u00a0\u00bb css=\u00a0\u00bb.vc_custom_1486753874620{background-color: #bfbfbf !important;}\u00a0\u00bb][vc_column][vc_empty_space][vc_empty_space][\/vc_column][\/vc_row][vc_row full_width=\u00a0\u00bbstretch_row\u00a0\u00bb css=\u00a0\u00bb.vc_custom_1486753874620{background-color: #bfbfbf !important;}\u00a0\u00bb][vc_column][vc_column_text size=\u00a0\u00bb0&Prime;] Quels sont R\u00e9sidences R\u00e9sidence signifie un h\u00e9bergement \u00e0 mi-chemin entre un h\u00f4tel et un appartement. Si vous voulez que le confort et les services d&rsquo;un h\u00f4tel, mais ayant un espace comparable \u00e0 une maison. R\u00e9pondrait \u00e0 la tendance actuelle qui vise Voyage \u00eatre \u00e0 la&#8230;<\/p>\n","protected":false},"author":1,"featured_media":0,"parent":0,"menu_order":0,"comment_status":"closed","ping_status":"closed","template":"","meta":{"footnotes":""},"yoast_head":"<!-- This site is optimized with the Yoast SEO plugin v22.4 - https:\/\/yoast.com\/wordpress\/plugins\/seo\/ -->\n<title>Hotel Reimar - Sant Antoni de Calonge Costa Brava - Residences<\/title>\n<meta name=\"description\" content=\"Residence disposa d&#039;espl\u00e8ndids apartaments totalment nous i de gran qualitat, grans terrasses i fabuloses vistes al mar.\" \/>\n<meta name=\"robots\" content=\"index, follow, max-snippet:-1, max-image-preview:large, max-video-preview:-1\" \/>\n<link rel=\"canonical\" href=\"https:\/\/hotelreimar.com\/fr\/residences-2\/\" \/>\n<meta property=\"og:locale\" content=\"fr_FR\" \/>\n<meta property=\"og:type\" content=\"article\" \/>\n<meta property=\"og:title\" content=\"Hotel Reimar - Sant Antoni de Calonge Costa Brava - Residences\" \/>\n<meta property=\"og:description\" content=\"Residence disposa d&#039;espl\u00e8ndids apartaments totalment nous i de gran qualitat, grans terrasses i fabuloses vistes al mar.\" \/>\n<meta property=\"og:url\" content=\"https:\/\/hotelreimar.com\/fr\/residences-2\/\" \/>\n<meta property=\"article:modified_time\" content=\"2021-06-09T09:48:21+00:00\" \/>\n<meta name=\"twitter:card\" content=\"summary_large_image\" \/>\n<meta name=\"twitter:label1\" content=\"Dur\u00e9e de lecture estim\u00e9e\" \/>\n\t<meta name=\"twitter:data1\" content=\"2 minutes\" \/>\n<script type=\"application\/ld+json\" class=\"yoast-schema-graph\">{\"@context\":\"https:\/\/schema.org\",\"@graph\":[{\"@type\":\"WebPage\",\"@id\":\"https:\/\/hotelreimar.com\/fr\/residences-2\/\",\"url\":\"https:\/\/hotelreimar.com\/fr\/residences-2\/\",\"name\":\"Hotel Reimar - Sant Antoni de Calonge Costa Brava - Residences\",\"isPartOf\":{\"@id\":\"https:\/\/hotelreimar.com\/#website\"},\"datePublished\":\"2021-02-22T15:18:49+00:00\",\"dateModified\":\"2021-06-09T09:48:21+00:00\",\"description\":\"Residence disposa d'espl\u00e8ndids apartaments totalment nous i de gran qualitat, grans terrasses i fabuloses vistes al mar.\",\"breadcrumb\":{\"@id\":\"https:\/\/hotelreimar.com\/fr\/residences-2\/#breadcrumb\"},\"inLanguage\":\"fr-FR\",\"potentialAction\":[{\"@type\":\"ReadAction\",\"target\":[\"https:\/\/hotelreimar.com\/fr\/residences-2\/\"]}]},{\"@type\":\"BreadcrumbList\",\"@id\":\"https:\/\/hotelreimar.com\/fr\/residences-2\/#breadcrumb\",\"itemListElement\":[{\"@type\":\"ListItem\",\"position\":1,\"name\":\"Inici\",\"item\":\"https:\/\/hotelreimar.com\/fr\/\"},{\"@type\":\"ListItem\",\"position\":2,\"name\":\"R\u00e9sidences\"}]},{\"@type\":\"WebSite\",\"@id\":\"https:\/\/hotelreimar.com\/#website\",\"url\":\"https:\/\/hotelreimar.com\/\",\"name\":\"\",\"description\":\"\",\"potentialAction\":[{\"@type\":\"SearchAction\",\"target\":{\"@type\":\"EntryPoint\",\"urlTemplate\":\"https:\/\/hotelreimar.com\/?s={search_term_string}\"},\"query-input\":\"required name=search_term_string\"}],\"inLanguage\":\"fr-FR\"}]}<\/script>\n<!-- \/ Yoast SEO plugin. -->","yoast_head_json":{"title":"Hotel Reimar - Sant Antoni de Calonge Costa Brava - Residences","description":"Residence disposa d'espl\u00e8ndids apartaments totalment nous i de gran qualitat, grans terrasses i fabuloses vistes al mar.","robots":{"index":"index","follow":"follow","max-snippet":"max-snippet:-1","max-image-preview":"max-image-preview:large","max-video-preview":"max-video-preview:-1"},"canonical":"https:\/\/hotelreimar.com\/fr\/residences-2\/","og_locale":"fr_FR","og_type":"article","og_title":"Hotel Reimar - Sant Antoni de Calonge Costa Brava - Residences","og_description":"Residence disposa d'espl\u00e8ndids apartaments totalment nous i de gran qualitat, grans terrasses i fabuloses vistes al mar.","og_url":"https:\/\/hotelreimar.com\/fr\/residences-2\/","article_modified_time":"2021-06-09T09:48:21+00:00","twitter_card":"summary_large_image","twitter_misc":{"Dur\u00e9e de lecture estim\u00e9e":"2 minutes"},"schema":{"@context":"https:\/\/schema.org","@graph":[{"@type":"WebPage","@id":"https:\/\/hotelreimar.com\/fr\/residences-2\/","url":"https:\/\/hotelreimar.com\/fr\/residences-2\/","name":"Hotel Reimar - Sant Antoni de Calonge Costa Brava - Residences","isPartOf":{"@id":"https:\/\/hotelreimar.com\/#website"},"datePublished":"2021-02-22T15:18:49+00:00","dateModified":"2021-06-09T09:48:21+00:00","description":"Residence disposa d'espl\u00e8ndids apartaments totalment nous i de gran qualitat, grans terrasses i fabuloses vistes al mar.","breadcrumb":{"@id":"https:\/\/hotelreimar.com\/fr\/residences-2\/#breadcrumb"},"inLanguage":"fr-FR","potentialAction":[{"@type":"ReadAction","target":["https:\/\/hotelreimar.com\/fr\/residences-2\/"]}]},{"@type":"BreadcrumbList","@id":"https:\/\/hotelreimar.com\/fr\/residences-2\/#breadcrumb","itemListElement":[{"@type":"ListItem","position":1,"name":"Inici","item":"https:\/\/hotelreimar.com\/fr\/"},{"@type":"ListItem","position":2,"name":"R\u00e9sidences"}]},{"@type":"WebSite","@id":"https:\/\/hotelreimar.com\/#website","url":"https:\/\/hotelreimar.com\/","name":"","description":"","potentialAction":[{"@type":"SearchAction","target":{"@type":"EntryPoint","urlTemplate":"https:\/\/hotelreimar.com\/?s={search_term_string}"},"query-input":"required name=search_term_string"}],"inLanguage":"fr-FR"}]}},"_links":{"self":[{"href":"https:\/\/hotelreimar.com\/fr\/wp-json\/wp\/v2\/pages\/4371"}],"collection":[{"href":"https:\/\/hotelreimar.com\/fr\/wp-json\/wp\/v2\/pages"}],"about":[{"href":"https:\/\/hotelreimar.com\/fr\/wp-json\/wp\/v2\/types\/page"}],"author":[{"embeddable":true,"href":"https:\/\/hotelreimar.com\/fr\/wp-json\/wp\/v2\/users\/1"}],"replies":[{"embeddable":true,"href":"https:\/\/hotelreimar.com\/fr\/wp-json\/wp\/v2\/comments?post=4371"}],"version-history":[{"count":14,"href":"https:\/\/hotelreimar.com\/fr\/wp-json\/wp\/v2\/pages\/4371\/revisions"}],"predecessor-version":[{"id":5463,"href":"https:\/\/hotelreimar.com\/fr\/wp-json\/wp\/v2\/pages\/4371\/revisions\/5463"}],"wp:attachment":[{"href":"https:\/\/hotelreimar.com\/fr\/wp-json\/wp\/v2\/media?parent=4371"}],"curies":[{"name":"wp","href":"https:\/\/api.w.org\/{rel}","templated":true}]}}