{"id":4070,"date":"2021-02-20T18:37:45","date_gmt":"2021-02-20T18:37:45","guid":{"rendered":"https:\/\/hotelreimar.com\/?page_id=4070"},"modified":"2021-05-31T14:31:12","modified_gmt":"2021-05-31T14:31:12","slug":"chambres-2","status":"publish","type":"page","link":"https:\/\/hotelreimar.com\/fr\/chambres-2\/","title":{"rendered":"Chambres"},"content":{"rendered":"<p>[vc_row full_width=\u00a0\u00bbstretch_row\u00a0\u00bb css=\u00a0\u00bb.vc_custom_1486753874620{background-color: #bfbfbf !important;}\u00a0\u00bb][vc_column][vc_empty_space][vc_empty_space][\/vc_column][\/vc_row][vc_row full_width=\u00a0\u00bbstretch_row\u00a0\u00bb css=\u00a0\u00bb.vc_custom_1486753874620{background-color: #bfbfbf !important;}\u00a0\u00bb][vc_column width=\u00a0\u00bb1\/3&Prime;][vc_hoverbox image=\u00a0\u00bb4445&Prime; primary_title=\u00a0\u00bb\u00a0\u00bb hover_title=\u00a0\u00bb\u00a0\u00bb css_animation=\u00a0\u00bbflipInX\u00a0\u00bb][vc_gallery interval=\u00a0\u00bb3&Prime; images=\u00a0\u00bb3892,1006,2957,4024,4028&Prime; img_size=\u00a0\u00bb570&#215;342&Prime;]<\/p>\n<p>18 m2<br \/>\nTerrasse avec vue mer et piscine<br \/>\n2 lits s\u00e9par\u00e9s ou lit double<br \/>\nCanap\u00e9-lit suppl\u00e9mentaire (jusqu&rsquo;\u00e0 3 personnes)<br \/>\nSalle de bain avec douche ou baignoire<br \/>\nClimatisation<br \/>\nT\u00e9l\u00e9vision LCD 32\u2032<br \/>\nWi-fi et t\u00e9l\u00e9phone<br \/>\nMini frigo<br \/>\nCoffre-fort[\/vc_hoverbox][\/vc_column][vc_column width=\u00a0\u00bb1\/3&Prime;][vc_hoverbox image=\u00a0\u00bb5274&Prime; primary_title=\u00a0\u00bb\u00a0\u00bb hover_title=\u00a0\u00bb\u00a0\u00bb css_animation=\u00a0\u00bbflipInX\u00a0\u00bb][vc_gallery interval=\u00a0\u00bb3&Prime; images=\u00a0\u00bb5175,5179,5183,5187,5191,5195,5199,3928&Prime; img_size=\u00a0\u00bb570&#215;342&Prime;]<\/p>\n<p>Entre 16 m2 et 18 m2<br \/>\nTerrasse avec vue frontale sur la mer<br \/>\n2 lits s\u00e9par\u00e9s ou lit double<br \/>\nJusqu&rsquo;\u00e0 3 personnes avec lit suppl\u00e9mentaire<br \/>\nSalle de bain avec douche ou baignoire<br \/>\nClimatisation<br \/>\nT\u00e9l\u00e9vision LCD 42\u2032<br \/>\nWi-fi et t\u00e9l\u00e9phone<br \/>\nMini r\u00e9frig\u00e9rateur, coffre-fort, bureau<br \/>\nConnexion internet jusque 600 Mbit[\/vc_hoverbox][\/vc_column][vc_column width=\u00a0\u00bb1\/3&Prime;][vc_hoverbox image=\u00a0\u00bb5291&Prime; primary_title=\u00a0\u00bb\u00a0\u00bb hover_title=\u00a0\u00bb\u00a0\u00bb css_animation=\u00a0\u00bbflipInX\u00a0\u00bb][vc_gallery interval=\u00a0\u00bb3&Prime; images=\u00a0\u00bb4034&Prime; img_size=\u00a0\u00bb570&#215;342&Prime;]<\/p>\n<p>14 m2<br \/>\nTerrasse avec vue frontale sur la mer<br \/>\nLit double (maximum 2 personnes)<br \/>\nSalle de bain avec douche<br \/>\nClimatisation<br \/>\nT\u00e9l\u00e9vision LCD 32\u2032<br \/>\nWifi<br \/>\nT\u00e9l\u00e9phone<br \/>\nMini frigo<br \/>\nCoffre-fort[\/vc_hoverbox][\/vc_column][\/vc_row][vc_row full_width=\u00a0\u00bbstretch_row\u00a0\u00bb css=\u00a0\u00bb.vc_custom_1486753874620{background-color: #bfbfbf !important;}\u00a0\u00bb][vc_column width=\u00a0\u00bb1\/3&Prime;][vc_hoverbox image=\u00a0\u00bb4202&Prime; primary_title=\u00a0\u00bb\u00a0\u00bb hover_title=\u00a0\u00bb\u00a0\u00bb css_animation=\u00a0\u00bbflipInX\u00a0\u00bb][vc_gallery interval=\u00a0\u00bb3&Prime; images=\u00a0\u00bb3576,3304,3800,3984,1650&Prime; img_size=\u00a0\u00bb570&#215;342&Prime;]<\/p>\n<p>Entre 14 m2 et 18 m2<br \/>\nTerrasse<br \/>\n2 lits s\u00e9par\u00e9s ou lit double<br \/>\nJusqu&rsquo;\u00e0 3 personnes avec lit suppl\u00e9mentaire<br \/>\nSalle de bain avec douche ou baignoire<br \/>\nClimatisation<br \/>\nTV LCD 26\u2032 \u00e0 32\u2032<br \/>\nWi-fi et t\u00e9l\u00e9phone<br \/>\nMini frigo<br \/>\nCoffre-fort<br \/>\n.[\/vc_hoverbox][\/vc_column][vc_column width=\u00a0\u00bb1\/3&Prime;][vc_hoverbox image=\u00a0\u00bb5270&Prime; primary_title=\u00a0\u00bb\u00a0\u00bb hover_title=\u00a0\u00bb\u00a0\u00bb css_animation=\u00a0\u00bbflipInX\u00a0\u00bb][vc_gallery interval=\u00a0\u00bb3&Prime; images=\u00a0\u00bb5223,5227,5231,3768,3780,5235,5239,5171&Prime; img_size=\u00a0\u00bb570&#215;342&Prime;]<\/p>\n<p>25 m2<br \/>\nTerrasse avec vue partielle sur la mer<br \/>\nLit double ou deux lits et canap\u00e9-lit (maximum 5 personnes)<br \/>\nSalle de bain avec baignoire<br \/>\nClimatisation<br \/>\nT\u00e9l\u00e9vision LCD 42 \u2032<br \/>\nWi-fi et t\u00e9l\u00e9phone, coffre-fort, mini-r\u00e9frig\u00e9rateur<br \/>\nMachine \u00e0 caf\u00e9 Nespresso et micro-ondes avec grill<br \/>\nConnexion r\u00e9seau jusqu&rsquo;\u00e0 600 Mbits[\/vc_hoverbox][\/vc_column][vc_column width=\u00a0\u00bb1\/3&Prime;][vc_hoverbox image=\u00a0\u00bb4429&Prime; primary_title=\u00a0\u00bb\u00a0\u00bb hover_title=\u00a0\u00bb\u00a0\u00bb css_animation=\u00a0\u00bbflipInX\u00a0\u00bb][vc_gallery interval=\u00a0\u00bb3&Prime; images=\u00a0\u00bb3468,3464,3456,3452,3344,3336,3332,3328,3284,3280,3276,3272,3268&Prime; img_size=\u00a0\u00bb570&#215;342&Prime;]<\/p>\n<p>25 m2<br \/>\nTerrasse<br \/>\nLits doubles ou deux lits s\u00e9par\u00e9s plus deux fauteuils transformables en lits<br \/>\nMaximum 5 personnes<br \/>\nSalle de bain avec douche<br \/>\nClimatisation<br \/>\n2 t\u00e9l\u00e9viseurs LCD de 42&prime; et 32&prime;<br \/>\nWi-fi et t\u00e9l\u00e9phone, coffre-fort, mini-r\u00e9frig\u00e9rateur<br \/>\nMachine \u00e0 caf\u00e9 Nespresso et micro-ondes avec grill[\/vc_hoverbox][\/vc_column][\/vc_row][vc_row full_width=\u00a0\u00bbstretch_row\u00a0\u00bb css=\u00a0\u00bb.vc_custom_1486753874620{background-color: #bfbfbf !important;}\u00a0\u00bb][vc_column width=\u00a0\u00bb1\/3&Prime;][vc_hoverbox image=\u00a0\u00bb4236&Prime; primary_title=\u00a0\u00bb\u00a0\u00bb hover_title=\u00a0\u00bb\u00a0\u00bb css_animation=\u00a0\u00bbflipInX\u00a0\u00bb][vc_gallery interval=\u00a0\u00bb3&Prime; images=\u00a0\u00bb3264,3260,3268,3728&Prime; img_size=\u00a0\u00bb570&#215;342&Prime;]<\/p>\n<p>23 m2<br \/>\nGrand patio priv\u00e9 d&rsquo;environ 15-25 m2<br \/>\nLit double ou 2 lits s\u00e9par\u00e9s et canap\u00e9 en lin ou troisi\u00e8me lit (maximum 4 personnes)<br \/>\nSalle de bain avec douche ou baignoire<br \/>\nClimatisation<br \/>\nT\u00e9l\u00e9vision LCD 32\u2032<br \/>\nWi-fi et t\u00e9l\u00e9phone<br \/>\nCoffre-fort<br \/>\nMini frigo[\/vc_hoverbox][\/vc_column][vc_column width=\u00a0\u00bb1\/3&Prime;][vc_hoverbox image=\u00a0\u00bb4437&Prime; primary_title=\u00a0\u00bb\u00a0\u00bb hover_title=\u00a0\u00bb\u00a0\u00bb css_animation=\u00a0\u00bbflipInX\u00a0\u00bb][vc_gallery interval=\u00a0\u00bb3&Prime; images=\u00a0\u00bb3976,3972&Prime; img_size=\u00a0\u00bb570&#215;342&Prime;]<\/p>\n<p>16 m2<br \/>\nExt\u00e9rieur<br \/>\nLit double ou 2 lits s\u00e9par\u00e9s<br \/>\nSalle de bain avec douche ou baignoire<br \/>\nClimatisation<br \/>\nT\u00e9l\u00e9viseur LCD de 22&prime; \u00e0 32&prime;<br \/>\nWi-fi et t\u00e9l\u00e9phone<br \/>\nCoffre-fort<br \/>\nMini frigo<br \/>\n.[\/vc_hoverbox][\/vc_column][vc_column width=\u00a0\u00bb1\/3&Prime;][vc_hoverbox image=\u00a0\u00bb4425&Prime; primary_title=\u00a0\u00bb\u00a0\u00bb hover_title=\u00a0\u00bb\u00a0\u00bb css_animation=\u00a0\u00bbflipInX\u00a0\u00bb][vc_gallery interval=\u00a0\u00bb3&Prime; images=\u00a0\u00bb3828,3824,3836,3816&Prime; img_size=\u00a0\u00bb570&#215;342&Prime;]<\/p>\n<p>13 m2<br \/>\nExt\u00e9rieur<br \/>\nLit double (maximum 2 personnes)<br \/>\nSalle de bain avec baignoire<br \/>\nClimatisation<br \/>\nT\u00e9l\u00e9vision LCD 22\u2032<br \/>\nWi-fi et t\u00e9l\u00e9phone<br \/>\nCoffre-fort<br \/>\nMini frigo<br \/>\n.[\/vc_hoverbox][\/vc_column][\/vc_row][vc_row full_width=\u00a0\u00bbstretch_row\u00a0\u00bb css=\u00a0\u00bb.vc_custom_1486753874620{background-color: #bfbfbf !important;}\u00a0\u00bb][vc_column width=\u00a0\u00bb1\/3&Prime;][\/vc_column][vc_column width=\u00a0\u00bb1\/3&Prime;][vc_hoverbox image=\u00a0\u00bb4441&Prime; primary_title=\u00a0\u00bb\u00a0\u00bb hover_title=\u00a0\u00bb\u00a0\u00bb css_animation=\u00a0\u00bbflipInX\u00a0\u00bb][vc_gallery interval=\u00a0\u00bb3&Prime; images=\u00a0\u00bb4555,4559&Prime; img_size=\u00a0\u00bb570&#215;342&Prime;]<\/p>\n<p>8 m2<br \/>\nExt\u00e9rieur<br \/>\nLit 90 x 1,90<br \/>\nMaximum 1 personne<br \/>\nSalle de bain avec douche<br \/>\nClimatisation<br \/>\nT\u00e9l\u00e9vision LCD 22 \u2032<br \/>\nWi-fi et t\u00e9l\u00e9phone<br \/>\nCoffre-fort[\/vc_hoverbox][\/vc_column][vc_column width=\u00a0\u00bb1\/3&Prime;][\/vc_column][\/vc_row][vc_row full_width=\u00a0\u00bbstretch_row\u00a0\u00bb css=\u00a0\u00bb.vc_custom_1486753874620{background-color: #bfbfbf !important;}\u00a0\u00bb][vc_column][vc_empty_space][vc_empty_space][\/vc_column][\/vc_row]<\/p>\n","protected":false},"excerpt":{"rendered":"<p>[vc_row full_width=\u00a0\u00bbstretch_row\u00a0\u00bb css=\u00a0\u00bb.vc_custom_1486753874620{background-color: #bfbfbf !important;}\u00a0\u00bb][vc_column][vc_empty_space][vc_empty_space][\/vc_column][\/vc_row][vc_row full_width=\u00a0\u00bbstretch_row\u00a0\u00bb css=\u00a0\u00bb.vc_custom_1486753874620{background-color: #bfbfbf !important;}\u00a0\u00bb][vc_column width=\u00a0\u00bb1\/3&Prime;][vc_hoverbox image=\u00a0\u00bb4445&Prime; primary_title=\u00a0\u00bb\u00a0\u00bb hover_title=\u00a0\u00bb\u00a0\u00bb css_animation=\u00a0\u00bbflipInX\u00a0\u00bb][vc_gallery interval=\u00a0\u00bb3&Prime; images=\u00a0\u00bb3892,1006,2957,4024,4028&Prime; img_size=\u00a0\u00bb570&#215;342&Prime;] 18 m2 Terrasse avec vue mer et piscine 2 lits s\u00e9par\u00e9s ou lit double Canap\u00e9-lit suppl\u00e9mentaire (jusqu&rsquo;\u00e0 3 personnes) Salle de bain avec douche ou baignoire Climatisation T\u00e9l\u00e9vision LCD 32\u2032 Wi-fi et t\u00e9l\u00e9phone Mini frigo Coffre-fort[\/vc_hoverbox][\/vc_column][vc_column width=\u00a0\u00bb1\/3&Prime;][vc_hoverbox image=\u00a0\u00bb5274&Prime;&#8230;<\/p>\n","protected":false},"author":1,"featured_media":0,"parent":0,"menu_order":0,"comment_status":"closed","ping_status":"closed","template":"","meta":{"footnotes":""},"yoast_head":"<!-- This site is optimized with the Yoast SEO plugin v22.4 - https:\/\/yoast.com\/wordpress\/plugins\/seo\/ -->\n<title>Chambres - H\u00f4tel Reimar - Costa Brava<\/title>\n<meta name=\"description\" content=\"Chambres avec terrasses et une vue magnifique sur la mer. Pr\u00e8s de Camino de Ronda.\" \/>\n<meta name=\"robots\" content=\"index, follow, max-snippet:-1, max-image-preview:large, max-video-preview:-1\" \/>\n<link rel=\"canonical\" href=\"https:\/\/hotelreimar.com\/fr\/chambres-2\/\" \/>\n<meta property=\"og:locale\" content=\"fr_FR\" \/>\n<meta property=\"og:type\" content=\"article\" \/>\n<meta property=\"og:title\" content=\"Chambres - H\u00f4tel Reimar - Costa Brava\" \/>\n<meta property=\"og:description\" content=\"Chambres avec terrasses et une vue magnifique sur la mer. Pr\u00e8s de Camino de Ronda.\" \/>\n<meta property=\"og:url\" content=\"https:\/\/hotelreimar.com\/fr\/chambres-2\/\" \/>\n<meta property=\"article:modified_time\" content=\"2021-05-31T14:31:12+00:00\" \/>\n<meta name=\"twitter:card\" content=\"summary_large_image\" \/>\n<meta name=\"twitter:label1\" content=\"Dur\u00e9e de lecture estim\u00e9e\" \/>\n\t<meta name=\"twitter:data1\" content=\"3 minutes\" \/>\n<script type=\"application\/ld+json\" class=\"yoast-schema-graph\">{\"@context\":\"https:\/\/schema.org\",\"@graph\":[{\"@type\":\"WebPage\",\"@id\":\"https:\/\/hotelreimar.com\/fr\/chambres-2\/\",\"url\":\"https:\/\/hotelreimar.com\/fr\/chambres-2\/\",\"name\":\"Chambres - H\u00f4tel Reimar - Costa Brava\",\"isPartOf\":{\"@id\":\"https:\/\/hotelreimar.com\/#website\"},\"datePublished\":\"2021-02-20T18:37:45+00:00\",\"dateModified\":\"2021-05-31T14:31:12+00:00\",\"description\":\"Chambres avec terrasses et une vue magnifique sur la mer. Pr\u00e8s de Camino de Ronda.\",\"breadcrumb\":{\"@id\":\"https:\/\/hotelreimar.com\/fr\/chambres-2\/#breadcrumb\"},\"inLanguage\":\"fr-FR\",\"potentialAction\":[{\"@type\":\"ReadAction\",\"target\":[\"https:\/\/hotelreimar.com\/fr\/chambres-2\/\"]}]},{\"@type\":\"BreadcrumbList\",\"@id\":\"https:\/\/hotelreimar.com\/fr\/chambres-2\/#breadcrumb\",\"itemListElement\":[{\"@type\":\"ListItem\",\"position\":1,\"name\":\"Inici\",\"item\":\"https:\/\/hotelreimar.com\/fr\/\"},{\"@type\":\"ListItem\",\"position\":2,\"name\":\"Chambres\"}]},{\"@type\":\"WebSite\",\"@id\":\"https:\/\/hotelreimar.com\/#website\",\"url\":\"https:\/\/hotelreimar.com\/\",\"name\":\"\",\"description\":\"\",\"potentialAction\":[{\"@type\":\"SearchAction\",\"target\":{\"@type\":\"EntryPoint\",\"urlTemplate\":\"https:\/\/hotelreimar.com\/?s={search_term_string}\"},\"query-input\":\"required name=search_term_string\"}],\"inLanguage\":\"fr-FR\"}]}<\/script>\n<!-- \/ Yoast SEO plugin. -->","yoast_head_json":{"title":"Chambres - H\u00f4tel Reimar - Costa Brava","description":"Chambres avec terrasses et une vue magnifique sur la mer. Pr\u00e8s de Camino de Ronda.","robots":{"index":"index","follow":"follow","max-snippet":"max-snippet:-1","max-image-preview":"max-image-preview:large","max-video-preview":"max-video-preview:-1"},"canonical":"https:\/\/hotelreimar.com\/fr\/chambres-2\/","og_locale":"fr_FR","og_type":"article","og_title":"Chambres - H\u00f4tel Reimar - Costa Brava","og_description":"Chambres avec terrasses et une vue magnifique sur la mer. Pr\u00e8s de Camino de Ronda.","og_url":"https:\/\/hotelreimar.com\/fr\/chambres-2\/","article_modified_time":"2021-05-31T14:31:12+00:00","twitter_card":"summary_large_image","twitter_misc":{"Dur\u00e9e de lecture estim\u00e9e":"3 minutes"},"schema":{"@context":"https:\/\/schema.org","@graph":[{"@type":"WebPage","@id":"https:\/\/hotelreimar.com\/fr\/chambres-2\/","url":"https:\/\/hotelreimar.com\/fr\/chambres-2\/","name":"Chambres - H\u00f4tel Reimar - Costa Brava","isPartOf":{"@id":"https:\/\/hotelreimar.com\/#website"},"datePublished":"2021-02-20T18:37:45+00:00","dateModified":"2021-05-31T14:31:12+00:00","description":"Chambres avec terrasses et une vue magnifique sur la mer. Pr\u00e8s de Camino de Ronda.","breadcrumb":{"@id":"https:\/\/hotelreimar.com\/fr\/chambres-2\/#breadcrumb"},"inLanguage":"fr-FR","potentialAction":[{"@type":"ReadAction","target":["https:\/\/hotelreimar.com\/fr\/chambres-2\/"]}]},{"@type":"BreadcrumbList","@id":"https:\/\/hotelreimar.com\/fr\/chambres-2\/#breadcrumb","itemListElement":[{"@type":"ListItem","position":1,"name":"Inici","item":"https:\/\/hotelreimar.com\/fr\/"},{"@type":"ListItem","position":2,"name":"Chambres"}]},{"@type":"WebSite","@id":"https:\/\/hotelreimar.com\/#website","url":"https:\/\/hotelreimar.com\/","name":"","description":"","potentialAction":[{"@type":"SearchAction","target":{"@type":"EntryPoint","urlTemplate":"https:\/\/hotelreimar.com\/?s={search_term_string}"},"query-input":"required name=search_term_string"}],"inLanguage":"fr-FR"}]}},"_links":{"self":[{"href":"https:\/\/hotelreimar.com\/fr\/wp-json\/wp\/v2\/pages\/4070"}],"collection":[{"href":"https:\/\/hotelreimar.com\/fr\/wp-json\/wp\/v2\/pages"}],"about":[{"href":"https:\/\/hotelreimar.com\/fr\/wp-json\/wp\/v2\/types\/page"}],"author":[{"embeddable":true,"href":"https:\/\/hotelreimar.com\/fr\/wp-json\/wp\/v2\/users\/1"}],"replies":[{"embeddable":true,"href":"https:\/\/hotelreimar.com\/fr\/wp-json\/wp\/v2\/comments?post=4070"}],"version-history":[{"count":19,"href":"https:\/\/hotelreimar.com\/fr\/wp-json\/wp\/v2\/pages\/4070\/revisions"}],"predecessor-version":[{"id":5303,"href":"https:\/\/hotelreimar.com\/fr\/wp-json\/wp\/v2\/pages\/4070\/revisions\/5303"}],"wp:attachment":[{"href":"https:\/\/hotelreimar.com\/fr\/wp-json\/wp\/v2\/media?parent=4070"}],"curies":[{"name":"wp","href":"https:\/\/api.w.org\/{rel}","templated":true}]}}