{"id":4058,"date":"2021-02-15T10:10:01","date_gmt":"2021-02-15T10:10:01","guid":{"rendered":"https:\/\/hotelreimar.com\/?page_id=4058"},"modified":"2021-02-23T21:44:18","modified_gmt":"2021-02-23T21:44:18","slug":"restaurant","status":"publish","type":"page","link":"https:\/\/hotelreimar.com\/fr\/restaurant\/","title":{"rendered":"Restaurant"},"content":{"rendered":"<p>[vc_row full_width=\u00a0\u00bbstretch_row\u00a0\u00bb css=\u00a0\u00bb.vc_custom_1486753874620{background-color: #bfbfbf !important;}\u00a0\u00bb][vc_column][vc_empty_space][vc_empty_space][\/vc_column][\/vc_row][vc_row full_width=\u00a0\u00bbstretch_row\u00a0\u00bb css=\u00a0\u00bb.vc_custom_1486753874620{background-color: #bfbfbf !important;}\u00a0\u00bb][vc_column][vc_column_text size=\u00a0\u00bb0&Prime;]<\/p>\n<h2 style=\"text-align: center;\">Notre Restaurant<\/h2>\n<p>Nous offrons un bon menu \u00e0 prix moder\u00e9s[\/vc_column_text][\/vc_column][\/vc_row][vc_row][vc_column][vc_custom_heading text=\u00a0\u00bb\u00a0\u00bb google_fonts=\u00a0\u00bbfont_family:Lora%3Aregular%2Citalic%2C700%2C700italic|font_style:700%20bold%20regular%3A700%3Anormal\u00a0\u00bb][vc_gallery interval=\u00a0\u00bb3&Prime; images=\u00a0\u00bb4008,4320,4316,4312,4308,4304,4300,4296,4292,4288,4284,4280,4276,4272,4268,4264,4004&Prime; img_size=\u00a0\u00bb570&#215;342&Prime;][vc_column_text size=\u00a0\u00bb0&Prime;][\/vc_column_text][\/vc_column][\/vc_row][vc_row][vc_column][vc_column_text size=\u00a0\u00bb0&Prime;]<\/p>\n<h2 style=\"text-align: center;\">Petit d\u00e9jeuner<\/h2>\n<p>Nous offrons un complet buffet[\/vc_column_text][vc_custom_heading text=\u00a0\u00bb\u00a0\u00bb google_fonts=\u00a0\u00bbfont_family:Lora%3Aregular%2Citalic%2C700%2C700italic|font_style:700%20bold%20regular%3A700%3Anormal\u00a0\u00bb][vc_gallery interval=\u00a0\u00bb3&Prime; images=\u00a0\u00bb4345,4341,4337,4333,4329,4325&Prime; img_size=\u00a0\u00bb570&#215;342&Prime;][vc_column_text size=\u00a0\u00bb0&Prime;][\/vc_column_text][\/vc_column][\/vc_row][vc_row][vc_column][vc_empty_space height=\u00a0\u00bb62px\u00a0\u00bb][\/vc_column][\/vc_row]<\/p>\n","protected":false},"excerpt":{"rendered":"<p>[vc_row full_width=\u00a0\u00bbstretch_row\u00a0\u00bb css=\u00a0\u00bb.vc_custom_1486753874620{background-color: #bfbfbf !important;}\u00a0\u00bb][vc_column][vc_empty_space][vc_empty_space][\/vc_column][\/vc_row][vc_row full_width=\u00a0\u00bbstretch_row\u00a0\u00bb css=\u00a0\u00bb.vc_custom_1486753874620{background-color: #bfbfbf !important;}\u00a0\u00bb][vc_column][vc_column_text size=\u00a0\u00bb0&Prime;] Notre Restaurant Nous offrons un bon menu \u00e0 prix moder\u00e9s[\/vc_column_text][\/vc_column][\/vc_row][vc_row][vc_column][vc_custom_heading text=\u00a0\u00bb\u00a0\u00bb google_fonts=\u00a0\u00bbfont_family:Lora%3Aregular%2Citalic%2C700%2C700italic|font_style:700%20bold%20regular%3A700%3Anormal\u00a0\u00bb][vc_gallery interval=\u00a0\u00bb3&Prime; images=\u00a0\u00bb4008,4320,4316,4312,4308,4304,4300,4296,4292,4288,4284,4280,4276,4272,4268,4264,4004&Prime; img_size=\u00a0\u00bb570&#215;342&Prime;][vc_column_text size=\u00a0\u00bb0&Prime;][\/vc_column_text][\/vc_column][\/vc_row][vc_row][vc_column][vc_column_text size=\u00a0\u00bb0&Prime;] Petit d\u00e9jeuner Nous offrons un complet buffet[\/vc_column_text][vc_custom_heading text=\u00a0\u00bb\u00a0\u00bb google_fonts=\u00a0\u00bbfont_family:Lora%3Aregular%2Citalic%2C700%2C700italic|font_style:700%20bold%20regular%3A700%3Anormal\u00a0\u00bb][vc_gallery interval=\u00a0\u00bb3&Prime; images=\u00a0\u00bb4345,4341,4337,4333,4329,4325&Prime; img_size=\u00a0\u00bb570&#215;342&Prime;][vc_column_text size=\u00a0\u00bb0&Prime;][\/vc_column_text][\/vc_column][\/vc_row][vc_row][vc_column][vc_empty_space height=\u00a0\u00bb62px\u00a0\u00bb][\/vc_column][\/vc_row]<\/p>\n","protected":false},"author":1,"featured_media":0,"parent":0,"menu_order":0,"comment_status":"closed","ping_status":"closed","template":"","meta":{"footnotes":""},"yoast_head":"<!-- This site is optimized with the Yoast SEO plugin v22.4 - https:\/\/yoast.com\/wordpress\/plugins\/seo\/ -->\n<title>H\u00f4tel Reimar - Sant Antoni de Calonge Costa Brava - R\u00e9sidences<\/title>\n<meta name=\"description\" content=\"Residence propose des appartements splendides tout neuf, de haute qualit\u00e9, de grandes terrasses et vue sur la mer fabuleux.\" \/>\n<meta name=\"robots\" content=\"index, follow, max-snippet:-1, max-image-preview:large, max-video-preview:-1\" \/>\n<link rel=\"canonical\" href=\"https:\/\/hotelreimar.com\/fr\/restaurant\/\" \/>\n<meta property=\"og:locale\" content=\"fr_FR\" \/>\n<meta property=\"og:type\" content=\"article\" \/>\n<meta property=\"og:title\" content=\"H\u00f4tel Reimar - Sant Antoni de Calonge Costa Brava - R\u00e9sidences\" \/>\n<meta property=\"og:description\" content=\"Residence propose des appartements splendides tout neuf, de haute qualit\u00e9, de grandes terrasses et vue sur la mer fabuleux.\" \/>\n<meta property=\"og:url\" content=\"https:\/\/hotelreimar.com\/fr\/restaurant\/\" \/>\n<meta property=\"article:modified_time\" content=\"2021-02-23T21:44:18+00:00\" \/>\n<meta name=\"twitter:card\" content=\"summary_large_image\" \/>\n<meta name=\"twitter:label1\" content=\"Dur\u00e9e de lecture estim\u00e9e\" \/>\n\t<meta name=\"twitter:data1\" content=\"1 minute\" \/>\n<script type=\"application\/ld+json\" class=\"yoast-schema-graph\">{\"@context\":\"https:\/\/schema.org\",\"@graph\":[{\"@type\":\"WebPage\",\"@id\":\"https:\/\/hotelreimar.com\/fr\/restaurant\/\",\"url\":\"https:\/\/hotelreimar.com\/fr\/restaurant\/\",\"name\":\"H\u00f4tel Reimar - Sant Antoni de Calonge Costa Brava - R\u00e9sidences\",\"isPartOf\":{\"@id\":\"https:\/\/hotelreimar.com\/#website\"},\"datePublished\":\"2021-02-15T10:10:01+00:00\",\"dateModified\":\"2021-02-23T21:44:18+00:00\",\"description\":\"Residence propose des appartements splendides tout neuf, de haute qualit\u00e9, de grandes terrasses et vue sur la mer fabuleux.\",\"breadcrumb\":{\"@id\":\"https:\/\/hotelreimar.com\/fr\/restaurant\/#breadcrumb\"},\"inLanguage\":\"fr-FR\",\"potentialAction\":[{\"@type\":\"ReadAction\",\"target\":[\"https:\/\/hotelreimar.com\/fr\/restaurant\/\"]}]},{\"@type\":\"BreadcrumbList\",\"@id\":\"https:\/\/hotelreimar.com\/fr\/restaurant\/#breadcrumb\",\"itemListElement\":[{\"@type\":\"ListItem\",\"position\":1,\"name\":\"Inici\",\"item\":\"https:\/\/hotelreimar.com\/fr\/\"},{\"@type\":\"ListItem\",\"position\":2,\"name\":\"Restaurant\"}]},{\"@type\":\"WebSite\",\"@id\":\"https:\/\/hotelreimar.com\/#website\",\"url\":\"https:\/\/hotelreimar.com\/\",\"name\":\"\",\"description\":\"\",\"potentialAction\":[{\"@type\":\"SearchAction\",\"target\":{\"@type\":\"EntryPoint\",\"urlTemplate\":\"https:\/\/hotelreimar.com\/?s={search_term_string}\"},\"query-input\":\"required name=search_term_string\"}],\"inLanguage\":\"fr-FR\"}]}<\/script>\n<!-- \/ Yoast SEO plugin. -->","yoast_head_json":{"title":"H\u00f4tel Reimar - Sant Antoni de Calonge Costa Brava - R\u00e9sidences","description":"Residence propose des appartements splendides tout neuf, de haute qualit\u00e9, de grandes terrasses et vue sur la mer fabuleux.","robots":{"index":"index","follow":"follow","max-snippet":"max-snippet:-1","max-image-preview":"max-image-preview:large","max-video-preview":"max-video-preview:-1"},"canonical":"https:\/\/hotelreimar.com\/fr\/restaurant\/","og_locale":"fr_FR","og_type":"article","og_title":"H\u00f4tel Reimar - Sant Antoni de Calonge Costa Brava - R\u00e9sidences","og_description":"Residence propose des appartements splendides tout neuf, de haute qualit\u00e9, de grandes terrasses et vue sur la mer fabuleux.","og_url":"https:\/\/hotelreimar.com\/fr\/restaurant\/","article_modified_time":"2021-02-23T21:44:18+00:00","twitter_card":"summary_large_image","twitter_misc":{"Dur\u00e9e de lecture estim\u00e9e":"1 minute"},"schema":{"@context":"https:\/\/schema.org","@graph":[{"@type":"WebPage","@id":"https:\/\/hotelreimar.com\/fr\/restaurant\/","url":"https:\/\/hotelreimar.com\/fr\/restaurant\/","name":"H\u00f4tel Reimar - Sant Antoni de Calonge Costa Brava - R\u00e9sidences","isPartOf":{"@id":"https:\/\/hotelreimar.com\/#website"},"datePublished":"2021-02-15T10:10:01+00:00","dateModified":"2021-02-23T21:44:18+00:00","description":"Residence propose des appartements splendides tout neuf, de haute qualit\u00e9, de grandes terrasses et vue sur la mer fabuleux.","breadcrumb":{"@id":"https:\/\/hotelreimar.com\/fr\/restaurant\/#breadcrumb"},"inLanguage":"fr-FR","potentialAction":[{"@type":"ReadAction","target":["https:\/\/hotelreimar.com\/fr\/restaurant\/"]}]},{"@type":"BreadcrumbList","@id":"https:\/\/hotelreimar.com\/fr\/restaurant\/#breadcrumb","itemListElement":[{"@type":"ListItem","position":1,"name":"Inici","item":"https:\/\/hotelreimar.com\/fr\/"},{"@type":"ListItem","position":2,"name":"Restaurant"}]},{"@type":"WebSite","@id":"https:\/\/hotelreimar.com\/#website","url":"https:\/\/hotelreimar.com\/","name":"","description":"","potentialAction":[{"@type":"SearchAction","target":{"@type":"EntryPoint","urlTemplate":"https:\/\/hotelreimar.com\/?s={search_term_string}"},"query-input":"required name=search_term_string"}],"inLanguage":"fr-FR"}]}},"_links":{"self":[{"href":"https:\/\/hotelreimar.com\/fr\/wp-json\/wp\/v2\/pages\/4058"}],"collection":[{"href":"https:\/\/hotelreimar.com\/fr\/wp-json\/wp\/v2\/pages"}],"about":[{"href":"https:\/\/hotelreimar.com\/fr\/wp-json\/wp\/v2\/types\/page"}],"author":[{"embeddable":true,"href":"https:\/\/hotelreimar.com\/fr\/wp-json\/wp\/v2\/users\/1"}],"replies":[{"embeddable":true,"href":"https:\/\/hotelreimar.com\/fr\/wp-json\/wp\/v2\/comments?post=4058"}],"version-history":[{"count":4,"href":"https:\/\/hotelreimar.com\/fr\/wp-json\/wp\/v2\/pages\/4058\/revisions"}],"predecessor-version":[{"id":4717,"href":"https:\/\/hotelreimar.com\/fr\/wp-json\/wp\/v2\/pages\/4058\/revisions\/4717"}],"wp:attachment":[{"href":"https:\/\/hotelreimar.com\/fr\/wp-json\/wp\/v2\/media?parent=4058"}],"curies":[{"name":"wp","href":"https:\/\/api.w.org\/{rel}","templated":true}]}}