{"id":1889,"date":"2017-08-09T13:13:55","date_gmt":"2017-08-09T12:13:55","guid":{"rendered":"http:\/\/hotelreimar.com\/accueil\/"},"modified":"2023-11-22T13:43:19","modified_gmt":"2023-11-22T13:43:19","slug":"accueil","status":"publish","type":"page","link":"https:\/\/hotelreimar.com\/fr\/","title":{"rendered":"Accueil"},"content":{"rendered":"<p>[vc_row full_width=\u00a0\u00bbstretch_row\u00a0\u00bb enable_overlay=\u00a0\u00bb\u00a0\u00bb el_class=\u00a0\u00bbengo-table\u00a0\u00bb css=\u00a0\u00bb.vc_custom_1623232396530{background-color: #004f71 !important;}\u00a0\u00bb][vc_column offset=\u00a0\u00bbvc_hidden-sm vc_hidden-xs\u00a0\u00bb][rev_slider_vc alias=\u00a0\u00bbhome\u00a0\u00bb][vc_row_inner css=\u00a0\u00bb.vc_custom_1623232464933{margin-top: 10px !important;background-color: #004f71 !important;}\u00a0\u00bb el_class=\u00a0\u00bbcheck-availability\u00a0\u00bb][vc_column_inner width=\u00a0\u00bb1\/4&Prime;][vc_column_text size=\u00a0\u00bb0&Prime;]<\/p>\n<h2><span style=\"color: #ffffff;\"><a href=\"http:\/\/www.hotelreimar.com\/fr\/reserva-directa\">Avantages<\/a><\/span><\/h2>\n<h2><span style=\"color: #ffffff;\"><a href=\"https:\/\/hotelreimar.com\/fr\/reserva-directa\/\">RESERVATION DIRECTE<\/a><\/span><\/h2>\n<p>[\/vc_column_text][\/vc_column_inner][vc_column_inner width=\u00a0\u00bb3\/4&Prime;]<div class=\"engo-btn-container engo-btn-center\"><a class=\"engo-btn engo-btn-large engo-btn-outline engo-btn-full\" href=\"https:\/\/hotelreimar.com\/es\/booking\/\" title=\"\" style=\"color:#ffffff;border-color:#ffffff;\">RESERVER AU MEILLEUR PRIX<\/a><\/div>[\/vc_column_inner][\/vc_row_inner][\/vc_column][\/vc_row][vc_row full_width=\u00a0\u00bbstretch_row\u00a0\u00bb enable_overlay=\u00a0\u00bb\u00a0\u00bb el_class=\u00a0\u00bbengo-table\u00a0\u00bb css=\u00a0\u00bb.vc_custom_1623232396530{background-color: #004f71 !important;}\u00a0\u00bb][vc_column offset=\u00a0\u00bbvc_hidden-lg vc_hidden-md\u00a0\u00bb][rev_slider_vc alias=\u00a0\u00bbhome\u00a0\u00bb][vc_row_inner css=\u00a0\u00bb.vc_custom_1623232464933{margin-top: 10px !important;background-color: #004f71 !important;}\u00a0\u00bb el_class=\u00a0\u00bbcheck-availability\u00a0\u00bb][vc_column_inner][vc_column_text size=\u00a0\u00bb0&Prime;]<\/p>\n<h2><span style=\"color: #ffffff;\"><a href=\"http:\/\/www.hotelreimar.com\/fr\/reserva-directa\">Avantages<\/a><\/span><\/h2>\n<h2><span style=\"color: #ffffff;\"><a href=\"https:\/\/hotelreimar.com\/fr\/reserva-directa\/\">RESERVATION DIRECTE<\/a><\/span><\/h2>\n<p>[\/vc_column_text][vc_empty_space]<div class=\"engo-btn-container engo-btn-center\"><a class=\"engo-btn engo-btn-large engo-btn-outline engo-btn-full\" href=\"https:\/\/hotelreimar.gnahs.com\/booking.php?idm=4\" title=\"\" style=\"color:#ffffff;border-color:#ffffff;\">RESERVER AU MEILLEUR PRIX<\/a><\/div>[\/vc_column_inner][\/vc_row_inner][\/vc_column][\/vc_row][vc_row full_width=\u00a0\u00bbstretch_row\u00a0\u00bb css=\u00a0\u00bb.vc_custom_1489138660737{background-color: #cecece !important;}\u00a0\u00bb][vc_column width=\u00a0\u00bb1\/4&Prime; offset=\u00a0\u00bbvc_hidden-xs\u00a0\u00bb][vc_single_image image=\u00a0\u00bb1209&Prime; alignment=\u00a0\u00bbcenter\u00a0\u00bb][\/vc_column][vc_column width=\u00a0\u00bb1\/2&Prime; offset=\u00a0\u00bbvc_hidden-xs\u00a0\u00bb][vc_column_text size=\u00a0\u00bb0&Prime;]<\/p>\n<h3 style=\"text-align: center;\">Nous pr\u00e9sentons la gamme la plus compl\u00e8te d&rsquo;h\u00e9bergements \u00e0 Sant Antoni de Calonge.<\/h3>\n<h3 style=\"text-align: center;\">Jetez un oeil sur les diff\u00e9rentes propositions pour un s\u00e9jour inoubliable avec nous:<\/h3>\n<p>[\/vc_column_text][\/vc_column][vc_column width=\u00a0\u00bb1\/4&Prime; offset=\u00a0\u00bbvc_hidden-xs\u00a0\u00bb][vc_single_image image=\u00a0\u00bb1207&Prime; alignment=\u00a0\u00bbcenter\u00a0\u00bb][\/vc_column][\/vc_row][vc_row full_width=\u00a0\u00bbstretch_row\u00a0\u00bb css=\u00a0\u00bb.vc_custom_1489138660737{background-color: #cecece !important;}\u00a0\u00bb][vc_column offset=\u00a0\u00bbvc_hidden-lg vc_hidden-md vc_hidden-sm\u00a0\u00bb][vc_single_image image=\u00a0\u00bb1209&Prime; alignment=\u00a0\u00bbcenter\u00a0\u00bb][vc_column_text size=\u00a0\u00bb0&Prime;]<\/p>\n<h3 style=\"text-align: center;\">Nous pr\u00e9sentons la gamme la plus compl\u00e8te d&rsquo;h\u00e9bergements \u00e0 Sant Antoni de Calonge.<\/h3>\n<h3 style=\"text-align: center;\">Jetez un oeil sur les diff\u00e9rentes propositions pour un s\u00e9jour inoubliable avec nous:<\/h3>\n<p>[\/vc_column_text][\/vc_column][\/vc_row][vc_row][vc_column width=\u00a0\u00bb1\/2&Prime; offset=\u00a0\u00bbvc_hidden-xs\u00a0\u00bb]<div class=\"engo-special-heading text-center\"><h1>Chambres<\/h1><\/div>[vc_single_image image=\u00a0\u00bb3892&Prime; img_size=\u00a0\u00bb570&#215;335&Prime; alignment=\u00a0\u00bbcenter\u00a0\u00bb][\/vc_column][vc_column width=\u00a0\u00bb1\/2&Prime; offset=\u00a0\u00bbvc_hidden-xs\u00a0\u00bb]<div class=\"engo-special-heading text-center\"><h1>R\u00e9sidences<\/h1><\/div>[vc_single_image image=\u00a0\u00bb3200&Prime; img_size=\u00a0\u00bb570X335&Prime; alignment=\u00a0\u00bbcenter\u00a0\u00bb][\/vc_column][\/vc_row][vc_row][vc_column width=\u00a0\u00bb1\/2&Prime; offset=\u00a0\u00bbvc_hidden-xs\u00a0\u00bb]<div class=\"engo-btn-container engo-btn-center\"><a class=\"engo-btn engo-btn-large engo-btn-outline\" href=\"http:\/\/hotelreimar.com\/fr\/chambres-2\/\" title=\"\" style=\"color:#1e73be;border-color:#1e73be;\">Lire plus<\/a><\/div>[\/vc_column][vc_column width=\u00a0\u00bb1\/2&Prime; offset=\u00a0\u00bbvc_hidden-xs\u00a0\u00bb]<div class=\"engo-btn-container engo-btn-center\"><a class=\"engo-btn engo-btn-large engo-btn-outline\" href=\"http:\/\/hotelreimar.com\/fr\/residences-2\/\" title=\"\" style=\"color:#1e73be;border-color:#1e73be;\">Lire plus<\/a><\/div>[\/vc_column][\/vc_row][vc_row][vc_column width=\u00a0\u00bb1\/2&Prime; offset=\u00a0\u00bbvc_hidden-lg vc_hidden-md vc_hidden-sm\u00a0\u00bb][vc_empty_space]<div class=\"engo-special-heading text-center\"><h1>Chambres<\/h1><\/div>[vc_single_image image=\u00a0\u00bb3892&Prime; img_size=\u00a0\u00bb570&#215;335&Prime; alignment=\u00a0\u00bbcenter\u00a0\u00bb]<div class=\"engo-btn-container engo-btn-center\"><a class=\"engo-btn engo-btn-large engo-btn-outline\" href=\"http:\/\/hotelreimar.com\/fr\/chambres-2\/\" title=\"\" style=\"color:#1e73be;border-color:#1e73be;\">Lire plus<\/a><\/div>[vc_empty_space][\/vc_column][vc_column width=\u00a0\u00bb1\/2&Prime; offset=\u00a0\u00bbvc_hidden-lg vc_hidden-md vc_hidden-sm\u00a0\u00bb][vc_empty_space]<div class=\"engo-special-heading text-center\"><h1>R\u00e9sidences<\/h1><\/div>[vc_single_image image=\u00a0\u00bb3200&Prime; img_size=\u00a0\u00bb570X335&Prime; alignment=\u00a0\u00bbcenter\u00a0\u00bb]<div class=\"engo-btn-container engo-btn-center\"><a class=\"engo-btn engo-btn-large engo-btn-outline\" href=\"http:\/\/hotelreimar.com\/fr\/residences-2\/\" title=\"\" style=\"color:#1e73be;border-color:#1e73be;\">Lire plus<\/a><\/div>[vc_empty_space][\/vc_column][\/vc_row][vc_row][vc_column][vc_empty_space][\/vc_column][\/vc_row][vc_row full_width=\u00a0\u00bbstretch_row\u00a0\u00bb css=\u00a0\u00bb.vc_custom_1486773114299{background-color: #004f71 !important;}\u00a0\u00bb][vc_column enable_overlay=\u00a0\u00bbtrue\u00a0\u00bb el_class=\u00a0\u00bbour-best\u00a0\u00bb]<div class=\"engo-special-heading text-center\" style=\"color:#ffffff;\"><h2>\u00c9QUIPEMENTS<\/h2><\/div>[\/vc_column][\/vc_row][vc_row full_width=\u00a0\u00bbstretch_row\u00a0\u00bb css=\u00a0\u00bb.vc_custom_1486773114299{background-color: #004f71 !important;}\u00a0\u00bb][vc_column width=\u00a0\u00bb1\/6&Prime; enable_overlay=\u00a0\u00bbtrue\u00a0\u00bb el_class=\u00a0\u00bbour-best\u00a0\u00bb][vc_single_image image=\u00a0\u00bb1211&Prime; alignment=\u00a0\u00bbcenter\u00a0\u00bb css=\u00a0\u00bb.vc_custom_1487856852631{background-color: rgba(224,224,224,0.71) !important;*background-color: rgb(224,224,224) !important;}\u00a0\u00bb][vc_column_text size=\u00a0\u00bb0&Prime;]<\/p>\n<h3 style=\"text-align: center;\"><span style=\"color: #ffffff;\">Restaurant<\/span><\/h3>\n<p>[\/vc_column_text][\/vc_column][vc_column width=\u00a0\u00bb1\/6&Prime;][vc_single_image image=\u00a0\u00bb1225&Prime; alignment=\u00a0\u00bbcenter\u00a0\u00bb css=\u00a0\u00bb.vc_custom_1487856968703{background-color: rgba(224,224,224,0.71) !important;*background-color: rgb(224,224,224) !important;}\u00a0\u00bb][vc_column_text size=\u00a0\u00bb0&Prime;]<\/p>\n<h3 style=\"text-align: center;\"><span style=\"color: #ffffff;\">Parking<\/span><\/h3>\n<p>[\/vc_column_text][\/vc_column][vc_column width=\u00a0\u00bb1\/6&Prime;][vc_single_image image=\u00a0\u00bb1227&Prime; alignment=\u00a0\u00bbcenter\u00a0\u00bb css=\u00a0\u00bb.vc_custom_1487857071914{background-color: rgba(224,224,224,0.71) !important;*background-color: rgb(224,224,224) !important;}\u00a0\u00bb][vc_column_text size=\u00a0\u00bb0&Prime;]<\/p>\n<h3 style=\"text-align: center;\"><span style=\"color: #ffffff;\">Wifi gratuit<\/span><\/h3>\n<p>[\/vc_column_text][\/vc_column][vc_column width=\u00a0\u00bb1\/6&Prime;][vc_single_image image=\u00a0\u00bb1206&Prime; alignment=\u00a0\u00bbcenter\u00a0\u00bb css=\u00a0\u00bb.vc_custom_1487857206702{background-color: rgba(224,224,224,0.71) !important;*background-color: rgb(224,224,224) !important;}\u00a0\u00bb][vc_column_text size=\u00a0\u00bb0&Prime;]<\/p>\n<h3 style=\"text-align: center;\"><span style=\"color: #ffffff;\">Donnant sur la plage<\/span><\/h3>\n<p>[\/vc_column_text][\/vc_column][vc_column width=\u00a0\u00bb1\/6&Prime;][vc_single_image image=\u00a0\u00bb1209&Prime; alignment=\u00a0\u00bbcenter\u00a0\u00bb css=\u00a0\u00bb.vc_custom_1487857099689{background-color: rgba(224,224,224,0.71) !important;*background-color: rgb(224,224,224) !important;}\u00a0\u00bb][vc_column_text size=\u00a0\u00bb0&Prime;]<\/p>\n<h3 style=\"text-align: center;\"><span style=\"color: #ffffff;\">Suites et Chambres familiales<\/span><\/h3>\n<p>[\/vc_column_text][\/vc_column][vc_column width=\u00a0\u00bb1\/6&Prime;][vc_single_image image=\u00a0\u00bb1207&Prime; alignment=\u00a0\u00bbcenter\u00a0\u00bb css=\u00a0\u00bb.vc_custom_1487857115991{background-color: rgba(224,224,224,0.71) !important;*background-color: rgb(224,224,224) !important;}\u00a0\u00bb][vc_column_text size=\u00a0\u00bb0&Prime;]<\/p>\n<h3 style=\"text-align: center;\"><span style=\"color: #ffffff;\">Chambres et R\u00e9sidences<\/span><\/h3>\n<p>[\/vc_column_text][\/vc_column][\/vc_row][vc_row gap=\u00a0\u00bb20&Prime;][vc_column width=\u00a0\u00bb1\/3&Prime;]<div class=\"engo-special-heading text-left\"><h2>QUI SOMMES-NOUS<\/h2><\/div>[vc_column_text size=\u00a0\u00bb0&Prime;]La famille Gibert g\u00e8re l&rsquo;h\u00f4tel Reimar depuis 1962, \u00e9tant l&rsquo;un des plus anciens \u00e9tablissements h\u00f4teliers de la commune. Gr\u00e2ce \u00e0 des extensions et des r\u00e9formes successives, l&rsquo;ann\u00e9e 2016 a \u00e9t\u00e9 atteinte au cours de laquelle la famille a abord\u00e9 l&rsquo;expansion de la capacit\u00e9 et des types de services. Avec une vocation \u00e0 s&rsquo;adapter aux nouvelles formes de tourisme qui p\u00e9n\u00e8trent sur le march\u00e9, l&rsquo;h\u00f4tel diversifie son offre en int\u00e9grant les nouvelles \u00abR\u00e9sidences\u00bb pour le public exigeant qui recherche le service attentif et professionnel que seul un h\u00f4tel peut offrir sans renoncer \u00e0 l&rsquo;espace et la polyvalence qui donne des espaces spacieux et modernes, \u00e9quip\u00e9s d&rsquo;une cuisine et de tout l&rsquo;\u00e9quipement qui peut \u00eatre n\u00e9cessaire.<\/p>\n<p>Tout cela sans perdre l&rsquo;essence de notre \u00e9tablissement de toutes ces ann\u00e9es que l&rsquo;on peut r\u00e9sumer dans la phrase: \u00ab\u00a0se sentir chez soi\u00a0\u00bb. Traitement proche et vocation maximale de service.[\/vc_column_text][\/vc_column][vc_column width=\u00a0\u00bb1\/3&Prime;]<div class=\"engo-special-heading text-left\"><h2>COMMENTAIRES<\/h2><\/div>[vc_raw_html]PGRpdiBpZD0iVEFfc2VsZnNlcnZlcHJvcDQxMyIgY2xhc3M9IlRBX3NlbGZzZXJ2ZXByb3AiPg0KPHVsIGlkPSJkaUV3ck4iIGNsYXNzPSJUQV9saW5rcyB5OEx3ZUVUZXFlIj4NCjxsaSBpZD0iUFZMMEtjYVVXIiBjbGFzcz0iSjVnTm9BTngiPg0KPGEgdGFyZ2V0PSJfYmxhbmsiIGhyZWY9Imh0dHBzOi8vd3d3LnRyaXBhZHZpc29yLmVzLyI+PGltZyBzcmM9Imh0dHBzOi8vd3d3LnRyaXBhZHZpc29yLmVzL2ltZy9jZHNpL2ltZzIvYnJhbmRpbmcvMTUwX2xvZ28tMTE5MDAtMi5wbmciIGFsdD0iVHJpcEFkdmlzb3IiLz48L2E+DQo8L2xpPg0KPC91bD4NCjwvZGl2Pg0KPHNjcmlwdCBzcmM9Imh0dHBzOi8vd3d3LmpzY2FjaGUuY29tL3dlanM\/d3R5cGU9c2VsZnNlcnZlcHJvcCZhbXA7dW5pcT00MTMmYW1wO2xvY2F0aW9uSWQ9NTcxODMwJmFtcDtsYW5nPWVzJmFtcDtyYXRpbmc9dHJ1ZSZhbXA7bnJldmlld3M9NCZhbXA7d3JpdGVyZXZpZXdsaW5rPXRydWUmYW1wO3BvcElkeD10cnVlJmFtcDtpc3dpZGU9dHJ1ZSZhbXA7Ym9yZGVyPXRydWUmYW1wO2Rpc3BsYXlfdmVyc2lvbj0yIj48L3NjcmlwdD4=[\/vc_raw_html][\/vc_column][\/vc_row]<\/p>\n","protected":false},"excerpt":{"rendered":"<p>[vc_row full_width=\u00a0\u00bbstretch_row\u00a0\u00bb enable_overlay=\u00a0\u00bb\u00a0\u00bb el_class=\u00a0\u00bbengo-table\u00a0\u00bb css=\u00a0\u00bb.vc_custom_1623232396530{background-color: #004f71 !important;}\u00a0\u00bb][vc_column offset=\u00a0\u00bbvc_hidden-sm vc_hidden-xs\u00a0\u00bb][rev_slider_vc alias=\u00a0\u00bbhome\u00a0\u00bb][vc_row_inner css=\u00a0\u00bb.vc_custom_1623232464933{margin-top: 10px !important;background-color: #004f71 !important;}\u00a0\u00bb el_class=\u00a0\u00bbcheck-availability\u00a0\u00bb][vc_column_inner width=\u00a0\u00bb1\/4&Prime;][vc_column_text size=\u00a0\u00bb0&Prime;] Avantages RESERVATION DIRECTE [\/vc_column_text][\/vc_column_inner][vc_column_inner width=\u00a0\u00bb3\/4&Prime;][\/vc_column_inner][\/vc_row_inner][\/vc_column][\/vc_row][vc_row full_width=\u00a0\u00bbstretch_row\u00a0\u00bb enable_overlay=\u00a0\u00bb\u00a0\u00bb el_class=\u00a0\u00bbengo-table\u00a0\u00bb css=\u00a0\u00bb.vc_custom_1623232396530{background-color: #004f71 !important;}\u00a0\u00bb][vc_column offset=\u00a0\u00bbvc_hidden-lg vc_hidden-md\u00a0\u00bb][rev_slider_vc alias=\u00a0\u00bbhome\u00a0\u00bb][vc_row_inner css=\u00a0\u00bb.vc_custom_1623232464933{margin-top: 10px !important;background-color: #004f71 !important;}\u00a0\u00bb el_class=\u00a0\u00bbcheck-availability\u00a0\u00bb][vc_column_inner][vc_column_text size=\u00a0\u00bb0&Prime;] Avantages RESERVATION DIRECTE [\/vc_column_text][vc_empty_space][\/vc_column_inner][\/vc_row_inner][\/vc_column][\/vc_row][vc_row full_width=\u00a0\u00bbstretch_row\u00a0\u00bb css=\u00a0\u00bb.vc_custom_1489138660737{background-color: #cecece !important;}\u00a0\u00bb][vc_column width=\u00a0\u00bb1\/4&Prime; offset=\u00a0\u00bbvc_hidden-xs\u00a0\u00bb][vc_single_image image=\u00a0\u00bb1209&Prime; alignment=\u00a0\u00bbcenter\u00a0\u00bb][\/vc_column][vc_column width=\u00a0\u00bb1\/2&Prime; offset=\u00a0\u00bbvc_hidden-xs\u00a0\u00bb][vc_column_text size=\u00a0\u00bb0&Prime;] Nous&#8230;<\/p>\n","protected":false},"author":1,"featured_media":0,"parent":0,"menu_order":0,"comment_status":"closed","ping_status":"closed","template":"","meta":{"footnotes":""},"yoast_head":"<!-- This site is optimized with the Yoast SEO plugin v22.4 - https:\/\/yoast.com\/wordpress\/plugins\/seo\/ -->\n<title>Hotel Reimar - Sant Antoni de Calonge Costa Brava - Rooms&amp;Residences<\/title>\n<meta name=\"description\" content=\"Hotel Reimar \u00e9s un hotel de Torre Valentina a primera l\u00ednia de platja que ofereix diverses modalitats d&#039;allotjament: Habitacions, Apartaments i Residences\" \/>\n<meta name=\"robots\" content=\"index, follow, max-snippet:-1, max-image-preview:large, max-video-preview:-1\" \/>\n<link rel=\"canonical\" href=\"https:\/\/hotelreimar.com\/fr\/\" \/>\n<meta property=\"og:locale\" content=\"fr_FR\" \/>\n<meta property=\"og:type\" content=\"article\" \/>\n<meta property=\"og:title\" content=\"Hotel Reimar - Sant Antoni de Calonge Costa Brava - Rooms&amp;Residences\" \/>\n<meta property=\"og:description\" content=\"Hotel Reimar \u00e9s un hotel de Torre Valentina a primera l\u00ednia de platja que ofereix diverses modalitats d&#039;allotjament: Habitacions, Apartaments i Residences\" \/>\n<meta property=\"og:url\" content=\"https:\/\/hotelreimar.com\/fr\/\" \/>\n<meta property=\"article:modified_time\" content=\"2023-11-22T13:43:19+00:00\" \/>\n<meta name=\"twitter:card\" content=\"summary_large_image\" \/>\n<meta name=\"twitter:label1\" content=\"Dur\u00e9e de lecture estim\u00e9e\" \/>\n\t<meta name=\"twitter:data1\" content=\"3 minutes\" \/>\n<script type=\"application\/ld+json\" class=\"yoast-schema-graph\">{\"@context\":\"https:\/\/schema.org\",\"@graph\":[{\"@type\":\"WebPage\",\"@id\":\"https:\/\/hotelreimar.com\/fr\/\",\"url\":\"https:\/\/hotelreimar.com\/fr\/\",\"name\":\"Hotel Reimar - Sant Antoni de Calonge Costa Brava - Rooms&Residences\",\"isPartOf\":{\"@id\":\"https:\/\/hotelreimar.com\/#website\"},\"datePublished\":\"2017-08-09T12:13:55+00:00\",\"dateModified\":\"2023-11-22T13:43:19+00:00\",\"description\":\"Hotel Reimar \u00e9s un hotel de Torre Valentina a primera l\u00ednia de platja que ofereix diverses modalitats d'allotjament: Habitacions, Apartaments i Residences\",\"breadcrumb\":{\"@id\":\"https:\/\/hotelreimar.com\/fr\/#breadcrumb\"},\"inLanguage\":\"fr-FR\",\"potentialAction\":[{\"@type\":\"ReadAction\",\"target\":[\"https:\/\/hotelreimar.com\/fr\/\"]}]},{\"@type\":\"BreadcrumbList\",\"@id\":\"https:\/\/hotelreimar.com\/fr\/#breadcrumb\",\"itemListElement\":[{\"@type\":\"ListItem\",\"position\":1,\"name\":\"Inici\",\"item\":\"https:\/\/hotelreimar.com\/fr\/\"},{\"@type\":\"ListItem\",\"position\":2,\"name\":\"Accueil\"}]},{\"@type\":\"WebSite\",\"@id\":\"https:\/\/hotelreimar.com\/#website\",\"url\":\"https:\/\/hotelreimar.com\/\",\"name\":\"\",\"description\":\"\",\"potentialAction\":[{\"@type\":\"SearchAction\",\"target\":{\"@type\":\"EntryPoint\",\"urlTemplate\":\"https:\/\/hotelreimar.com\/?s={search_term_string}\"},\"query-input\":\"required name=search_term_string\"}],\"inLanguage\":\"fr-FR\"}]}<\/script>\n<!-- \/ Yoast SEO plugin. -->","yoast_head_json":{"title":"Hotel Reimar - Sant Antoni de Calonge Costa Brava - Rooms&Residences","description":"Hotel Reimar \u00e9s un hotel de Torre Valentina a primera l\u00ednia de platja que ofereix diverses modalitats d'allotjament: Habitacions, Apartaments i Residences","robots":{"index":"index","follow":"follow","max-snippet":"max-snippet:-1","max-image-preview":"max-image-preview:large","max-video-preview":"max-video-preview:-1"},"canonical":"https:\/\/hotelreimar.com\/fr\/","og_locale":"fr_FR","og_type":"article","og_title":"Hotel Reimar - Sant Antoni de Calonge Costa Brava - Rooms&Residences","og_description":"Hotel Reimar \u00e9s un hotel de Torre Valentina a primera l\u00ednia de platja que ofereix diverses modalitats d'allotjament: Habitacions, Apartaments i Residences","og_url":"https:\/\/hotelreimar.com\/fr\/","article_modified_time":"2023-11-22T13:43:19+00:00","twitter_card":"summary_large_image","twitter_misc":{"Dur\u00e9e de lecture estim\u00e9e":"3 minutes"},"schema":{"@context":"https:\/\/schema.org","@graph":[{"@type":"WebPage","@id":"https:\/\/hotelreimar.com\/fr\/","url":"https:\/\/hotelreimar.com\/fr\/","name":"Hotel Reimar - Sant Antoni de Calonge Costa Brava - Rooms&Residences","isPartOf":{"@id":"https:\/\/hotelreimar.com\/#website"},"datePublished":"2017-08-09T12:13:55+00:00","dateModified":"2023-11-22T13:43:19+00:00","description":"Hotel Reimar \u00e9s un hotel de Torre Valentina a primera l\u00ednia de platja que ofereix diverses modalitats d'allotjament: Habitacions, Apartaments i Residences","breadcrumb":{"@id":"https:\/\/hotelreimar.com\/fr\/#breadcrumb"},"inLanguage":"fr-FR","potentialAction":[{"@type":"ReadAction","target":["https:\/\/hotelreimar.com\/fr\/"]}]},{"@type":"BreadcrumbList","@id":"https:\/\/hotelreimar.com\/fr\/#breadcrumb","itemListElement":[{"@type":"ListItem","position":1,"name":"Inici","item":"https:\/\/hotelreimar.com\/fr\/"},{"@type":"ListItem","position":2,"name":"Accueil"}]},{"@type":"WebSite","@id":"https:\/\/hotelreimar.com\/#website","url":"https:\/\/hotelreimar.com\/","name":"","description":"","potentialAction":[{"@type":"SearchAction","target":{"@type":"EntryPoint","urlTemplate":"https:\/\/hotelreimar.com\/?s={search_term_string}"},"query-input":"required name=search_term_string"}],"inLanguage":"fr-FR"}]}},"_links":{"self":[{"href":"https:\/\/hotelreimar.com\/fr\/wp-json\/wp\/v2\/pages\/1889"}],"collection":[{"href":"https:\/\/hotelreimar.com\/fr\/wp-json\/wp\/v2\/pages"}],"about":[{"href":"https:\/\/hotelreimar.com\/fr\/wp-json\/wp\/v2\/types\/page"}],"author":[{"embeddable":true,"href":"https:\/\/hotelreimar.com\/fr\/wp-json\/wp\/v2\/users\/1"}],"replies":[{"embeddable":true,"href":"https:\/\/hotelreimar.com\/fr\/wp-json\/wp\/v2\/comments?post=1889"}],"version-history":[{"count":20,"href":"https:\/\/hotelreimar.com\/fr\/wp-json\/wp\/v2\/pages\/1889\/revisions"}],"predecessor-version":[{"id":5592,"href":"https:\/\/hotelreimar.com\/fr\/wp-json\/wp\/v2\/pages\/1889\/revisions\/5592"}],"wp:attachment":[{"href":"https:\/\/hotelreimar.com\/fr\/wp-json\/wp\/v2\/media?parent=1889"}],"curies":[{"name":"wp","href":"https:\/\/api.w.org\/{rel}","templated":true}]}}