{"id":1873,"date":"2017-08-09T12:32:17","date_gmt":"2017-08-09T11:32:17","guid":{"rendered":"http:\/\/hotelreimar.com\/contact\/"},"modified":"2018-06-06T16:36:36","modified_gmt":"2018-06-06T15:36:36","slug":"contact","status":"publish","type":"page","link":"https:\/\/hotelreimar.com\/fr\/contact\/","title":{"rendered":"Contact"},"content":{"rendered":"<p>[vc_row full_width=\u00a0\u00bbstretch_row\u00a0\u00bb parallax=\u00a0\u00bbcontent-moving\u00a0\u00bb parallax_image=\u00a0\u00bb256&Prime; enable_overlay=\u00a0\u00bbtrue\u00a0\u00bb bg_overlay=\u00a0\u00bbrgba(0,0,0,0.12)\u00a0\u00bb css=\u00a0\u00bb.vc_custom_1486755024370{padding-top: 150px !important;padding-bottom: 50px !important;background-image: url(http:\/\/hotelreimar.joutm.com\/wp-content\/uploads\/apartamentsplay2.jpg?id=672) !important;background-position: center;background-repeat: no-repeat !important;background-size: cover !important;}\u00a0\u00bb][vc_column]<div class=\"engo-special-heading text-center\" style=\"color:#ffffff;\"><h2>CONTACTE<\/h2><\/div>[\/vc_column][\/vc_row][vc_row][vc_column width=\u00a0\u00bb1\/2&Prime;][vc_column_text size=\u00a0\u00bb0&Prime;]<\/p>\n<h2>CONTACT<\/h2>\n<p>Nos coordonn\u00e9es[\/vc_column_text][vc_raw_html]PGRpdiBjbGFzcz0iY29udGFjdCI+DQoJPHVsIGNsYXNzPSJ0ZXh0Ij4NCgkgICAgPGxpPjxpIGNsYXNzPSJpY29uIGxvdHVzLWljb24tbG9jYXRpb24iPjwvaT5QYXNzZWlnIFRvcnJlIFZhbGVudGluYSwgcy9uIC0gU2FudCBBbnRvbmkgZGUgQ2Fsb25nZTwvbGk+DQoJICAgIDxsaT48aSBjbGFzcz0iaWNvbiBsb3R1cy1pY29uLXBob25lIj48L2k+OTcyNjUyMjExIC8gOTcyNjUyMzg2PC9saT4NCgkgICAgPGxpPjxpIGNsYXNzPSJpY29uIGZhIGZhLWVudmVsb3BlLW8iPjwvaT5yZWltYXJAaG90ZWxyZWltYXIuY29tPC9saT4NCgk8L3VsPg0KPC9kaXY+[\/vc_raw_html][\/vc_column][vc_column width=\u00a0\u00bb1\/2&Prime;][vc_column_text size=\u00a0\u00bb0&Prime;]Si le syst\u00e8me ne vous donne pas la disponibilit\u00e9, veuillez faire votre demande ici[\/vc_column_text]<div class=\"engo-btn-container engo-btn-center\"><a class=\"engo-btn engo-btn-large engo-btn-outline engo-btn-full\" href=\"\/booking\/\" title=\"\" style=\"color:;border-color:;\">RESERVER<\/a><\/div>[vc_column_text size=\u00a0\u00bb0&Prime;]Ou si vous pr\u00e9f\u00e9rez, remplissez le formulaire de contact suivant pour nous contacter.[\/vc_column_text]\n<div class=\"wpcf7 no-js\" id=\"wpcf7-f614-o1\" lang=\"en-US\" dir=\"ltr\">\n<div class=\"screen-reader-response\"><p role=\"status\" aria-live=\"polite\" aria-atomic=\"true\"><\/p> <ul><\/ul><\/div>\n<form action=\"\/fr\/wp-json\/wp\/v2\/pages\/1873#wpcf7-f614-o1\" method=\"post\" class=\"wpcf7-form init\" aria-label=\"Contact form\" novalidate=\"novalidate\" data-status=\"init\">\n<div style=\"display: none;\">\n<input type=\"hidden\" name=\"_wpcf7\" value=\"614\" \/>\n<input type=\"hidden\" name=\"_wpcf7_version\" value=\"5.9.3\" \/>\n<input type=\"hidden\" name=\"_wpcf7_locale\" value=\"en_US\" \/>\n<input type=\"hidden\" name=\"_wpcf7_unit_tag\" value=\"wpcf7-f614-o1\" \/>\n<input type=\"hidden\" name=\"_wpcf7_container_post\" value=\"0\" \/>\n<input type=\"hidden\" name=\"_wpcf7_posted_data_hash\" value=\"\" \/>\n<input type=\"hidden\" name=\"_wpcf7_recaptcha_response\" value=\"\" \/>\n<\/div>\n<div class=\"contact-form\">\n\t<div class=\"row\">\n\t\t<div class=\"col-sm-6\">\n\t\t\t<p><span class=\"wpcf7-form-control-wrap\" data-name=\"nom\"><input size=\"40\" class=\"wpcf7-form-control wpcf7-text wpcf7-validates-as-required field-text\" aria-required=\"true\" aria-invalid=\"false\" placeholder=\"Nom\" value=\"\" type=\"text\" name=\"nom\" \/><\/span>\n\t\t\t<\/p>\n\t\t<\/div>\n\t\t<div class=\"col-sm-6\">\n\t\t\t<p><span class=\"wpcf7-form-control-wrap\" data-name=\"email\"><input size=\"40\" class=\"wpcf7-form-control wpcf7-text wpcf7-validates-as-required field-text\" aria-required=\"true\" aria-invalid=\"false\" placeholder=\"Email\" value=\"\" type=\"text\" name=\"email\" \/><\/span>\n\t\t\t<\/p>\n\t\t<\/div>\n\t\t<div class=\"col-sm-12\">\n\t\t\t<p><span class=\"wpcf7-form-control-wrap\" data-name=\"assumpte\"><input size=\"40\" class=\"wpcf7-form-control wpcf7-text field-text\" aria-invalid=\"false\" placeholder=\"Assumpte\" value=\"\" type=\"text\" name=\"assumpte\" \/><\/span>\n\t\t\t<\/p>\n\t\t<\/div>\n\t\t<div class=\"col-sm-12\">\n\t\t\t<p><span class=\"wpcf7-form-control-wrap\" data-name=\"missatge\"><textarea cols=\"40\" rows=\"10\" class=\"wpcf7-form-control wpcf7-textarea field-textarea\" aria-invalid=\"false\" placeholder=\"Missatge\" name=\"missatge\"><\/textarea><\/span>\n\t\t\t<\/p>\n\t\t<\/div>\n\t\t<div class=\"col-sm-6\">\n\t\t\t<p><input class=\"wpcf7-form-control wpcf7-submit has-spinner engo-btn awe-btn\" type=\"submit\" value=\"Enviar\" \/>\n\t\t\t<\/p>\n\t\t<\/div>\n\t<\/div>\n<\/div><div class=\"wpcf7-response-output\" aria-hidden=\"true\"><\/div>\n<\/form>\n<\/div>\n[\/vc_column][\/vc_row][vc_row full_width=\u00a0\u00bbstretch_row\u00a0\u00bb][vc_column][vc_empty_space height=\u00a0\u00bb62px\u00a0\u00bb][vc_gmaps link=\u00a0\u00bb#E-8_JTNDaWZyYW1lJTIwc3JjJTNEJTIyaHR0cHMlM0ElMkYlMkZ3d3cuZ29vZ2xlLmNvbSUyRm1hcHMlMkZlbWJlZCUzRnBiJTNEJTIxMW0xOCUyMTFtMTIlMjExbTMlMjExZDIzNzc4LjY3NzYyMTE2MzM3JTIxMmQzLjA4NjkxNTgyNTM4MjE4MSUyMTNkNDEuODQyNjIyMTEyMzg5MjglMjEybTMlMjExZjAlMjEyZjAlMjEzZjAlMjEzbTIlMjExaTEwMjQlMjEyaTc2OCUyMTRmMTMuMSUyMTNtMyUyMTFtMiUyMTFzMHgxMmJiMDA3ZTQ5MGEzNDk3JTI1M0EweDViYjc1YzlkODEwNTc4MzQlMjEyc0hvdGVsJTJCUmVpbWFyJTJCU2FudCUyQkFudG9uaSUyQmRlJTJCQ2Fsb25nZSUyQkhvdGVsJTIxNWUwJTIxM20yJTIxMXNjYSUyMTJzZXMlMjE0djE0ODY3NTQ0OTIxMzIlMjIlMjB3aWR0aCUzRCUyMjgwMCUyMiUyMGhlaWdodCUzRCUyMjIwMCUyMiUyMGZyYW1lYm9yZGVyJTNEJTIyMCUyMiUyMHN0eWxlJTNEJTIyYm9yZGVyJTNBMCUyMiUyMGFsbG93ZnVsbHNjcmVlbiUzRSUzQyUyRmlmcmFtZSUzRQ==\u00a0\u00bb size=\u00a0\u00bb\u00a0\u00bb][vc_empty_space height=\u00a0\u00bb62px\u00a0\u00bb]<div class=\"engo-btn-container engo-btn-center\"><a class=\"engo-btn engo-btn-large engo-btn-outline engo-btn-full\" href=\"\/visitavirtual\" title=\"\" style=\"color:#75d3d8;border-color:#75d3d8;\">Tour Virtual<\/a><\/div>[vc_empty_space height=\u00a0\u00bb62px\u00a0\u00bb][\/vc_column][\/vc_row]<\/p>\n","protected":false},"excerpt":{"rendered":"<p>[vc_row full_width=\u00a0\u00bbstretch_row\u00a0\u00bb parallax=\u00a0\u00bbcontent-moving\u00a0\u00bb parallax_image=\u00a0\u00bb256&Prime; enable_overlay=\u00a0\u00bbtrue\u00a0\u00bb bg_overlay=\u00a0\u00bbrgba(0,0,0,0.12)\u00a0\u00bb css=\u00a0\u00bb.vc_custom_1486755024370{padding-top: 150px !important;padding-bottom: 50px !important;background-image: url(http:\/\/hotelreimar.joutm.com\/wp-content\/uploads\/apartamentsplay2.jpg?id=672) !important;background-position: center;background-repeat: no-repeat !important;background-size: cover !important;}\u00a0\u00bb][vc_column][\/vc_column][\/vc_row][vc_row][vc_column width=\u00a0\u00bb1\/2&Prime;][vc_column_text size=\u00a0\u00bb0&Prime;] CONTACT Nos coordonn\u00e9es[\/vc_column_text][vc_raw_html]PGRpdiBjbGFzcz0iY29udGFjdCI+DQoJPHVsIGNsYXNzPSJ0ZXh0Ij4NCgkgICAgPGxpPjxpIGNsYXNzPSJpY29uIGxvdHVzLWljb24tbG9jYXRpb24iPjwvaT5QYXNzZWlnIFRvcnJlIFZhbGVudGluYSwgcy9uIC0gU2FudCBBbnRvbmkgZGUgQ2Fsb25nZTwvbGk+DQoJICAgIDxsaT48aSBjbGFzcz0iaWNvbiBsb3R1cy1pY29uLXBob25lIj48L2k+OTcyNjUyMjExIC8gOTcyNjUyMzg2PC9saT4NCgkgICAgPGxpPjxpIGNsYXNzPSJpY29uIGZhIGZhLWVudmVsb3BlLW8iPjwvaT5yZWltYXJAaG90ZWxyZWltYXIuY29tPC9saT4NCgk8L3VsPg0KPC9kaXY+[\/vc_raw_html][\/vc_column][vc_column width=\u00a0\u00bb1\/2&Prime;][vc_column_text size=\u00a0\u00bb0&Prime;]Si le syst\u00e8me ne vous donne pas la disponibilit\u00e9, veuillez faire votre demande ici[\/vc_column_text][vc_column_text size=\u00a0\u00bb0&Prime;]Ou si vous pr\u00e9f\u00e9rez, remplissez le formulaire de contact suivant pour nous contacter.[\/vc_column_text][\/vc_column][\/vc_row][vc_row full_width=\u00a0\u00bbstretch_row\u00a0\u00bb][vc_column][vc_empty_space height=\u00a0\u00bb62px\u00a0\u00bb][vc_gmaps link=\u00a0\u00bb#E-8_JTNDaWZyYW1lJTIwc3JjJTNEJTIyaHR0cHMlM0ElMkYlMkZ3d3cuZ29vZ2xlLmNvbSUyRm1hcHMlMkZlbWJlZCUzRnBiJTNEJTIxMW0xOCUyMTFtMTIlMjExbTMlMjExZDIzNzc4LjY3NzYyMTE2MzM3JTIxMmQzLjA4NjkxNTgyNTM4MjE4MSUyMTNkNDEuODQyNjIyMTEyMzg5MjglMjEybTMlMjExZjAlMjEyZjAlMjEzZjAlMjEzbTIlMjExaTEwMjQlMjEyaTc2OCUyMTRmMTMuMSUyMTNtMyUyMTFtMiUyMTFzMHgxMmJiMDA3ZTQ5MGEzNDk3JTI1M0EweDViYjc1YzlkODEwNTc4MzQlMjEyc0hvdGVsJTJCUmVpbWFyJTJCU2FudCUyQkFudG9uaSUyQmRlJTJCQ2Fsb25nZSUyQkhvdGVsJTIxNWUwJTIxM20yJTIxMXNjYSUyMTJzZXMlMjE0djE0ODY3NTQ0OTIxMzIlMjIlMjB3aWR0aCUzRCUyMjgwMCUyMiUyMGhlaWdodCUzRCUyMjIwMCUyMiUyMGZyYW1lYm9yZGVyJTNEJTIyMCUyMiUyMHN0eWxlJTNEJTIyYm9yZGVyJTNBMCUyMiUyMGFsbG93ZnVsbHNjcmVlbiUzRSUzQyUyRmlmcmFtZSUzRQ==\u00a0\u00bb size=\u00a0\u00bb\u00a0\u00bb][vc_empty_space&#8230;<\/p>\n","protected":false},"author":1,"featured_media":0,"parent":0,"menu_order":0,"comment_status":"closed","ping_status":"closed","template":"","meta":{"footnotes":""},"yoast_head":"<!-- This site is optimized with the Yoast SEO plugin v22.4 - https:\/\/yoast.com\/wordpress\/plugins\/seo\/ -->\n<title>H\u00f4tel Reimar - Sant Antoni de Calonge Costa Brava - Chambres &amp; Residences<\/title>\n<meta name=\"description\" content=\"H\u00f4tel Reimar Torre Valentina est un h\u00f4tel en bord de mer propose diff\u00e9rents types d&#039;h\u00e9bergement: chambres, appartements et r\u00e9sidences\" \/>\n<meta name=\"robots\" content=\"index, follow, max-snippet:-1, max-image-preview:large, max-video-preview:-1\" \/>\n<link rel=\"canonical\" href=\"https:\/\/hotelreimar.com\/fr\/contact\/\" \/>\n<meta property=\"og:locale\" content=\"fr_FR\" \/>\n<meta property=\"og:type\" content=\"article\" \/>\n<meta property=\"og:title\" content=\"H\u00f4tel Reimar - Sant Antoni de Calonge Costa Brava - Chambres &amp; Residences\" \/>\n<meta property=\"og:description\" content=\"H\u00f4tel Reimar Torre Valentina est un h\u00f4tel en bord de mer propose diff\u00e9rents types d&#039;h\u00e9bergement: chambres, appartements et r\u00e9sidences\" \/>\n<meta property=\"og:url\" content=\"https:\/\/hotelreimar.com\/fr\/contact\/\" \/>\n<meta property=\"article:modified_time\" content=\"2018-06-06T15:36:36+00:00\" \/>\n<meta name=\"twitter:card\" content=\"summary_large_image\" \/>\n<meta name=\"twitter:label1\" content=\"Dur\u00e9e de lecture estim\u00e9e\" \/>\n\t<meta name=\"twitter:data1\" content=\"2 minutes\" \/>\n<script type=\"application\/ld+json\" class=\"yoast-schema-graph\">{\"@context\":\"https:\/\/schema.org\",\"@graph\":[{\"@type\":\"WebPage\",\"@id\":\"https:\/\/hotelreimar.com\/fr\/contact\/\",\"url\":\"https:\/\/hotelreimar.com\/fr\/contact\/\",\"name\":\"H\u00f4tel Reimar - Sant Antoni de Calonge Costa Brava - Chambres & Residences\",\"isPartOf\":{\"@id\":\"https:\/\/hotelreimar.com\/#website\"},\"datePublished\":\"2017-08-09T11:32:17+00:00\",\"dateModified\":\"2018-06-06T15:36:36+00:00\",\"description\":\"H\u00f4tel Reimar Torre Valentina est un h\u00f4tel en bord de mer propose diff\u00e9rents types d'h\u00e9bergement: chambres, appartements et r\u00e9sidences\",\"breadcrumb\":{\"@id\":\"https:\/\/hotelreimar.com\/fr\/contact\/#breadcrumb\"},\"inLanguage\":\"fr-FR\",\"potentialAction\":[{\"@type\":\"ReadAction\",\"target\":[\"https:\/\/hotelreimar.com\/fr\/contact\/\"]}]},{\"@type\":\"BreadcrumbList\",\"@id\":\"https:\/\/hotelreimar.com\/fr\/contact\/#breadcrumb\",\"itemListElement\":[{\"@type\":\"ListItem\",\"position\":1,\"name\":\"Inici\",\"item\":\"https:\/\/hotelreimar.com\/fr\/\"},{\"@type\":\"ListItem\",\"position\":2,\"name\":\"Contact\"}]},{\"@type\":\"WebSite\",\"@id\":\"https:\/\/hotelreimar.com\/#website\",\"url\":\"https:\/\/hotelreimar.com\/\",\"name\":\"\",\"description\":\"\",\"potentialAction\":[{\"@type\":\"SearchAction\",\"target\":{\"@type\":\"EntryPoint\",\"urlTemplate\":\"https:\/\/hotelreimar.com\/?s={search_term_string}\"},\"query-input\":\"required name=search_term_string\"}],\"inLanguage\":\"fr-FR\"}]}<\/script>\n<!-- \/ Yoast SEO plugin. -->","yoast_head_json":{"title":"H\u00f4tel Reimar - Sant Antoni de Calonge Costa Brava - Chambres & Residences","description":"H\u00f4tel Reimar Torre Valentina est un h\u00f4tel en bord de mer propose diff\u00e9rents types d'h\u00e9bergement: chambres, appartements et r\u00e9sidences","robots":{"index":"index","follow":"follow","max-snippet":"max-snippet:-1","max-image-preview":"max-image-preview:large","max-video-preview":"max-video-preview:-1"},"canonical":"https:\/\/hotelreimar.com\/fr\/contact\/","og_locale":"fr_FR","og_type":"article","og_title":"H\u00f4tel Reimar - Sant Antoni de Calonge Costa Brava - Chambres & Residences","og_description":"H\u00f4tel Reimar Torre Valentina est un h\u00f4tel en bord de mer propose diff\u00e9rents types d'h\u00e9bergement: chambres, appartements et r\u00e9sidences","og_url":"https:\/\/hotelreimar.com\/fr\/contact\/","article_modified_time":"2018-06-06T15:36:36+00:00","twitter_card":"summary_large_image","twitter_misc":{"Dur\u00e9e de lecture estim\u00e9e":"2 minutes"},"schema":{"@context":"https:\/\/schema.org","@graph":[{"@type":"WebPage","@id":"https:\/\/hotelreimar.com\/fr\/contact\/","url":"https:\/\/hotelreimar.com\/fr\/contact\/","name":"H\u00f4tel Reimar - Sant Antoni de Calonge Costa Brava - Chambres & Residences","isPartOf":{"@id":"https:\/\/hotelreimar.com\/#website"},"datePublished":"2017-08-09T11:32:17+00:00","dateModified":"2018-06-06T15:36:36+00:00","description":"H\u00f4tel Reimar Torre Valentina est un h\u00f4tel en bord de mer propose diff\u00e9rents types d'h\u00e9bergement: chambres, appartements et r\u00e9sidences","breadcrumb":{"@id":"https:\/\/hotelreimar.com\/fr\/contact\/#breadcrumb"},"inLanguage":"fr-FR","potentialAction":[{"@type":"ReadAction","target":["https:\/\/hotelreimar.com\/fr\/contact\/"]}]},{"@type":"BreadcrumbList","@id":"https:\/\/hotelreimar.com\/fr\/contact\/#breadcrumb","itemListElement":[{"@type":"ListItem","position":1,"name":"Inici","item":"https:\/\/hotelreimar.com\/fr\/"},{"@type":"ListItem","position":2,"name":"Contact"}]},{"@type":"WebSite","@id":"https:\/\/hotelreimar.com\/#website","url":"https:\/\/hotelreimar.com\/","name":"","description":"","potentialAction":[{"@type":"SearchAction","target":{"@type":"EntryPoint","urlTemplate":"https:\/\/hotelreimar.com\/?s={search_term_string}"},"query-input":"required name=search_term_string"}],"inLanguage":"fr-FR"}]}},"_links":{"self":[{"href":"https:\/\/hotelreimar.com\/fr\/wp-json\/wp\/v2\/pages\/1873"}],"collection":[{"href":"https:\/\/hotelreimar.com\/fr\/wp-json\/wp\/v2\/pages"}],"about":[{"href":"https:\/\/hotelreimar.com\/fr\/wp-json\/wp\/v2\/types\/page"}],"author":[{"embeddable":true,"href":"https:\/\/hotelreimar.com\/fr\/wp-json\/wp\/v2\/users\/1"}],"replies":[{"embeddable":true,"href":"https:\/\/hotelreimar.com\/fr\/wp-json\/wp\/v2\/comments?post=1873"}],"version-history":[{"count":4,"href":"https:\/\/hotelreimar.com\/fr\/wp-json\/wp\/v2\/pages\/1873\/revisions"}],"predecessor-version":[{"id":1934,"href":"https:\/\/hotelreimar.com\/fr\/wp-json\/wp\/v2\/pages\/1873\/revisions\/1934"}],"wp:attachment":[{"href":"https:\/\/hotelreimar.com\/fr\/wp-json\/wp\/v2\/media?parent=1873"}],"curies":[{"name":"wp","href":"https:\/\/api.w.org\/{rel}","templated":true}]}}