{"id":1854,"date":"2017-08-09T12:26:27","date_gmt":"2017-08-09T11:26:27","guid":{"rendered":"http:\/\/hotelreimar.com\/reglages\/"},"modified":"2017-08-09T12:27:56","modified_gmt":"2017-08-09T11:27:56","slug":"environnement","status":"publish","type":"page","link":"https:\/\/hotelreimar.com\/fr\/environnement\/","title":{"rendered":"Environnement"},"content":{"rendered":"<p>[vc_row full_width=\u00a0\u00bbstretch_row\u00a0\u00bb enable_overlay=\u00a0\u00bbtrue\u00a0\u00bb bg_overlay=\u00a0\u00bbrgba(0,0,0,0.27)\u00a0\u00bb css=\u00a0\u00bb.vc_custom_1486755111171{padding-top: 150px !important;padding-bottom: 50px !important;background-image: url(http:\/\/hotelreimar.joutm.com\/wp-content\/uploads\/apartamentsplay2.jpg?id=672) !important;background-position: center !important;background-repeat: no-repeat !important;background-size: cover !important;}\u00a0\u00bb][vc_column]<div class=\"engo-special-heading text-center\" style=\"color:#ffffff;\"><h2>ENVIRONNEMENT<\/h2><\/div>[engo_check_available_form night=\u00a0\u00bbno\u00a0\u00bb layout=\u00a0\u00bbhorizontal\u00a0\u00bb style=\u00a0\u00bbcustom\u00a0\u00bb][\/vc_column][\/vc_row][vc_row][vc_column][vc_column_text size=\u00a0\u00bb0&Prime;]<\/p>\n<h2 style=\"text-align: center;\">La Costa Brava est un paradis de la nature, la culture, le paysage et les gens. Nous mettons un petit catalogue de ce que vous pouvez d\u00e9couvrir<\/h2>\n<p>&nbsp;[\/vc_column_text][vc_tta_tabs][vc_tta_section title=\u00a0\u00bbGastronomie\u00a0\u00bb tab_id=\u00a0\u00bb1486763354920-789e1e9b-7a26&Prime;][vc_row_inner][vc_column_inner width=\u00a0\u00bb1\/2&Prime;][vc_single_image image=\u00a0\u00bb1175&Prime; img_size=\u00a0\u00bblarge\u00a0\u00bb][\/vc_column_inner][vc_column_inner width=\u00a0\u00bb1\/2&Prime;][vc_column_text size=\u00a0\u00bb0&Prime;]\u00c0 distance de marche de Palamos et son march\u00e9 aux poissons, la plupart de notre cuisine de restaurants est \u00e0 base de poisson frais. Sans oublier la cuisine traditionnelle de la r\u00e9gion.<br \/>\nNous vous sugg\u00e9rons d&rsquo;essayer \u00e9galement le menu de crevettes, le menu Norv\u00e8ge du homard et le menu des restaurants de poisson offert pot en ville[\/vc_column_text][\/vc_column_inner][\/vc_row_inner][\/vc_tta_section][vc_tta_section title=\u00a0\u00bbPaysage\u00a0\u00bb tab_id=\u00a0\u00bb1486763354946-c71f6952-4f4b\u00a0\u00bb][vc_row_inner][vc_column_inner width=\u00a0\u00bb1\/2&Prime;][vc_single_image image=\u00a0\u00bb1401&Prime; img_size=\u00a0\u00bblarge\u00a0\u00bb][\/vc_column_inner][vc_column_inner width=\u00a0\u00bb1\/2&Prime;][vc_column_text size=\u00a0\u00bb0&Prime;]D\u00e9couvrez les coins de la Costa Brava et Girona \u00e0 l&rsquo;int\u00e9rieur:<br \/>\nBegur<br \/>\nGirona<br \/>\ngavarres<br \/>\nPals<br \/>\nperatallada<br \/>\nCalella de Palafrugell<\/p>\n<p>Prenez des circuits pr\u00e9par\u00e9s pour des excursions en v\u00e9lo ou \u00e0 pied[\/vc_column_text][\/vc_column_inner][\/vc_row_inner][\/vc_tta_section][vc_tta_section title=\u00a0\u00bbWalkway\u00a0\u00bb tab_id=\u00a0\u00bb1486763401788-bc7164dd-32ee\u00a0\u00bb][vc_row_inner][vc_column_inner width=\u00a0\u00bb1\/2&Prime;][vc_single_image image=\u00a0\u00bb1403&Prime; img_size=\u00a0\u00bblarge\u00a0\u00bb][\/vc_column_inner][vc_column_inner width=\u00a0\u00bb1\/2&Prime;][vc_column_text size=\u00a0\u00bb0&Prime;]Chapitre m\u00e9rite le Camino de Ronda Sant Antoni de Calonge. Commencez par l&rsquo;h\u00f4tel et les stations et criques sauvages qui sont l&rsquo;essence de la Costa Brava.[\/vc_column_text][\/vc_column_inner][\/vc_row_inner][\/vc_tta_section][vc_tta_section title=\u00a0\u00bb\u00c9tablissement vinicole\u00a0\u00bb tab_id=\u00a0\u00bb1487803376356-2ff768c3-9041&Prime;][vc_row_inner][vc_column_inner width=\u00a0\u00bb1\/2&Prime;][vc_single_image image=\u00a0\u00bb1439&Prime; img_size=\u00a0\u00bblarge\u00a0\u00bb][\/vc_column_inner][vc_column_inner width=\u00a0\u00bb1\/2&Prime;][vc_column_text size=\u00a0\u00bb0&Prime;]Calonge est une ville avec une longue tradition de production de vin, et est le berceau du mouvement Remen\u00e7a qui favorise la production de vin et des m\u00e9thodes artisanales traditionnelles. Nous vous sugg\u00e9rons de visiter l&rsquo;une de ces vieilles caves pour apprendre \u00e0 faire la production de vin.[\/vc_column_text][\/vc_column_inner][\/vc_row_inner][\/vc_tta_section][vc_tta_section title=\u00a0\u00bbF\u00eates et foires\u00a0\u00bb tab_id=\u00a0\u00bb1487804433193-aa6a00e5-34d4&Prime;][vc_row_inner][vc_column_inner width=\u00a0\u00bb1\/2&Prime;][vc_single_image image=\u00a0\u00bb1176&Prime; img_size=\u00a0\u00bblarge\u00a0\u00bb][\/vc_column_inner][vc_column_inner width=\u00a0\u00bb1\/2&Prime;][vc_column_text size=\u00a0\u00bb0&Prime;]Profitez d&rsquo;un programme rempli de propositions d&rsquo;activit\u00e9s. Le march\u00e9 m\u00e9di\u00e9val Calonge, une foire qui a lieu pendant des ann\u00e9es et jouit d&rsquo;un prestige, f\u00eate du vin nouveau et beaucoup d&rsquo;autres propositions.[\/vc_column_text][\/vc_column_inner][\/vc_row_inner][\/vc_tta_section][vc_tta_section title=\u00a0\u00bbRelaxer\u00a0\u00bb tab_id=\u00a0\u00bb1489253474245-5c5331e8-c1e0&Prime;][vc_row_inner][vc_column_inner width=\u00a0\u00bb1\/2&Prime;][vc_single_image image=\u00a0\u00bb1173&Prime; img_size=\u00a0\u00bblarge\u00a0\u00bb][\/vc_column_inner][vc_column_inner width=\u00a0\u00bb1\/2&Prime;][vc_column_text size=\u00a0\u00bb0&Prime;]D\u00e9tendez-vous et profitez[\/vc_column_text][\/vc_column_inner][\/vc_row_inner][\/vc_tta_section][\/vc_tta_tabs][\/vc_column][\/vc_row][vc_row][vc_column][vc_column_text size=\u00a0\u00bb0&Prime;]<\/p>\n<h2>Voici quelques liens qui peuvent int\u00e9resser<\/h2>\n<p>[\/vc_column_text][vc_single_image image=\u00a0\u00bb1517&Prime; img_size=\u00a0\u00bblarge\u00a0\u00bb onclick=\u00a0\u00bbcustom_link\u00a0\u00bb img_link_target=\u00a0\u00bb_blank\u00a0\u00bb link=\u00a0\u00bbhttp:\/\/194.224.107.115:8081\/\u00a0\u00bb][vc_single_image image=\u00a0\u00bb1519&Prime; img_size=\u00a0\u00bblarge\u00a0\u00bb onclick=\u00a0\u00bbcustom_link\u00a0\u00bb img_link_target=\u00a0\u00bb_blank\u00a0\u00bb link=\u00a0\u00bbhttps:\/\/app.weathercloud.net\/d0925872863#current\u00a0\u00bb][\/vc_column][\/vc_row]<\/p>\n","protected":false},"excerpt":{"rendered":"<p>[vc_row full_width=\u00a0\u00bbstretch_row\u00a0\u00bb enable_overlay=\u00a0\u00bbtrue\u00a0\u00bb bg_overlay=\u00a0\u00bbrgba(0,0,0,0.27)\u00a0\u00bb css=\u00a0\u00bb.vc_custom_1486755111171{padding-top: 150px !important;padding-bottom: 50px !important;background-image: url(http:\/\/hotelreimar.joutm.com\/wp-content\/uploads\/apartamentsplay2.jpg?id=672) !important;background-position: center !important;background-repeat: no-repeat !important;background-size: cover !important;}\u00a0\u00bb][vc_column][engo_check_available_form night=\u00a0\u00bbno\u00a0\u00bb layout=\u00a0\u00bbhorizontal\u00a0\u00bb style=\u00a0\u00bbcustom\u00a0\u00bb][\/vc_column][\/vc_row][vc_row][vc_column][vc_column_text size=\u00a0\u00bb0&Prime;] La Costa Brava est un paradis de la nature, la culture, le paysage et les gens. Nous mettons un petit catalogue de ce que vous pouvez d\u00e9couvrir &nbsp;[\/vc_column_text][vc_tta_tabs][vc_tta_section title=\u00a0\u00bbGastronomie\u00a0\u00bb tab_id=\u00a0\u00bb1486763354920-789e1e9b-7a26&Prime;][vc_row_inner][vc_column_inner width=\u00a0\u00bb1\/2&Prime;][vc_single_image image=\u00a0\u00bb1175&Prime; img_size=\u00a0\u00bblarge\u00a0\u00bb][\/vc_column_inner][vc_column_inner width=\u00a0\u00bb1\/2&Prime;][vc_column_text&#8230;<\/p>\n","protected":false},"author":1,"featured_media":0,"parent":0,"menu_order":0,"comment_status":"closed","ping_status":"closed","template":"","meta":{"footnotes":""},"yoast_head":"<!-- This site is optimized with the Yoast SEO plugin v22.4 - https:\/\/yoast.com\/wordpress\/plugins\/seo\/ -->\n<title>H\u00f4tel Reimar - Sant Antoni de Calonge Costa Brava - Chambres &amp; Residences<\/title>\n<meta name=\"description\" content=\"H\u00f4tel Reimar Torre Valentina est un h\u00f4tel juste sur la plage avec un environnement merveilleux qui r\u00e9v\u00e8le l&#039;essence de la Costa Brava\" \/>\n<meta name=\"robots\" content=\"index, follow, max-snippet:-1, max-image-preview:large, max-video-preview:-1\" \/>\n<link rel=\"canonical\" href=\"https:\/\/hotelreimar.com\/fr\/environnement\/\" \/>\n<meta property=\"og:locale\" content=\"fr_FR\" \/>\n<meta property=\"og:type\" content=\"article\" \/>\n<meta property=\"og:title\" content=\"H\u00f4tel Reimar - Sant Antoni de Calonge Costa Brava - Chambres &amp; Residences\" \/>\n<meta property=\"og:description\" content=\"H\u00f4tel Reimar Torre Valentina est un h\u00f4tel juste sur la plage avec un environnement merveilleux qui r\u00e9v\u00e8le l&#039;essence de la Costa Brava\" \/>\n<meta property=\"og:url\" content=\"https:\/\/hotelreimar.com\/fr\/environnement\/\" \/>\n<meta property=\"article:modified_time\" content=\"2017-08-09T11:27:56+00:00\" \/>\n<meta name=\"twitter:card\" content=\"summary_large_image\" \/>\n<meta name=\"twitter:label1\" content=\"Dur\u00e9e de lecture estim\u00e9e\" \/>\n\t<meta name=\"twitter:data1\" content=\"3 minutes\" \/>\n<script type=\"application\/ld+json\" class=\"yoast-schema-graph\">{\"@context\":\"https:\/\/schema.org\",\"@graph\":[{\"@type\":\"WebPage\",\"@id\":\"https:\/\/hotelreimar.com\/fr\/environnement\/\",\"url\":\"https:\/\/hotelreimar.com\/fr\/environnement\/\",\"name\":\"H\u00f4tel Reimar - Sant Antoni de Calonge Costa Brava - Chambres & Residences\",\"isPartOf\":{\"@id\":\"https:\/\/hotelreimar.com\/#website\"},\"datePublished\":\"2017-08-09T11:26:27+00:00\",\"dateModified\":\"2017-08-09T11:27:56+00:00\",\"description\":\"H\u00f4tel Reimar Torre Valentina est un h\u00f4tel juste sur la plage avec un environnement merveilleux qui r\u00e9v\u00e8le l'essence de la Costa Brava\",\"breadcrumb\":{\"@id\":\"https:\/\/hotelreimar.com\/fr\/environnement\/#breadcrumb\"},\"inLanguage\":\"fr-FR\",\"potentialAction\":[{\"@type\":\"ReadAction\",\"target\":[\"https:\/\/hotelreimar.com\/fr\/environnement\/\"]}]},{\"@type\":\"BreadcrumbList\",\"@id\":\"https:\/\/hotelreimar.com\/fr\/environnement\/#breadcrumb\",\"itemListElement\":[{\"@type\":\"ListItem\",\"position\":1,\"name\":\"Inici\",\"item\":\"https:\/\/hotelreimar.com\/fr\/\"},{\"@type\":\"ListItem\",\"position\":2,\"name\":\"Environnement\"}]},{\"@type\":\"WebSite\",\"@id\":\"https:\/\/hotelreimar.com\/#website\",\"url\":\"https:\/\/hotelreimar.com\/\",\"name\":\"\",\"description\":\"\",\"potentialAction\":[{\"@type\":\"SearchAction\",\"target\":{\"@type\":\"EntryPoint\",\"urlTemplate\":\"https:\/\/hotelreimar.com\/?s={search_term_string}\"},\"query-input\":\"required name=search_term_string\"}],\"inLanguage\":\"fr-FR\"}]}<\/script>\n<!-- \/ Yoast SEO plugin. -->","yoast_head_json":{"title":"H\u00f4tel Reimar - Sant Antoni de Calonge Costa Brava - Chambres & Residences","description":"H\u00f4tel Reimar Torre Valentina est un h\u00f4tel juste sur la plage avec un environnement merveilleux qui r\u00e9v\u00e8le l'essence de la Costa Brava","robots":{"index":"index","follow":"follow","max-snippet":"max-snippet:-1","max-image-preview":"max-image-preview:large","max-video-preview":"max-video-preview:-1"},"canonical":"https:\/\/hotelreimar.com\/fr\/environnement\/","og_locale":"fr_FR","og_type":"article","og_title":"H\u00f4tel Reimar - Sant Antoni de Calonge Costa Brava - Chambres & Residences","og_description":"H\u00f4tel Reimar Torre Valentina est un h\u00f4tel juste sur la plage avec un environnement merveilleux qui r\u00e9v\u00e8le l'essence de la Costa Brava","og_url":"https:\/\/hotelreimar.com\/fr\/environnement\/","article_modified_time":"2017-08-09T11:27:56+00:00","twitter_card":"summary_large_image","twitter_misc":{"Dur\u00e9e de lecture estim\u00e9e":"3 minutes"},"schema":{"@context":"https:\/\/schema.org","@graph":[{"@type":"WebPage","@id":"https:\/\/hotelreimar.com\/fr\/environnement\/","url":"https:\/\/hotelreimar.com\/fr\/environnement\/","name":"H\u00f4tel Reimar - Sant Antoni de Calonge Costa Brava - Chambres & Residences","isPartOf":{"@id":"https:\/\/hotelreimar.com\/#website"},"datePublished":"2017-08-09T11:26:27+00:00","dateModified":"2017-08-09T11:27:56+00:00","description":"H\u00f4tel Reimar Torre Valentina est un h\u00f4tel juste sur la plage avec un environnement merveilleux qui r\u00e9v\u00e8le l'essence de la Costa Brava","breadcrumb":{"@id":"https:\/\/hotelreimar.com\/fr\/environnement\/#breadcrumb"},"inLanguage":"fr-FR","potentialAction":[{"@type":"ReadAction","target":["https:\/\/hotelreimar.com\/fr\/environnement\/"]}]},{"@type":"BreadcrumbList","@id":"https:\/\/hotelreimar.com\/fr\/environnement\/#breadcrumb","itemListElement":[{"@type":"ListItem","position":1,"name":"Inici","item":"https:\/\/hotelreimar.com\/fr\/"},{"@type":"ListItem","position":2,"name":"Environnement"}]},{"@type":"WebSite","@id":"https:\/\/hotelreimar.com\/#website","url":"https:\/\/hotelreimar.com\/","name":"","description":"","potentialAction":[{"@type":"SearchAction","target":{"@type":"EntryPoint","urlTemplate":"https:\/\/hotelreimar.com\/?s={search_term_string}"},"query-input":"required name=search_term_string"}],"inLanguage":"fr-FR"}]}},"_links":{"self":[{"href":"https:\/\/hotelreimar.com\/fr\/wp-json\/wp\/v2\/pages\/1854"}],"collection":[{"href":"https:\/\/hotelreimar.com\/fr\/wp-json\/wp\/v2\/pages"}],"about":[{"href":"https:\/\/hotelreimar.com\/fr\/wp-json\/wp\/v2\/types\/page"}],"author":[{"embeddable":true,"href":"https:\/\/hotelreimar.com\/fr\/wp-json\/wp\/v2\/users\/1"}],"replies":[{"embeddable":true,"href":"https:\/\/hotelreimar.com\/fr\/wp-json\/wp\/v2\/comments?post=1854"}],"version-history":[{"count":15,"href":"https:\/\/hotelreimar.com\/fr\/wp-json\/wp\/v2\/pages\/1854\/revisions"}],"predecessor-version":[{"id":1870,"href":"https:\/\/hotelreimar.com\/fr\/wp-json\/wp\/v2\/pages\/1854\/revisions\/1870"}],"wp:attachment":[{"href":"https:\/\/hotelreimar.com\/fr\/wp-json\/wp\/v2\/media?parent=1854"}],"curies":[{"name":"wp","href":"https:\/\/api.w.org\/{rel}","templated":true}]}}