{"id":1834,"date":"2017-08-09T10:42:45","date_gmt":"2017-08-09T10:42:45","guid":{"rendered":"http:\/\/hotelreimar.com\/chambres\/"},"modified":"2021-02-22T15:22:55","modified_gmt":"2021-02-22T15:22:55","slug":"chambres_old","status":"publish","type":"page","link":"https:\/\/hotelreimar.com\/fr\/chambres_old\/","title":{"rendered":"Chambres_old"},"content":{"rendered":"<p>[vc_row full_width=\u00a0\u00bbstretch_row\u00a0\u00bb css=\u00a0\u00bb.vc_custom_1486753874620{background-color: #bfbfbf !important;}\u00a0\u00bb][vc_column][vc_empty_space][vc_empty_space][\/vc_column][\/vc_row][vc_row][vc_column width=\u00a0\u00bb1\/2&Prime;][vc_custom_heading text=\u00a0\u00bbVue sur la mer\u00a0\u00bb google_fonts=\u00a0\u00bbfont_family:Lora%3Aregular%2Citalic%2C700%2C700italic|font_style:700%20bold%20regular%3A700%3Anormal\u00a0\u00bb][vc_gallery interval=\u00a0\u00bb3&Prime; images=\u00a0\u00bb2937,2949,2945,2941,2957,2953,992,1008,1715,1013,1010,1006,995&Prime; img_size=\u00a0\u00bb570&#215;342&Prime;][vc_column_text size=\u00a0\u00bb0&Prime;]Chambre Vue d\u2019ensemble<\/p>\n<ul>\n<li>Entre 14 m2 et 20 m2<\/li>\n<li>Terrasse avec vue sur la mer<\/li>\n<li>Chambres familiales disponibles<\/li>\n<li>Salle de bains avec douche ou baignoire, s\u00e8che-cheveux et<\/li>\n<li>Climatisation<\/li>\n<li>TV LCD 22 \u2018\u00e0 36\u2019<\/li>\n<li>Wi-fi et t\u00e9l\u00e9phone<\/li>\n<li>S\u00e9curit\u00e9<\/li>\n<\/ul>\n<p>[\/vc_column_text][\/vc_column][vc_column width=\u00a0\u00bb1\/2&Prime;][vc_custom_heading text=\u00a0\u00bbStandard<br \/>\n\u00a0\u00bb google_fonts=\u00a0\u00bbfont_family:Lora%3Aregular%2Citalic%2C700%2C700italic|font_style:700%20bold%20regular%3A700%3Anormal\u00a0\u00bb][vc_gallery interval=\u00a0\u00bb3&Prime; images=\u00a0\u00bb994,1034,1024,1083,1082,1081,1078,1077,1076,1035,1019,996,1004,990,991,1720,1716,1713&Prime; img_size=\u00a0\u00bb570&#215;342&Prime;][vc_column_text size=\u00a0\u00bb0&Prime;]Chambre Vue d\u2019ensemble<\/p>\n<ul>\n<li>Entre 14 m2 et 20 m2<\/li>\n<li>Terrassa<\/li>\n<li>Chambres familiales disponibles et triple<\/li>\n<li>Chambres disponibles \u00e0 rez-de-chauss\u00e9e avec grande terrasse priv\u00e9e<\/li>\n<li>Salle de bains avec douche ou baignoire, s\u00e8che-cheveux et<\/li>\n<li>Climatisation<\/li>\n<li>TV LCD 22 \u2018\u00e0 36\u2019<\/li>\n<li>Wi-fi et t\u00e9l\u00e9phone<\/li>\n<li>S\u00e9curit\u00e9<\/li>\n<\/ul>\n<p>[\/vc_column_text][\/vc_column][\/vc_row][vc_row][vc_column width=\u00a0\u00bb1\/2&Prime;][vc_custom_heading text=\u00a0\u00bbSuite\u00a0\u00bb google_fonts=\u00a0\u00bbfont_family:Lora%3Aregular%2Citalic%2C700%2C700italic|font_style:700%20bold%20regular%3A700%3Anormal\u00a0\u00bb][vc_gallery interval=\u00a0\u00bb3&Prime; images=\u00a0\u00bb2928,2993,2997,3001&Prime; img_size=\u00a0\u00bb570&#215;342&Prime;][vc_column_text size=\u00a0\u00bb0&Prime;]<span style=\"color: #ff0000;\"> CHAMBRE R\u00c9CEMMENT R\u00c9NOV\u00c9E <\/span> Caract\u00e9ristiques g\u00e9n\u00e9rales de la chambre<\/p>\n<ul>\n<li>22 m2<\/li>\n<li>Terrasse<\/li>\n<li>Salle de bain avec douche<\/li>\n<li>Climatisation<\/li>\n<li>TV LCD 32 \u2032<\/li>\n<li>Wi-fi et t\u00e9l\u00e9phone<\/li>\n<li>Coffre<\/li>\n<\/ul>\n<p>[\/vc_column_text][\/vc_column][vc_column width=\u00a0\u00bb1\/2&Prime;][vc_custom_heading text=\u00a0\u00bb\u00c9conomique\u00a0\u00bb google_fonts=\u00a0\u00bbfont_family:Lora%3Aregular%2Citalic%2C700%2C700italic|font_style:700%20bold%20regular%3A700%3Anormal\u00a0\u00bb][vc_gallery interval=\u00a0\u00bb3&Prime; images=\u00a0\u00bb1027,1026,1025,1719&Prime; img_size=\u00a0\u00bb570&#215;342&Prime;][vc_column_text size=\u00a0\u00bb0&Prime;]Chambre Vue d\u2019ensemble<\/p>\n<ul>\n<li>14 m2<\/li>\n<li>int\u00e9rieur<\/li>\n<li>Salle de bains avec douche ou baignoire, s\u00e8che-cheveux et<\/li>\n<li>Climatisation<\/li>\n<li>TV LCD 22 \u2018\u00e0 32\u2019<\/li>\n<li>Wi-fi et t\u00e9l\u00e9phone<\/li>\n<li>S\u00e9curit\u00e9<\/li>\n<\/ul>\n<p>[\/vc_column_text][\/vc_column][\/vc_row][vc_row][vc_column][vc_empty_space height=\u00a0\u00bb62px\u00a0\u00bb][\/vc_column][\/vc_row]<\/p>\n","protected":false},"excerpt":{"rendered":"<p>[vc_row full_width=\u00a0\u00bbstretch_row\u00a0\u00bb css=\u00a0\u00bb.vc_custom_1486753874620{background-color: #bfbfbf !important;}\u00a0\u00bb][vc_column][vc_empty_space][vc_empty_space][\/vc_column][\/vc_row][vc_row][vc_column width=\u00a0\u00bb1\/2&Prime;][vc_custom_heading text=\u00a0\u00bbVue sur la mer\u00a0\u00bb google_fonts=\u00a0\u00bbfont_family:Lora%3Aregular%2Citalic%2C700%2C700italic|font_style:700%20bold%20regular%3A700%3Anormal\u00a0\u00bb][vc_gallery interval=\u00a0\u00bb3&Prime; images=\u00a0\u00bb2937,2949,2945,2941,2957,2953,992,1008,1715,1013,1010,1006,995&Prime; img_size=\u00a0\u00bb570&#215;342&Prime;][vc_column_text size=\u00a0\u00bb0&Prime;]Chambre Vue d\u2019ensemble Entre 14 m2 et 20 m2 Terrasse avec vue sur la mer Chambres familiales disponibles Salle de bains avec douche ou baignoire, s\u00e8che-cheveux et Climatisation TV LCD 22 \u2018\u00e0 36\u2019 Wi-fi et t\u00e9l\u00e9phone S\u00e9curit\u00e9 [\/vc_column_text][\/vc_column][vc_column width=\u00a0\u00bb1\/2&Prime;][vc_custom_heading text=\u00a0\u00bbStandard \u00a0\u00bb&#8230;<\/p>\n","protected":false},"author":1,"featured_media":0,"parent":0,"menu_order":0,"comment_status":"closed","ping_status":"closed","template":"","meta":{"footnotes":""},"yoast_head":"<!-- This site is optimized with the Yoast SEO plugin v22.4 - https:\/\/yoast.com\/wordpress\/plugins\/seo\/ -->\n<title>Chambres - H\u00f4tel Reimar - Costa Brava<\/title>\n<meta name=\"description\" content=\"Chambres avec terrasses et une vue magnifique sur la mer. Pr\u00e8s de Camino de Ronda.\" \/>\n<meta name=\"robots\" content=\"index, follow, max-snippet:-1, max-image-preview:large, max-video-preview:-1\" \/>\n<link rel=\"canonical\" href=\"https:\/\/hotelreimar.com\/fr\/chambres_old\/\" \/>\n<meta property=\"og:locale\" content=\"fr_FR\" \/>\n<meta property=\"og:type\" content=\"article\" \/>\n<meta property=\"og:title\" content=\"Chambres - H\u00f4tel Reimar - Costa Brava\" \/>\n<meta property=\"og:description\" content=\"Chambres avec terrasses et une vue magnifique sur la mer. Pr\u00e8s de Camino de Ronda.\" \/>\n<meta property=\"og:url\" content=\"https:\/\/hotelreimar.com\/fr\/chambres_old\/\" \/>\n<meta property=\"article:modified_time\" content=\"2021-02-22T15:22:55+00:00\" \/>\n<meta name=\"twitter:card\" content=\"summary_large_image\" \/>\n<meta name=\"twitter:label1\" content=\"Dur\u00e9e de lecture estim\u00e9e\" \/>\n\t<meta name=\"twitter:data1\" content=\"2 minutes\" \/>\n<script type=\"application\/ld+json\" class=\"yoast-schema-graph\">{\"@context\":\"https:\/\/schema.org\",\"@graph\":[{\"@type\":\"WebPage\",\"@id\":\"https:\/\/hotelreimar.com\/fr\/chambres_old\/\",\"url\":\"https:\/\/hotelreimar.com\/fr\/chambres_old\/\",\"name\":\"Chambres - H\u00f4tel Reimar - Costa Brava\",\"isPartOf\":{\"@id\":\"https:\/\/hotelreimar.com\/#website\"},\"datePublished\":\"2017-08-09T10:42:45+00:00\",\"dateModified\":\"2021-02-22T15:22:55+00:00\",\"description\":\"Chambres avec terrasses et une vue magnifique sur la mer. Pr\u00e8s de Camino de Ronda.\",\"breadcrumb\":{\"@id\":\"https:\/\/hotelreimar.com\/fr\/chambres_old\/#breadcrumb\"},\"inLanguage\":\"fr-FR\",\"potentialAction\":[{\"@type\":\"ReadAction\",\"target\":[\"https:\/\/hotelreimar.com\/fr\/chambres_old\/\"]}]},{\"@type\":\"BreadcrumbList\",\"@id\":\"https:\/\/hotelreimar.com\/fr\/chambres_old\/#breadcrumb\",\"itemListElement\":[{\"@type\":\"ListItem\",\"position\":1,\"name\":\"Inici\",\"item\":\"https:\/\/hotelreimar.com\/fr\/\"},{\"@type\":\"ListItem\",\"position\":2,\"name\":\"Chambres_old\"}]},{\"@type\":\"WebSite\",\"@id\":\"https:\/\/hotelreimar.com\/#website\",\"url\":\"https:\/\/hotelreimar.com\/\",\"name\":\"\",\"description\":\"\",\"potentialAction\":[{\"@type\":\"SearchAction\",\"target\":{\"@type\":\"EntryPoint\",\"urlTemplate\":\"https:\/\/hotelreimar.com\/?s={search_term_string}\"},\"query-input\":\"required name=search_term_string\"}],\"inLanguage\":\"fr-FR\"}]}<\/script>\n<!-- \/ Yoast SEO plugin. -->","yoast_head_json":{"title":"Chambres - H\u00f4tel Reimar - Costa Brava","description":"Chambres avec terrasses et une vue magnifique sur la mer. Pr\u00e8s de Camino de Ronda.","robots":{"index":"index","follow":"follow","max-snippet":"max-snippet:-1","max-image-preview":"max-image-preview:large","max-video-preview":"max-video-preview:-1"},"canonical":"https:\/\/hotelreimar.com\/fr\/chambres_old\/","og_locale":"fr_FR","og_type":"article","og_title":"Chambres - H\u00f4tel Reimar - Costa Brava","og_description":"Chambres avec terrasses et une vue magnifique sur la mer. Pr\u00e8s de Camino de Ronda.","og_url":"https:\/\/hotelreimar.com\/fr\/chambres_old\/","article_modified_time":"2021-02-22T15:22:55+00:00","twitter_card":"summary_large_image","twitter_misc":{"Dur\u00e9e de lecture estim\u00e9e":"2 minutes"},"schema":{"@context":"https:\/\/schema.org","@graph":[{"@type":"WebPage","@id":"https:\/\/hotelreimar.com\/fr\/chambres_old\/","url":"https:\/\/hotelreimar.com\/fr\/chambres_old\/","name":"Chambres - H\u00f4tel Reimar - Costa Brava","isPartOf":{"@id":"https:\/\/hotelreimar.com\/#website"},"datePublished":"2017-08-09T10:42:45+00:00","dateModified":"2021-02-22T15:22:55+00:00","description":"Chambres avec terrasses et une vue magnifique sur la mer. Pr\u00e8s de Camino de Ronda.","breadcrumb":{"@id":"https:\/\/hotelreimar.com\/fr\/chambres_old\/#breadcrumb"},"inLanguage":"fr-FR","potentialAction":[{"@type":"ReadAction","target":["https:\/\/hotelreimar.com\/fr\/chambres_old\/"]}]},{"@type":"BreadcrumbList","@id":"https:\/\/hotelreimar.com\/fr\/chambres_old\/#breadcrumb","itemListElement":[{"@type":"ListItem","position":1,"name":"Inici","item":"https:\/\/hotelreimar.com\/fr\/"},{"@type":"ListItem","position":2,"name":"Chambres_old"}]},{"@type":"WebSite","@id":"https:\/\/hotelreimar.com\/#website","url":"https:\/\/hotelreimar.com\/","name":"","description":"","potentialAction":[{"@type":"SearchAction","target":{"@type":"EntryPoint","urlTemplate":"https:\/\/hotelreimar.com\/?s={search_term_string}"},"query-input":"required name=search_term_string"}],"inLanguage":"fr-FR"}]}},"_links":{"self":[{"href":"https:\/\/hotelreimar.com\/fr\/wp-json\/wp\/v2\/pages\/1834"}],"collection":[{"href":"https:\/\/hotelreimar.com\/fr\/wp-json\/wp\/v2\/pages"}],"about":[{"href":"https:\/\/hotelreimar.com\/fr\/wp-json\/wp\/v2\/types\/page"}],"author":[{"embeddable":true,"href":"https:\/\/hotelreimar.com\/fr\/wp-json\/wp\/v2\/users\/1"}],"replies":[{"embeddable":true,"href":"https:\/\/hotelreimar.com\/fr\/wp-json\/wp\/v2\/comments?post=1834"}],"version-history":[{"count":8,"href":"https:\/\/hotelreimar.com\/fr\/wp-json\/wp\/v2\/pages\/1834\/revisions"}],"predecessor-version":[{"id":4528,"href":"https:\/\/hotelreimar.com\/fr\/wp-json\/wp\/v2\/pages\/1834\/revisions\/4528"}],"wp:attachment":[{"href":"https:\/\/hotelreimar.com\/fr\/wp-json\/wp\/v2\/media?parent=1834"}],"curies":[{"name":"wp","href":"https:\/\/api.w.org\/{rel}","templated":true}]}}