{"id":4729,"date":"2021-02-23T05:11:10","date_gmt":"2021-02-23T05:11:10","guid":{"rendered":"https:\/\/hotelreimar.com\/reserva-directa\/"},"modified":"2024-09-13T10:51:05","modified_gmt":"2024-09-13T10:51:05","slug":"reserva-directa","status":"publish","type":"page","link":"https:\/\/hotelreimar.com\/es\/reserva-directa\/","title":{"rendered":"reserva directa"},"content":{"rendered":"<p>[vc_row][vc_column width=\u00bb5\/12&#8243;][vc_empty_space height=\u00bb120px\u00bb][vc_column_text size=\u00bb0&#8243;]<\/p>\n<h3 style=\"text-align: center;\">DUDAS SI RESERVAR DIRECTAMENTE EN LA WEB DEL HOTEL O EN OTRAS WEBS?<\/h3>\n<p>[\/vc_column_text][vc_single_image image=\u00bb5108&#8243; img_size=\u00bbmedium\u00bb alignment=\u00bbcenter\u00bb][vc_column_text size=\u00bb0&#8243;]<\/p>\n<h3 style=\"text-align: center;\">ESTAS SON LAS VENTAJAS DE RESERVAR DIRECTAMENTE CON NOSOTROS<\/h3>\n<p>[\/vc_column_text]<div class=\"engo-btn-container engo-btn-center\"><a class=\"engo-btn engo-btn-normal engo-btn-default\" href=\"https:\/\/hotelreimar.gnahs.com\/booking.php?idm=2\" title=\"\" style=\"background-color:#1e73be;border-color:#1e73be\">RESERVA<\/a><\/div>[\/vc_column][vc_column width=\u00bb7\/12&#8243;][vc_empty_space height=\u00bb120px\u00bb][vc_row_inner][vc_column_inner width=\u00bb1\/4&#8243;][vc_single_image image=\u00bb1213&#8243; img_size=\u00bb100&#215;100&#8243; alignment=\u00bbcenter\u00bb][\/vc_column_inner][vc_column_inner width=\u00bb3\/4&#8243;][vc_column_text size=\u00bb0&#8243;]<\/p>\n<h4>MEJOR PRECIO GARANTIZADO<\/h4>\n<p>Si encuentras un precio mejor, te lo igualamos[\/vc_column_text][\/vc_column_inner][\/vc_row_inner][vc_row_inner][vc_column_inner width=\u00bb1\/4&#8243;][vc_single_image image=\u00bb1227&#8243; img_size=\u00bb100&#215;100&#8243; alignment=\u00bbcenter\u00bb][\/vc_column_inner][vc_column_inner width=\u00bb3\/4&#8243;][vc_column_text size=\u00bb0&#8243;]<\/p>\n<h4>WIFI PREMIUM M\u00c1XIMA VELOCIDAD GRATUITO<\/h4>\n<p>O conexi\u00f3n LAN hasta 600 Mbs[\/vc_column_text][\/vc_column_inner][\/vc_row_inner][vc_row_inner][vc_column_inner width=\u00bb1\/4&#8243;][vc_single_image image=\u00bb1225&#8243; img_size=\u00bb80&#215;80&#8243; alignment=\u00bbcenter\u00bb][\/vc_column_inner][vc_column_inner width=\u00bb3\/4&#8243;][vc_column_text size=\u00bb0&#8243;]<\/p>\n<h4>PARKING CON UN 20% DE DESCUENTO<\/h4>\n<p>Videovigilado, junto al hotel. Precio clientes de agencia: 10 \u20ac Clientes directos: 8 \u20ac[\/vc_column_text][\/vc_column_inner][\/vc_row_inner][vc_row_inner][vc_column_inner width=\u00bb1\/4&#8243;][vc_single_image image=\u00bb1961&#8243; img_size=\u00bb100&#215;43&#8243; alignment=\u00bbcenter\u00bb][\/vc_column_inner][vc_column_inner width=\u00bb3\/4&#8243;][vc_column_text size=\u00bb0&#8243;]<\/p>\n<h4>CARGA SEMI R\u00c1PIDA HASTA 22 KWH DE VEH\u00cdCULOS EL\u00c9CTRICOS<\/h4>\n<p>[\/vc_column_text][\/vc_column_inner][\/vc_row_inner][\/vc_column][\/vc_row]<\/p>\n","protected":false},"excerpt":{"rendered":"<p>[vc_row][vc_column width=\u00bb5\/12&#8243;][vc_empty_space height=\u00bb120px\u00bb][vc_column_text size=\u00bb0&#8243;] DUDAS SI RESERVAR DIRECTAMENTE EN LA WEB DEL HOTEL O EN OTRAS WEBS? [\/vc_column_text][vc_single_image image=\u00bb5108&#8243; img_size=\u00bbmedium\u00bb alignment=\u00bbcenter\u00bb][vc_column_text size=\u00bb0&#8243;] ESTAS SON LAS VENTAJAS DE RESERVAR DIRECTAMENTE CON NOSOTROS [\/vc_column_text][\/vc_column][vc_column width=\u00bb7\/12&#8243;][vc_empty_space height=\u00bb120px\u00bb][vc_row_inner][vc_column_inner width=\u00bb1\/4&#8243;][vc_single_image image=\u00bb1213&#8243; img_size=\u00bb100&#215;100&#8243; alignment=\u00bbcenter\u00bb][\/vc_column_inner][vc_column_inner width=\u00bb3\/4&#8243;][vc_column_text size=\u00bb0&#8243;] MEJOR PRECIO GARANTIZADO Si encuentras un precio mejor, te lo igualamos[\/vc_column_text][\/vc_column_inner][\/vc_row_inner][vc_row_inner][vc_column_inner width=\u00bb1\/4&#8243;][vc_single_image image=\u00bb1227&#8243; img_size=\u00bb100&#215;100&#8243; alignment=\u00bbcenter\u00bb][\/vc_column_inner][vc_column_inner&#8230;<\/p>\n","protected":false},"author":1,"featured_media":0,"parent":0,"menu_order":0,"comment_status":"closed","ping_status":"closed","template":"","meta":{"footnotes":""},"yoast_head":"<!-- This site is optimized with the Yoast SEO plugin v22.4 - https:\/\/yoast.com\/wordpress\/plugins\/seo\/ -->\n<title>reserva directa -<\/title>\n<meta name=\"robots\" content=\"index, follow, max-snippet:-1, max-image-preview:large, max-video-preview:-1\" \/>\n<link rel=\"canonical\" href=\"https:\/\/hotelreimar.com\/es\/reserva-directa\/\" \/>\n<meta property=\"og:locale\" content=\"es_ES\" \/>\n<meta property=\"og:type\" content=\"article\" \/>\n<meta property=\"og:title\" content=\"reserva directa -\" \/>\n<meta property=\"og:description\" content=\"[vc_row][vc_column width=\u00bb5\/12&#8243;][vc_empty_space height=\u00bb120px\u00bb][vc_column_text size=\u00bb0&#8243;] DUDAS SI RESERVAR DIRECTAMENTE EN LA WEB DEL HOTEL O EN OTRAS WEBS? [\/vc_column_text][vc_single_image image=\u00bb5108&#8243; img_size=\u00bbmedium\u00bb alignment=\u00bbcenter\u00bb][vc_column_text size=\u00bb0&#8243;] ESTAS SON LAS VENTAJAS DE RESERVAR DIRECTAMENTE CON NOSOTROS [\/vc_column_text][\/vc_column][vc_column width=\u00bb7\/12&#8243;][vc_empty_space height=\u00bb120px\u00bb][vc_row_inner][vc_column_inner width=\u00bb1\/4&#8243;][vc_single_image image=\u00bb1213&#8243; img_size=\u00bb100&#215;100&#8243; alignment=\u00bbcenter\u00bb][\/vc_column_inner][vc_column_inner width=\u00bb3\/4&#8243;][vc_column_text size=\u00bb0&#8243;] MEJOR PRECIO GARANTIZADO Si encuentras un precio mejor, te lo igualamos[\/vc_column_text][\/vc_column_inner][\/vc_row_inner][vc_row_inner][vc_column_inner width=\u00bb1\/4&#8243;][vc_single_image image=\u00bb1227&#8243; img_size=\u00bb100&#215;100&#8243; alignment=\u00bbcenter\u00bb][\/vc_column_inner][vc_column_inner...\" \/>\n<meta property=\"og:url\" content=\"https:\/\/hotelreimar.com\/es\/reserva-directa\/\" \/>\n<meta property=\"article:modified_time\" content=\"2024-09-13T10:51:05+00:00\" \/>\n<meta name=\"twitter:card\" content=\"summary_large_image\" \/>\n<meta name=\"twitter:label1\" content=\"Tiempo de lectura\" \/>\n\t<meta name=\"twitter:data1\" content=\"2 minutos\" \/>\n<script type=\"application\/ld+json\" class=\"yoast-schema-graph\">{\"@context\":\"https:\/\/schema.org\",\"@graph\":[{\"@type\":\"WebPage\",\"@id\":\"https:\/\/hotelreimar.com\/es\/reserva-directa\/\",\"url\":\"https:\/\/hotelreimar.com\/es\/reserva-directa\/\",\"name\":\"reserva directa -\",\"isPartOf\":{\"@id\":\"https:\/\/hotelreimar.com\/#website\"},\"datePublished\":\"2021-02-23T05:11:10+00:00\",\"dateModified\":\"2024-09-13T10:51:05+00:00\",\"breadcrumb\":{\"@id\":\"https:\/\/hotelreimar.com\/es\/reserva-directa\/#breadcrumb\"},\"inLanguage\":\"es\",\"potentialAction\":[{\"@type\":\"ReadAction\",\"target\":[\"https:\/\/hotelreimar.com\/es\/reserva-directa\/\"]}]},{\"@type\":\"BreadcrumbList\",\"@id\":\"https:\/\/hotelreimar.com\/es\/reserva-directa\/#breadcrumb\",\"itemListElement\":[{\"@type\":\"ListItem\",\"position\":1,\"name\":\"Inici\",\"item\":\"https:\/\/hotelreimar.com\/es\/\"},{\"@type\":\"ListItem\",\"position\":2,\"name\":\"reserva directa\"}]},{\"@type\":\"WebSite\",\"@id\":\"https:\/\/hotelreimar.com\/#website\",\"url\":\"https:\/\/hotelreimar.com\/\",\"name\":\"\",\"description\":\"\",\"potentialAction\":[{\"@type\":\"SearchAction\",\"target\":{\"@type\":\"EntryPoint\",\"urlTemplate\":\"https:\/\/hotelreimar.com\/?s={search_term_string}\"},\"query-input\":\"required name=search_term_string\"}],\"inLanguage\":\"es\"}]}<\/script>\n<!-- \/ Yoast SEO plugin. -->","yoast_head_json":{"title":"reserva directa -","robots":{"index":"index","follow":"follow","max-snippet":"max-snippet:-1","max-image-preview":"max-image-preview:large","max-video-preview":"max-video-preview:-1"},"canonical":"https:\/\/hotelreimar.com\/es\/reserva-directa\/","og_locale":"es_ES","og_type":"article","og_title":"reserva directa -","og_description":"[vc_row][vc_column width=\u00bb5\/12&#8243;][vc_empty_space height=\u00bb120px\u00bb][vc_column_text size=\u00bb0&#8243;] DUDAS SI RESERVAR DIRECTAMENTE EN LA WEB DEL HOTEL O EN OTRAS WEBS? [\/vc_column_text][vc_single_image image=\u00bb5108&#8243; img_size=\u00bbmedium\u00bb alignment=\u00bbcenter\u00bb][vc_column_text size=\u00bb0&#8243;] ESTAS SON LAS VENTAJAS DE RESERVAR DIRECTAMENTE CON NOSOTROS [\/vc_column_text][\/vc_column][vc_column width=\u00bb7\/12&#8243;][vc_empty_space height=\u00bb120px\u00bb][vc_row_inner][vc_column_inner width=\u00bb1\/4&#8243;][vc_single_image image=\u00bb1213&#8243; img_size=\u00bb100&#215;100&#8243; alignment=\u00bbcenter\u00bb][\/vc_column_inner][vc_column_inner width=\u00bb3\/4&#8243;][vc_column_text size=\u00bb0&#8243;] MEJOR PRECIO GARANTIZADO Si encuentras un precio mejor, te lo igualamos[\/vc_column_text][\/vc_column_inner][\/vc_row_inner][vc_row_inner][vc_column_inner width=\u00bb1\/4&#8243;][vc_single_image image=\u00bb1227&#8243; img_size=\u00bb100&#215;100&#8243; alignment=\u00bbcenter\u00bb][\/vc_column_inner][vc_column_inner...","og_url":"https:\/\/hotelreimar.com\/es\/reserva-directa\/","article_modified_time":"2024-09-13T10:51:05+00:00","twitter_card":"summary_large_image","twitter_misc":{"Tiempo de lectura":"2 minutos"},"schema":{"@context":"https:\/\/schema.org","@graph":[{"@type":"WebPage","@id":"https:\/\/hotelreimar.com\/es\/reserva-directa\/","url":"https:\/\/hotelreimar.com\/es\/reserva-directa\/","name":"reserva directa -","isPartOf":{"@id":"https:\/\/hotelreimar.com\/#website"},"datePublished":"2021-02-23T05:11:10+00:00","dateModified":"2024-09-13T10:51:05+00:00","breadcrumb":{"@id":"https:\/\/hotelreimar.com\/es\/reserva-directa\/#breadcrumb"},"inLanguage":"es","potentialAction":[{"@type":"ReadAction","target":["https:\/\/hotelreimar.com\/es\/reserva-directa\/"]}]},{"@type":"BreadcrumbList","@id":"https:\/\/hotelreimar.com\/es\/reserva-directa\/#breadcrumb","itemListElement":[{"@type":"ListItem","position":1,"name":"Inici","item":"https:\/\/hotelreimar.com\/es\/"},{"@type":"ListItem","position":2,"name":"reserva directa"}]},{"@type":"WebSite","@id":"https:\/\/hotelreimar.com\/#website","url":"https:\/\/hotelreimar.com\/","name":"","description":"","potentialAction":[{"@type":"SearchAction","target":{"@type":"EntryPoint","urlTemplate":"https:\/\/hotelreimar.com\/?s={search_term_string}"},"query-input":"required name=search_term_string"}],"inLanguage":"es"}]}},"_links":{"self":[{"href":"https:\/\/hotelreimar.com\/es\/wp-json\/wp\/v2\/pages\/4729"}],"collection":[{"href":"https:\/\/hotelreimar.com\/es\/wp-json\/wp\/v2\/pages"}],"about":[{"href":"https:\/\/hotelreimar.com\/es\/wp-json\/wp\/v2\/types\/page"}],"author":[{"embeddable":true,"href":"https:\/\/hotelreimar.com\/es\/wp-json\/wp\/v2\/users\/1"}],"replies":[{"embeddable":true,"href":"https:\/\/hotelreimar.com\/es\/wp-json\/wp\/v2\/comments?post=4729"}],"version-history":[{"count":7,"href":"https:\/\/hotelreimar.com\/es\/wp-json\/wp\/v2\/pages\/4729\/revisions"}],"predecessor-version":[{"id":5600,"href":"https:\/\/hotelreimar.com\/es\/wp-json\/wp\/v2\/pages\/4729\/revisions\/5600"}],"wp:attachment":[{"href":"https:\/\/hotelreimar.com\/es\/wp-json\/wp\/v2\/media?parent=4729"}],"curies":[{"name":"wp","href":"https:\/\/api.w.org\/{rel}","templated":true}]}}