{"id":4372,"date":"2021-02-22T15:16:13","date_gmt":"2021-02-22T15:16:13","guid":{"rendered":"https:\/\/hotelreimar.com\/?page_id=4372"},"modified":"2021-06-09T09:07:55","modified_gmt":"2021-06-09T09:07:55","slug":"residences-2","status":"publish","type":"page","link":"https:\/\/hotelreimar.com\/es\/residences-2\/","title":{"rendered":"Residences"},"content":{"rendered":"<p>[vc_row full_width=\u00bbstretch_row\u00bb css=\u00bb.vc_custom_1486753874620{background-color: #bfbfbf !important;}\u00bb][vc_column][vc_empty_space][vc_empty_space][\/vc_column][\/vc_row][vc_row full_width=\u00bbstretch_row\u00bb css=\u00bb.vc_custom_1486753874620{background-color: #bfbfbf !important;}\u00bb][vc_column][vc_column_text size=\u00bb0&#8243;]<\/p>\n<h2 style=\"text-align: center;\">Que son Residences<\/h2>\n<p>Residence significa un alojamiento a medio camino entre un hotel y un apartamento. Si buscas la comodidad y los servicios de un hotel pero disponiendo de un espacio equiparable a una vivienda. Vendria a responder a la tendencia actual que busca viajar estando como en casa y a la vez experimentar y descubrir nuevos destinos.<\/p>\n<h2 style=\"text-align: center;\">Residences Reimar<\/h2>\n<p>Residences Reimar les oferece alojamientos de gran calidad decorados con acabados de gran calidad buscando un aire retro a\u00f1os 60.[\/vc_column_text][\/vc_column][\/vc_row][vc_row][vc_column width=\u00bb1\/2&#8243;][vc_hoverbox image=\u00bb4697&#8243; primary_title=\u00bb\u00bb hover_title=\u00bb\u00bb][vc_gallery interval=\u00bb3&#8243; images=\u00bb1675,1676,1677,1685,1678,1679,1680,1681,1682,1683,1686,1687,1684,1688,1671,1309&#8243; img_size=\u00bb570&#215;342&#8243;]<\/p>\n<p>Espl\u00e9ndido alojamiento, totalmente nuevo y amueblado\u00a0 con estilo a\u00f1os 60 con vistas al mar.<\/p>\n<p>Caracter\u00edsticas: 4 habitaciones dobles, 2 ba\u00f1os, sal\u00f3n, cocina-comedor con cocina americana totalmente equipada. 2 terrzas\u00a0 con vistas a la Bah\u00eda de Palam\u00f3s y Camino de Ronda, caja fuerte, Aire acondicionado, TV, tel\u00e9fono,wi-fi[\/vc_hoverbox][\/vc_column][vc_column width=\u00bb1\/2&#8243;][vc_hoverbox image=\u00bb4709&#8243; primary_title=\u00bb\u00bb hover_title=\u00bb\u00bb][vc_gallery interval=\u00bb3&#8243; images=\u00bb1685,1675,1676,1678,1677,1683,1679,1682,1690,1684,1691,1310,1312,3240,3236,3232,3228,3224,3220,3216,3212,3208,3204,3200,3196,3192&#8243; img_size=\u00bb570&#215;342&#8243;]<\/p>\n<p>Espl\u00e9ndido alojamiento, totalmente nuevo y amueblado con estilo a\u00f1os 60 con vistas al mar.<\/p>\n<p>Caracter\u00edsticas: 3 habitaciones dobles, 2 ba\u00f1os, sal\u00f3n, cocina-comedor con cocina americana totalmente equipada. Terraza con vistas a la Bah\u00eda de Palam\u00f3s y Camino de Ronda, caja fuerte, Aire acondicionado, TV, tel\u00e9fono,wi-fi[\/vc_hoverbox][\/vc_column][\/vc_row][vc_row][vc_column][vc_empty_space height=\u00bb62px\u00bb][\/vc_column][\/vc_row][vc_row][vc_column width=\u00bb1\/2&#8243;][vc_hoverbox image=\u00bb4705&#8243; primary_title=\u00bb\u00bb hover_title=\u00bb\u00bb][vc_gallery interval=\u00bb3&#8243; images=\u00bb1667,1669,1668,1670,1666,1671,1672,1673,1307,1306,1311,1305,1303,1313&#8243; img_size=\u00bb570&#215;342&#8243;]<\/p>\n<p>Espl\u00e9ndido alojamiento, totalmente nuevo y amueblado con estilo a\u00f1os 60 con vistas al mar.<\/p>\n<p>Caracter\u00edsticas: 2 habitaciones dobles, 2 ba\u00f1os, sal\u00f3n, cocina-comedor con cocina americana totalmente equipada. Terraza con vistas a la Bah\u00eda de Palam\u00f3s y Caminode Ronda, caja fuerte, Aire acondicionado, TV, tel\u00e9fono,wi-fi[\/vc_hoverbox][\/vc_column][vc_column width=\u00bb1\/2&#8243;][vc_hoverbox image=\u00bb4701&#8243; primary_title=\u00bb\u00bb hover_title=\u00bb\u00bb][vc_gallery interval=\u00bb3&#8243; images=\u00bb3045,3041,3037,3033,3029,3025,3021,3017,3013,3009&#8243; img_size=\u00bb570&#215;342&#8243;]<\/p>\n<p>Espl\u00e9ndido alojamiento, totalmente nuevo y amueblado con estilo a\u00f1os 60 con vistas al mar.<\/p>\n<p>Caracter\u00edsticas: Amplio estudio de un solo ambiente con cocina-comedor con cocina americana totalmente equipada. 2 Terrazas con vistas a la Bah\u00eda de Palam\u00f3s y Camino de Ronda, caja fuerte, Aire acondicionado, TV, tel\u00e9fono,wi-fi[\/vc_hoverbox][\/vc_column][\/vc_row]<\/p>\n","protected":false},"excerpt":{"rendered":"<p>[vc_row full_width=\u00bbstretch_row\u00bb css=\u00bb.vc_custom_1486753874620{background-color: #bfbfbf !important;}\u00bb][vc_column][vc_empty_space][vc_empty_space][\/vc_column][\/vc_row][vc_row full_width=\u00bbstretch_row\u00bb css=\u00bb.vc_custom_1486753874620{background-color: #bfbfbf !important;}\u00bb][vc_column][vc_column_text size=\u00bb0&#8243;] Que son Residences Residence significa un alojamiento a medio camino entre un hotel y un apartamento. Si buscas la comodidad y los servicios de un hotel pero disponiendo de un espacio equiparable a una vivienda. Vendria a responder a la tendencia actual que busca viajar&#8230;<\/p>\n","protected":false},"author":1,"featured_media":0,"parent":0,"menu_order":0,"comment_status":"closed","ping_status":"closed","template":"","meta":{"footnotes":""},"yoast_head":"<!-- This site is optimized with the Yoast SEO plugin v22.4 - https:\/\/yoast.com\/wordpress\/plugins\/seo\/ -->\n<title>Hotel Reimar - Sant Antoni de Calonge Costa Brava - Residences<\/title>\n<meta name=\"description\" content=\"Residence disposa d&#039;espl\u00e8ndids apartaments totalment nous i de gran qualitat, grans terrasses i fabuloses vistes al mar.\" \/>\n<meta name=\"robots\" content=\"index, follow, max-snippet:-1, max-image-preview:large, max-video-preview:-1\" \/>\n<link rel=\"canonical\" href=\"https:\/\/hotelreimar.com\/es\/residences-2\/\" \/>\n<meta property=\"og:locale\" content=\"es_ES\" \/>\n<meta property=\"og:type\" content=\"article\" \/>\n<meta property=\"og:title\" content=\"Hotel Reimar - Sant Antoni de Calonge Costa Brava - Residences\" \/>\n<meta property=\"og:description\" content=\"Residence disposa d&#039;espl\u00e8ndids apartaments totalment nous i de gran qualitat, grans terrasses i fabuloses vistes al mar.\" \/>\n<meta property=\"og:url\" content=\"https:\/\/hotelreimar.com\/es\/residences-2\/\" \/>\n<meta property=\"article:modified_time\" content=\"2021-06-09T09:07:55+00:00\" \/>\n<meta name=\"twitter:card\" content=\"summary_large_image\" \/>\n<meta name=\"twitter:label1\" content=\"Tiempo de lectura\" \/>\n\t<meta name=\"twitter:data1\" content=\"2 minutos\" \/>\n<script type=\"application\/ld+json\" class=\"yoast-schema-graph\">{\"@context\":\"https:\/\/schema.org\",\"@graph\":[{\"@type\":\"WebPage\",\"@id\":\"https:\/\/hotelreimar.com\/es\/residences-2\/\",\"url\":\"https:\/\/hotelreimar.com\/es\/residences-2\/\",\"name\":\"Hotel Reimar - Sant Antoni de Calonge Costa Brava - Residences\",\"isPartOf\":{\"@id\":\"https:\/\/hotelreimar.com\/#website\"},\"datePublished\":\"2021-02-22T15:16:13+00:00\",\"dateModified\":\"2021-06-09T09:07:55+00:00\",\"description\":\"Residence disposa d'espl\u00e8ndids apartaments totalment nous i de gran qualitat, grans terrasses i fabuloses vistes al mar.\",\"breadcrumb\":{\"@id\":\"https:\/\/hotelreimar.com\/es\/residences-2\/#breadcrumb\"},\"inLanguage\":\"es\",\"potentialAction\":[{\"@type\":\"ReadAction\",\"target\":[\"https:\/\/hotelreimar.com\/es\/residences-2\/\"]}]},{\"@type\":\"BreadcrumbList\",\"@id\":\"https:\/\/hotelreimar.com\/es\/residences-2\/#breadcrumb\",\"itemListElement\":[{\"@type\":\"ListItem\",\"position\":1,\"name\":\"Inici\",\"item\":\"https:\/\/hotelreimar.com\/es\/\"},{\"@type\":\"ListItem\",\"position\":2,\"name\":\"Residences\"}]},{\"@type\":\"WebSite\",\"@id\":\"https:\/\/hotelreimar.com\/#website\",\"url\":\"https:\/\/hotelreimar.com\/\",\"name\":\"\",\"description\":\"\",\"potentialAction\":[{\"@type\":\"SearchAction\",\"target\":{\"@type\":\"EntryPoint\",\"urlTemplate\":\"https:\/\/hotelreimar.com\/?s={search_term_string}\"},\"query-input\":\"required name=search_term_string\"}],\"inLanguage\":\"es\"}]}<\/script>\n<!-- \/ Yoast SEO plugin. -->","yoast_head_json":{"title":"Hotel Reimar - Sant Antoni de Calonge Costa Brava - Residences","description":"Residence disposa d'espl\u00e8ndids apartaments totalment nous i de gran qualitat, grans terrasses i fabuloses vistes al mar.","robots":{"index":"index","follow":"follow","max-snippet":"max-snippet:-1","max-image-preview":"max-image-preview:large","max-video-preview":"max-video-preview:-1"},"canonical":"https:\/\/hotelreimar.com\/es\/residences-2\/","og_locale":"es_ES","og_type":"article","og_title":"Hotel Reimar - Sant Antoni de Calonge Costa Brava - Residences","og_description":"Residence disposa d'espl\u00e8ndids apartaments totalment nous i de gran qualitat, grans terrasses i fabuloses vistes al mar.","og_url":"https:\/\/hotelreimar.com\/es\/residences-2\/","article_modified_time":"2021-06-09T09:07:55+00:00","twitter_card":"summary_large_image","twitter_misc":{"Tiempo de lectura":"2 minutos"},"schema":{"@context":"https:\/\/schema.org","@graph":[{"@type":"WebPage","@id":"https:\/\/hotelreimar.com\/es\/residences-2\/","url":"https:\/\/hotelreimar.com\/es\/residences-2\/","name":"Hotel Reimar - Sant Antoni de Calonge Costa Brava - Residences","isPartOf":{"@id":"https:\/\/hotelreimar.com\/#website"},"datePublished":"2021-02-22T15:16:13+00:00","dateModified":"2021-06-09T09:07:55+00:00","description":"Residence disposa d'espl\u00e8ndids apartaments totalment nous i de gran qualitat, grans terrasses i fabuloses vistes al mar.","breadcrumb":{"@id":"https:\/\/hotelreimar.com\/es\/residences-2\/#breadcrumb"},"inLanguage":"es","potentialAction":[{"@type":"ReadAction","target":["https:\/\/hotelreimar.com\/es\/residences-2\/"]}]},{"@type":"BreadcrumbList","@id":"https:\/\/hotelreimar.com\/es\/residences-2\/#breadcrumb","itemListElement":[{"@type":"ListItem","position":1,"name":"Inici","item":"https:\/\/hotelreimar.com\/es\/"},{"@type":"ListItem","position":2,"name":"Residences"}]},{"@type":"WebSite","@id":"https:\/\/hotelreimar.com\/#website","url":"https:\/\/hotelreimar.com\/","name":"","description":"","potentialAction":[{"@type":"SearchAction","target":{"@type":"EntryPoint","urlTemplate":"https:\/\/hotelreimar.com\/?s={search_term_string}"},"query-input":"required name=search_term_string"}],"inLanguage":"es"}]}},"_links":{"self":[{"href":"https:\/\/hotelreimar.com\/es\/wp-json\/wp\/v2\/pages\/4372"}],"collection":[{"href":"https:\/\/hotelreimar.com\/es\/wp-json\/wp\/v2\/pages"}],"about":[{"href":"https:\/\/hotelreimar.com\/es\/wp-json\/wp\/v2\/types\/page"}],"author":[{"embeddable":true,"href":"https:\/\/hotelreimar.com\/es\/wp-json\/wp\/v2\/users\/1"}],"replies":[{"embeddable":true,"href":"https:\/\/hotelreimar.com\/es\/wp-json\/wp\/v2\/comments?post=4372"}],"version-history":[{"count":11,"href":"https:\/\/hotelreimar.com\/es\/wp-json\/wp\/v2\/pages\/4372\/revisions"}],"predecessor-version":[{"id":5442,"href":"https:\/\/hotelreimar.com\/es\/wp-json\/wp\/v2\/pages\/4372\/revisions\/5442"}],"wp:attachment":[{"href":"https:\/\/hotelreimar.com\/es\/wp-json\/wp\/v2\/media?parent=4372"}],"curies":[{"name":"wp","href":"https:\/\/api.w.org\/{rel}","templated":true}]}}