{"id":4069,"date":"2021-02-20T18:35:58","date_gmt":"2021-02-20T18:35:58","guid":{"rendered":"https:\/\/hotelreimar.com\/?page_id=4069"},"modified":"2021-05-31T14:30:02","modified_gmt":"2021-05-31T14:30:02","slug":"habitaciones-2","status":"publish","type":"page","link":"https:\/\/hotelreimar.com\/es\/habitaciones-2\/","title":{"rendered":"Habitaciones"},"content":{"rendered":"<p>[vc_row full_width=\u00bbstretch_row\u00bb css=\u00bb.vc_custom_1486753874620{background-color: #bfbfbf !important;}\u00bb][vc_column][vc_empty_space][vc_empty_space][\/vc_column][\/vc_row][vc_row full_width=\u00bbstretch_row\u00bb css=\u00bb.vc_custom_1486753874620{background-color: #bfbfbf !important;}\u00bb][vc_column width=\u00bb1\/3&#8243;][vc_hoverbox image=\u00bb4360&#8243; primary_title=\u00bb\u00bb hover_title=\u00bb\u00bb css_animation=\u00bbflipInX\u00bb][vc_gallery interval=\u00bb3&#8243; images=\u00bb3892,1006,2957,4024,4028&#8243; img_size=\u00bb570&#215;342&#8243;]<\/p>\n<p>18 m2<br \/>\nTerraza con vistas al mar y piscina<br \/>\n2 camas separadas o cama de matrimonio<br \/>\nSof\u00e1 cama convertible en supletoria (hasta 3 pax)<br \/>\nBa\u00f1o con ducha o ba\u00f1era<br \/>\nAire acondicionado<br \/>\nTelevisor LCD de 32 &#8216;<br \/>\nWi-fi y tel\u00e9fono<br \/>\nMini nevera<br \/>\nCaja fuerte[\/vc_hoverbox][\/vc_column][vc_column width=\u00bb1\/3&#8243;][vc_hoverbox image=\u00bb5259&#8243; primary_title=\u00bb\u00bb hover_title=\u00bb\u00bb css_animation=\u00bbflipInX\u00bb][vc_gallery interval=\u00bb3&#8243; images=\u00bb5175,5179,5183,5187,5191,5195,5199,3928&#8243; img_size=\u00bb570&#215;342&#8243;]<\/p>\n<p>Entre 16 m2 y 18 m2<br \/>\nTerraza con vistas al mar frontales<br \/>\n2 camas separadas o cama de matrimonio<br \/>\nHasta 3 personas con cama supletoria<br \/>\nBa\u00f1o con ducha o ba\u00f1era<br \/>\nAire acondicionado<br \/>\nTelevisor LCD de 42&#8242;<br \/>\nWi-fi y tel\u00e9fono<br \/>\nMini nevera, Caja fuerte, Escritorio<br \/>\nConexi\u00f3n red hasta 600 Mbits[\/vc_hoverbox][\/vc_column][vc_column width=\u00bb1\/3&#8243;][vc_hoverbox image=\u00bb5288&#8243; primary_title=\u00bb\u00bb hover_title=\u00bb\u00bb css_animation=\u00bbflipInX\u00bb][vc_gallery interval=\u00bb3&#8243; images=\u00bb4034&#8243; img_size=\u00bb570&#215;342&#8243;]<\/p>\n<p>14 m2<br \/>\nTerraza con vistas al mar frontales<br \/>\nCama de matrimonio (m\u00e1ximo 2 personas)<br \/>\nBa\u00f1o con ducha<br \/>\nAire acondicionado<br \/>\nTelevisor LCD de 32&#8217;<br \/>\nWi-fi<br \/>\nTel\u00e9fono<br \/>\nMini nevera<br \/>\nCaja fuerte[\/vc_hoverbox][\/vc_column][\/vc_row][vc_row full_width=\u00bbstretch_row\u00bb css=\u00bb.vc_custom_1486753874620{background-color: #bfbfbf !important;}\u00bb][vc_column width=\u00bb1\/3&#8243;][vc_hoverbox image=\u00bb4202&#8243; primary_title=\u00bb\u00bb hover_title=\u00bb\u00bb css_animation=\u00bbflipInX\u00bb][vc_gallery interval=\u00bb3&#8243; images=\u00bb3576,3304,3800,3984,1650&#8243; img_size=\u00bb570&#215;342&#8243;]<\/p>\n<p>Entre 14 m2 y 18 m2<br \/>\nTerraza<br \/>\n2 camas separadas o cama de matrimonio<br \/>\nHasta 3 personas con cama supletoria<br \/>\nBa\u00f1o con ducha o ba\u00f1era<br \/>\nAire acondicionado<br \/>\nTelevisor LCD de 26 &#8216;a 32&#8217;<br \/>\nWi-fi y tel\u00e9fono<br \/>\nMini nevera<br \/>\nCaja fuerte[\/vc_hoverbox][\/vc_column][vc_column width=\u00bb1\/3&#8243;][vc_hoverbox image=\u00bb5267&#8243; primary_title=\u00bb\u00bb hover_title=\u00bb\u00bb css_animation=\u00bbflipInX\u00bb][vc_gallery interval=\u00bb3&#8243; images=\u00bb5223,5227,5231,3768,3780,5235,5239,5171&#8243; img_size=\u00bb570&#215;342&#8243;]<\/p>\n<p>25 m2<br \/>\nTerraza con vistas parciales al mar<br \/>\nCama de matrimonio o dos camas m\u00e1s sof\u00e1 cama nido (M\u00e1ximo 5 personas)<br \/>\nBa\u00f1o con ba\u00f1era<br \/>\nAire acondicionado<br \/>\nTelevisor LCD de 42 &#8216;<br \/>\nWi-fi y tel\u00e9fono, Caja fuerte, Mini nevera<br \/>\nCafetera Nespresso y microondas con grill<br \/>\nConexi\u00f3n red hasta 600 Mbits[\/vc_hoverbox][\/vc_column][vc_column width=\u00bb1\/3&#8243;][vc_hoverbox image=\u00bb4212&#8243; primary_title=\u00bb\u00bb hover_title=\u00bb\u00bb css_animation=\u00bbflipInX\u00bb][vc_gallery interval=\u00bb3&#8243; images=\u00bb3468,3464,3456,3452,3344,3336,3332,3328,3284,3280,3276,3272,3268&#8243; img_size=\u00bb570&#215;342&#8243;]<\/p>\n<p>25 m2<br \/>\nTerraza<br \/>\nCamas de matrimonio o dos camas separadas m\u00e1s dos sillones convertibles en camas<br \/>\nM\u00e1ximo 5 personas<br \/>\nBa\u00f1o con ducha<br \/>\nAire acondicionado<br \/>\n2 Televisores LCD 42 &#8216;y 32&#8242;<br \/>\nWi-fi y tel\u00e9fono, Caja fuerte, Mini Nevera<br \/>\nCafetera Nespresso y microondas con grill[\/vc_hoverbox][\/vc_column][\/vc_row][vc_row full_width=\u00bbstretch_row\u00bb css=\u00bb.vc_custom_1486753874620{background-color: #bfbfbf !important;}\u00bb][vc_column width=\u00bb1\/3&#8243;][vc_hoverbox image=\u00bb4236&#8243; primary_title=\u00bb\u00bb hover_title=\u00bb\u00bb css_animation=\u00bbflipInX\u00bb][vc_gallery interval=\u00bb3&#8243; images=\u00bb3264,3260,3268,3728&#8243; img_size=\u00bb570&#215;342&#8243;]<\/p>\n<p>23 m2<br \/>\nGran patio privado de unos 15- 25 m2<br \/>\nCama de matrimonio o 2 camas separadas m\u00e1s sof\u00e1 lino o tercera cama (m\u00e1ximo 4 personas)<br \/>\nBa\u00f1o con ducha o ba\u00f1era<br \/>\nAire acondicionado<br \/>\nTelevisor LCD de 32&#8217;<br \/>\nWi-fi y tel\u00e9fono<br \/>\nCaja fuerte<br \/>\nMini nevera[\/vc_hoverbox][\/vc_column][vc_column width=\u00bb1\/3&#8243;][vc_hoverbox image=\u00bb4498&#8243; primary_title=\u00bb\u00bb hover_title=\u00bb\u00bb css_animation=\u00bbflipInX\u00bb][vc_gallery interval=\u00bb3&#8243; images=\u00bb3976,3972&#8243; img_size=\u00bb570&#215;342&#8243;]<\/p>\n<p>16 m2<br \/>\nExterior<br \/>\nCama de matrimonio o 2 camas separadas<br \/>\nBa\u00f1o con ducha o ba\u00f1era<br \/>\nAire acondicionado<br \/>\nTelevisor LCD de 22 &#8216;a 32&#8217;<br \/>\nWifi<br \/>\nNevera<br \/>\nTel\u00e9fono<br \/>\nCaja fuerte[\/vc_hoverbox][\/vc_column][vc_column width=\u00bb1\/3&#8243;][vc_hoverbox image=\u00bb4490&#8243; primary_title=\u00bb\u00bb hover_title=\u00bb\u00bb css_animation=\u00bbflipInX\u00bb][vc_gallery interval=\u00bb3&#8243; images=\u00bb3828,3824,3836,3816&#8243; img_size=\u00bb570&#215;342&#8243;]<\/p>\n<p>13 m2<br \/>\nExterior<br \/>\nCama de matrimonio (M\u00e1ximo 2 personas)<br \/>\nBa\u00f1o con ba\u00f1era<br \/>\nAire acondicionado<br \/>\nTelevisor LCD 22 &#8216;<br \/>\nWi-fi y tel\u00e9fono<br \/>\nCaja fuerte<br \/>\nMini nevera<br \/>\n.[\/vc_hoverbox][\/vc_column][\/vc_row][vc_row full_width=\u00bbstretch_row\u00bb css=\u00bb.vc_custom_1486753874620{background-color: #bfbfbf !important;}\u00bb][vc_column width=\u00bb1\/3&#8243;][\/vc_column][vc_column width=\u00bb1\/3&#8243;][vc_hoverbox image=\u00bb4502&#8243; primary_title=\u00bb\u00bb hover_title=\u00bb\u00bb css_animation=\u00bbflipInX\u00bb][vc_gallery interval=\u00bb3&#8243; images=\u00bb4555,4559&#8243; img_size=\u00bb570&#215;342&#8243;]<\/p>\n<p>8 m2<br \/>\nExterior<br \/>\nCama de 90 x 1,90<br \/>\nM\u00e1ximo 1 persona<br \/>\nBa\u00f1o con ducha<br \/>\nAire acondicionado<br \/>\nTelevisor LCD de 22 &#8216;<br \/>\nWi-fi y tel\u00e9fono<br \/>\nCaja fuerte[\/vc_hoverbox][\/vc_column][vc_column width=\u00bb1\/3&#8243;][\/vc_column][\/vc_row][vc_row full_width=\u00bbstretch_row\u00bb css=\u00bb.vc_custom_1486753874620{background-color: #bfbfbf !important;}\u00bb][vc_column][vc_empty_space][vc_empty_space][\/vc_column][\/vc_row]<\/p>\n","protected":false},"excerpt":{"rendered":"<p>[vc_row full_width=\u00bbstretch_row\u00bb css=\u00bb.vc_custom_1486753874620{background-color: #bfbfbf !important;}\u00bb][vc_column][vc_empty_space][vc_empty_space][\/vc_column][\/vc_row][vc_row full_width=\u00bbstretch_row\u00bb css=\u00bb.vc_custom_1486753874620{background-color: #bfbfbf !important;}\u00bb][vc_column width=\u00bb1\/3&#8243;][vc_hoverbox image=\u00bb4360&#8243; primary_title=\u00bb\u00bb hover_title=\u00bb\u00bb css_animation=\u00bbflipInX\u00bb][vc_gallery interval=\u00bb3&#8243; images=\u00bb3892,1006,2957,4024,4028&#8243; img_size=\u00bb570&#215;342&#8243;] 18 m2 Terraza con vistas al mar y piscina 2 camas separadas o cama de matrimonio Sof\u00e1 cama convertible en supletoria (hasta 3 pax) Ba\u00f1o con ducha o ba\u00f1era Aire acondicionado Televisor LCD de 32 &#8216; Wi-fi y&#8230;<\/p>\n","protected":false},"author":1,"featured_media":0,"parent":0,"menu_order":0,"comment_status":"closed","ping_status":"closed","template":"","meta":{"footnotes":""},"yoast_head":"<!-- This site is optimized with the Yoast SEO plugin v22.4 - https:\/\/yoast.com\/wordpress\/plugins\/seo\/ -->\n<title>Hotel Reimar - Sant Antoni de Calonge Costa Brava - Habitaciones<\/title>\n<meta name=\"description\" content=\"Habitaciones con vistas al mar reformadas\" \/>\n<meta name=\"robots\" content=\"index, follow, max-snippet:-1, max-image-preview:large, max-video-preview:-1\" \/>\n<link rel=\"canonical\" href=\"https:\/\/hotelreimar.com\/es\/habitaciones-2\/\" \/>\n<meta property=\"og:locale\" content=\"es_ES\" \/>\n<meta property=\"og:type\" content=\"article\" \/>\n<meta property=\"og:title\" content=\"Hotel Reimar - Sant Antoni de Calonge Costa Brava - Habitaciones\" \/>\n<meta property=\"og:description\" content=\"Habitaciones con vistas al mar reformadas\" \/>\n<meta property=\"og:url\" content=\"https:\/\/hotelreimar.com\/es\/habitaciones-2\/\" \/>\n<meta property=\"article:modified_time\" content=\"2021-05-31T14:30:02+00:00\" \/>\n<meta name=\"twitter:card\" content=\"summary_large_image\" \/>\n<meta name=\"twitter:label1\" content=\"Tiempo de lectura\" \/>\n\t<meta name=\"twitter:data1\" content=\"3 minutos\" \/>\n<script type=\"application\/ld+json\" class=\"yoast-schema-graph\">{\"@context\":\"https:\/\/schema.org\",\"@graph\":[{\"@type\":\"WebPage\",\"@id\":\"https:\/\/hotelreimar.com\/es\/habitaciones-2\/\",\"url\":\"https:\/\/hotelreimar.com\/es\/habitaciones-2\/\",\"name\":\"Hotel Reimar - Sant Antoni de Calonge Costa Brava - Habitaciones\",\"isPartOf\":{\"@id\":\"https:\/\/hotelreimar.com\/#website\"},\"datePublished\":\"2021-02-20T18:35:58+00:00\",\"dateModified\":\"2021-05-31T14:30:02+00:00\",\"description\":\"Habitaciones con vistas al mar reformadas\",\"breadcrumb\":{\"@id\":\"https:\/\/hotelreimar.com\/es\/habitaciones-2\/#breadcrumb\"},\"inLanguage\":\"es\",\"potentialAction\":[{\"@type\":\"ReadAction\",\"target\":[\"https:\/\/hotelreimar.com\/es\/habitaciones-2\/\"]}]},{\"@type\":\"BreadcrumbList\",\"@id\":\"https:\/\/hotelreimar.com\/es\/habitaciones-2\/#breadcrumb\",\"itemListElement\":[{\"@type\":\"ListItem\",\"position\":1,\"name\":\"Inici\",\"item\":\"https:\/\/hotelreimar.com\/es\/\"},{\"@type\":\"ListItem\",\"position\":2,\"name\":\"Habitaciones\"}]},{\"@type\":\"WebSite\",\"@id\":\"https:\/\/hotelreimar.com\/#website\",\"url\":\"https:\/\/hotelreimar.com\/\",\"name\":\"\",\"description\":\"\",\"potentialAction\":[{\"@type\":\"SearchAction\",\"target\":{\"@type\":\"EntryPoint\",\"urlTemplate\":\"https:\/\/hotelreimar.com\/?s={search_term_string}\"},\"query-input\":\"required name=search_term_string\"}],\"inLanguage\":\"es\"}]}<\/script>\n<!-- \/ Yoast SEO plugin. -->","yoast_head_json":{"title":"Hotel Reimar - Sant Antoni de Calonge Costa Brava - Habitaciones","description":"Habitaciones con vistas al mar reformadas","robots":{"index":"index","follow":"follow","max-snippet":"max-snippet:-1","max-image-preview":"max-image-preview:large","max-video-preview":"max-video-preview:-1"},"canonical":"https:\/\/hotelreimar.com\/es\/habitaciones-2\/","og_locale":"es_ES","og_type":"article","og_title":"Hotel Reimar - Sant Antoni de Calonge Costa Brava - Habitaciones","og_description":"Habitaciones con vistas al mar reformadas","og_url":"https:\/\/hotelreimar.com\/es\/habitaciones-2\/","article_modified_time":"2021-05-31T14:30:02+00:00","twitter_card":"summary_large_image","twitter_misc":{"Tiempo de lectura":"3 minutos"},"schema":{"@context":"https:\/\/schema.org","@graph":[{"@type":"WebPage","@id":"https:\/\/hotelreimar.com\/es\/habitaciones-2\/","url":"https:\/\/hotelreimar.com\/es\/habitaciones-2\/","name":"Hotel Reimar - Sant Antoni de Calonge Costa Brava - Habitaciones","isPartOf":{"@id":"https:\/\/hotelreimar.com\/#website"},"datePublished":"2021-02-20T18:35:58+00:00","dateModified":"2021-05-31T14:30:02+00:00","description":"Habitaciones con vistas al mar reformadas","breadcrumb":{"@id":"https:\/\/hotelreimar.com\/es\/habitaciones-2\/#breadcrumb"},"inLanguage":"es","potentialAction":[{"@type":"ReadAction","target":["https:\/\/hotelreimar.com\/es\/habitaciones-2\/"]}]},{"@type":"BreadcrumbList","@id":"https:\/\/hotelreimar.com\/es\/habitaciones-2\/#breadcrumb","itemListElement":[{"@type":"ListItem","position":1,"name":"Inici","item":"https:\/\/hotelreimar.com\/es\/"},{"@type":"ListItem","position":2,"name":"Habitaciones"}]},{"@type":"WebSite","@id":"https:\/\/hotelreimar.com\/#website","url":"https:\/\/hotelreimar.com\/","name":"","description":"","potentialAction":[{"@type":"SearchAction","target":{"@type":"EntryPoint","urlTemplate":"https:\/\/hotelreimar.com\/?s={search_term_string}"},"query-input":"required name=search_term_string"}],"inLanguage":"es"}]}},"_links":{"self":[{"href":"https:\/\/hotelreimar.com\/es\/wp-json\/wp\/v2\/pages\/4069"}],"collection":[{"href":"https:\/\/hotelreimar.com\/es\/wp-json\/wp\/v2\/pages"}],"about":[{"href":"https:\/\/hotelreimar.com\/es\/wp-json\/wp\/v2\/types\/page"}],"author":[{"embeddable":true,"href":"https:\/\/hotelreimar.com\/es\/wp-json\/wp\/v2\/users\/1"}],"replies":[{"embeddable":true,"href":"https:\/\/hotelreimar.com\/es\/wp-json\/wp\/v2\/comments?post=4069"}],"version-history":[{"count":24,"href":"https:\/\/hotelreimar.com\/es\/wp-json\/wp\/v2\/pages\/4069\/revisions"}],"predecessor-version":[{"id":5302,"href":"https:\/\/hotelreimar.com\/es\/wp-json\/wp\/v2\/pages\/4069\/revisions\/5302"}],"wp:attachment":[{"href":"https:\/\/hotelreimar.com\/es\/wp-json\/wp\/v2\/media?parent=4069"}],"curies":[{"name":"wp","href":"https:\/\/api.w.org\/{rel}","templated":true}]}}