{"id":2913,"date":"2020-05-20T15:02:53","date_gmt":"2020-05-20T15:02:53","guid":{"rendered":"https:\/\/hotelreimar.com\/?page_id=2913"},"modified":"2021-02-22T15:23:21","modified_gmt":"2021-02-22T15:23:21","slug":"residences_old","status":"publish","type":"page","link":"https:\/\/hotelreimar.com\/es\/residences_old\/","title":{"rendered":"Residences_old"},"content":{"rendered":"<p>[vc_row][vc_column][vc_empty_space][vc_empty_space][vc_empty_space][\/vc_column][\/vc_row][vc_row full_width=\u00bbstretch_row\u00bb css=\u00bb.vc_custom_1486753874620{background-color: #bfbfbf !important;}\u00bb][vc_column][vc_column_text size=\u00bb0&#8243;]<\/p>\n<h2 style=\"text-align: center;\">Que son Residences<\/h2>\n<p>Residence significa un alojamiento a medio camino entre un hotel y un apartamento. Si buscas la comodidad y los servicios de un hotel pero disponiendo de un espacio equiparable a una vivienda. Vendria a responder a la tendencia actual que busca viajar estando como en casa y a la vez experimentar y descubrir nuevos destinos.<\/p>\n<h2 style=\"text-align: center;\">Residences Reimar<\/h2>\n<p>Residences Reimar les oferece alojamientos de gran calidad decorados con acabados de gran calidad buscando un aire retro a\u00f1os 60. Decoraci\u00f3n a cargo del arquitecto Jordi Ti\u00f3, autor de la reforma de los galardonados hoteles Camper en Barcelona y\u00a0 Berl\u00edn.[\/vc_column_text][\/vc_column][\/vc_row][vc_row][vc_column width=\u00bb1\/2&#8243;][vc_custom_heading text=\u00bbResidences 4 habitaciones\u00bb google_fonts=\u00bbfont_family:Lora%3Aregular%2Citalic%2C700%2C700italic|font_style:700%20bold%20regular%3A700%3Anormal\u00bb][vc_gallery interval=\u00bb3&#8243; images=\u00bb1675,1685,1676,1677,1678,1679,1683,1682,1684,1686,1681,1680,1671,1688,1629&#8243; img_size=\u00bb570&#215;342&#8243;][vc_column_text size=\u00bb0&#8243;]Espl\u00e9ndido alojamiento, totalmente nuevo y amueblado\u00a0 con estilo a\u00f1os 60 con vistas al mar.<\/p>\n<p>Caracter\u00edsticas:<br \/>\n4 habitaciones dobles, 2 ba\u00f1os, sal\u00f3n, cocina-comedor con cocina americana totalmente equipada. 2 terrzas\u00a0 con espectaculares vistas a la Bah\u00eda de Palam\u00f3s y Camino de Ronda, caja fuerte, Aire acondicionado, TV, tel\u00e9fono,wi-fi<\/p>\n<ul>\n<li>Medida: 115 m2 \u00fatiles m\u00e1s 57 m2 terrassa<\/li>\n<li>4 habitaciones<\/li>\n<li>3 ba\u00f1os<\/li>\n<li>Grandes terrazas<\/li>\n<li>Wifi<\/li>\n<li>Aire acondicionado<\/li>\n<\/ul>\n<p>[\/vc_column_text][\/vc_column][vc_column width=\u00bb1\/2&#8243;][vc_custom_heading text=\u00bbResidences 3 habitaciones.\u00bb google_fonts=\u00bbfont_family:Lora%3Aregular%2Citalic%2C700%2C700italic|font_style:700%20bold%20regular%3A700%3Anormal\u00bb][vc_gallery interval=\u00bb3&#8243; images=\u00bb1685,1675,1676,1678,1677,1683,1679,1682,1690,1684,1691,1310,1312,3240,3236,3232,3228,3224,3220,3216,3212,3208,3204,3200,3196,3192&#8243; img_size=\u00bb570&#215;342&#8243;][vc_column_text size=\u00bb0&#8243;]Espl\u00e9ndido alojamiento, totalmente nuevo y amueblado con estilo a\u00f1os 60 con vistas al mar.<\/p>\n<p>Caracter\u00edsticas:<br \/>\n3 habitaciones dobles, 2 ba\u00f1os, sal\u00f3n, cocina-comedor con cocina americana totalmente equipada. Terraza con espectaculares vistas a la Bah\u00eda de Palam\u00f3s y Caminode Ronda, caja fuerte, Aire acondicionado, TV, tel\u00e9fono,wi-fi<\/p>\n<ul>\n<li>Medida: 97 m2 \u00fatiles mas 26 m2 terraza<\/li>\n<li>3 habitaciones<\/li>\n<li>2 ba\u00f1os<\/li>\n<li>Grandes terrazas<\/li>\n<li>Wifi<\/li>\n<li>Aire acondicionado<\/li>\n<\/ul>\n<p>[\/vc_column_text][\/vc_column][\/vc_row][vc_row][vc_column width=\u00bb1\/2&#8243;][vc_custom_heading text=\u00bbResidence 2 habitaciones. \u00bb google_fonts=\u00bbfont_family:Lora%3Aregular%2Citalic%2C700%2C700italic|font_style:700%20bold%20regular%3A700%3Anormal\u00bb][vc_gallery interval=\u00bb3&#8243; images=\u00bb1667,1669,1668,1670,1666,1671,1672,1673,1307,1306,1311,1305,1303,1313&#8243; img_size=\u00bb570&#215;342&#8243;][vc_column_text size=\u00bb0&#8243;]Espl\u00e9ndido alojamiento, totalmente nuevo y amueblado con estilo a\u00f1os 60 con vistas al mar.<\/p>\n<p>Caracter\u00edsticas:<\/p>\n<p>2 habitaciones dobles, 2 ba\u00f1os, sal\u00f3n, cocina-comedor con cocina americana totalmente equipada. Terraza con espectaculares vistas a la Bah\u00eda de Palam\u00f3s y Caminode Ronda, caja fuerte, Aire acondicionado, TV, tel\u00e9fono,wi-fi<\/p>\n<ul>\n<li>Medida: 50 m2 \u00fatiles mas 26 m2 terraza<\/li>\n<li>2 habitaciones<\/li>\n<li>2 ba\u00f1os<\/li>\n<li>Wifi<\/li>\n<li>Aire acondicionado<\/li>\n<\/ul>\n<p>[\/vc_column_text][\/vc_column][vc_column width=\u00bb1\/2&#8243;][vc_custom_heading text=\u00bbResidence estudio\u00bb google_fonts=\u00bbfont_family:Lora%3Aregular%2Citalic%2C700%2C700italic|font_style:700%20bold%20regular%3A700%3Anormal\u00bb][vc_gallery interval=\u00bb3&#8243; images=\u00bb3045,3041,3037,3033,3029,3025,3021,3017,3013,3009&#8243; img_size=\u00bb570&#215;342&#8243;][vc_column_text size=\u00bb0&#8243;]Espl\u00e9ndido alojamiento, totalmente nuevo y amueblado con estilo a\u00f1os 60 con vistas al mar.<\/p>\n<p>Caracter\u00edsticas:<\/p>\n<p>Amplio estudio de un solo ambiente con cocina-comedor con cocina americana totalmente equipada. 2 Terrazas con espectaculares vistas a la Bah\u00eda de Palam\u00f3s y Camino de Ronda, caja fuerte, Aire acondicionado, TV, tel\u00e9fono,wi-fi<\/p>\n<ul>\n<li>Medida: 45 m2 \u00fatiles mas 15m2 terraza<\/li>\n<li>Tipo loft con con un solo ambiente.<\/li>\n<li>Wifi<\/li>\n<li>Aire acondicionado<\/li>\n<\/ul>\n<p>[\/vc_column_text][\/vc_column][\/vc_row][vc_row][vc_column][vc_empty_space height=\u00bb62px\u00bb][\/vc_column][\/vc_row]<\/p>\n","protected":false},"excerpt":{"rendered":"<p>[vc_row][vc_column][vc_empty_space][vc_empty_space][vc_empty_space][\/vc_column][\/vc_row][vc_row full_width=\u00bbstretch_row\u00bb css=\u00bb.vc_custom_1486753874620{background-color: #bfbfbf !important;}\u00bb][vc_column][vc_column_text size=\u00bb0&#8243;] Que son Residences Residence significa un alojamiento a medio camino entre un hotel y un apartamento. Si buscas la comodidad y los servicios de un hotel pero disponiendo de un espacio equiparable a una vivienda. Vendria a responder a la tendencia actual que busca viajar estando como en casa&#8230;<\/p>\n","protected":false},"author":1,"featured_media":0,"parent":0,"menu_order":0,"comment_status":"closed","ping_status":"closed","template":"","meta":{"footnotes":""},"yoast_head":"<!-- This site is optimized with the Yoast SEO plugin v22.4 - https:\/\/yoast.com\/wordpress\/plugins\/seo\/ -->\n<title>Residences_old -<\/title>\n<meta name=\"robots\" content=\"index, follow, max-snippet:-1, max-image-preview:large, max-video-preview:-1\" \/>\n<link rel=\"canonical\" href=\"https:\/\/hotelreimar.com\/es\/residences_old\/\" \/>\n<meta property=\"og:locale\" content=\"es_ES\" \/>\n<meta property=\"og:type\" content=\"article\" \/>\n<meta property=\"og:title\" content=\"Residences_old -\" \/>\n<meta property=\"og:description\" content=\"[vc_row][vc_column][vc_empty_space][vc_empty_space][vc_empty_space][\/vc_column][\/vc_row][vc_row full_width=\u00bbstretch_row\u00bb css=\u00bb.vc_custom_1486753874620{background-color: #bfbfbf !important;}\u00bb][vc_column][vc_column_text size=\u00bb0&#8243;] Que son Residences Residence significa un alojamiento a medio camino entre un hotel y un apartamento. Si buscas la comodidad y los servicios de un hotel pero disponiendo de un espacio equiparable a una vivienda. Vendria a responder a la tendencia actual que busca viajar estando como en casa...\" \/>\n<meta property=\"og:url\" content=\"https:\/\/hotelreimar.com\/es\/residences_old\/\" \/>\n<meta property=\"article:modified_time\" content=\"2021-02-22T15:23:21+00:00\" \/>\n<meta name=\"twitter:card\" content=\"summary_large_image\" \/>\n<meta name=\"twitter:label1\" content=\"Tiempo de lectura\" \/>\n\t<meta name=\"twitter:data1\" content=\"2 minutos\" \/>\n<script type=\"application\/ld+json\" class=\"yoast-schema-graph\">{\"@context\":\"https:\/\/schema.org\",\"@graph\":[{\"@type\":\"WebPage\",\"@id\":\"https:\/\/hotelreimar.com\/es\/residences_old\/\",\"url\":\"https:\/\/hotelreimar.com\/es\/residences_old\/\",\"name\":\"Residences_old -\",\"isPartOf\":{\"@id\":\"https:\/\/hotelreimar.com\/#website\"},\"datePublished\":\"2020-05-20T15:02:53+00:00\",\"dateModified\":\"2021-02-22T15:23:21+00:00\",\"breadcrumb\":{\"@id\":\"https:\/\/hotelreimar.com\/es\/residences_old\/#breadcrumb\"},\"inLanguage\":\"es\",\"potentialAction\":[{\"@type\":\"ReadAction\",\"target\":[\"https:\/\/hotelreimar.com\/es\/residences_old\/\"]}]},{\"@type\":\"BreadcrumbList\",\"@id\":\"https:\/\/hotelreimar.com\/es\/residences_old\/#breadcrumb\",\"itemListElement\":[{\"@type\":\"ListItem\",\"position\":1,\"name\":\"Inici\",\"item\":\"https:\/\/hotelreimar.com\/es\/\"},{\"@type\":\"ListItem\",\"position\":2,\"name\":\"Residences_old\"}]},{\"@type\":\"WebSite\",\"@id\":\"https:\/\/hotelreimar.com\/#website\",\"url\":\"https:\/\/hotelreimar.com\/\",\"name\":\"\",\"description\":\"\",\"potentialAction\":[{\"@type\":\"SearchAction\",\"target\":{\"@type\":\"EntryPoint\",\"urlTemplate\":\"https:\/\/hotelreimar.com\/?s={search_term_string}\"},\"query-input\":\"required name=search_term_string\"}],\"inLanguage\":\"es\"}]}<\/script>\n<!-- \/ Yoast SEO plugin. -->","yoast_head_json":{"title":"Residences_old -","robots":{"index":"index","follow":"follow","max-snippet":"max-snippet:-1","max-image-preview":"max-image-preview:large","max-video-preview":"max-video-preview:-1"},"canonical":"https:\/\/hotelreimar.com\/es\/residences_old\/","og_locale":"es_ES","og_type":"article","og_title":"Residences_old -","og_description":"[vc_row][vc_column][vc_empty_space][vc_empty_space][vc_empty_space][\/vc_column][\/vc_row][vc_row full_width=\u00bbstretch_row\u00bb css=\u00bb.vc_custom_1486753874620{background-color: #bfbfbf !important;}\u00bb][vc_column][vc_column_text size=\u00bb0&#8243;] Que son Residences Residence significa un alojamiento a medio camino entre un hotel y un apartamento. Si buscas la comodidad y los servicios de un hotel pero disponiendo de un espacio equiparable a una vivienda. Vendria a responder a la tendencia actual que busca viajar estando como en casa...","og_url":"https:\/\/hotelreimar.com\/es\/residences_old\/","article_modified_time":"2021-02-22T15:23:21+00:00","twitter_card":"summary_large_image","twitter_misc":{"Tiempo de lectura":"2 minutos"},"schema":{"@context":"https:\/\/schema.org","@graph":[{"@type":"WebPage","@id":"https:\/\/hotelreimar.com\/es\/residences_old\/","url":"https:\/\/hotelreimar.com\/es\/residences_old\/","name":"Residences_old -","isPartOf":{"@id":"https:\/\/hotelreimar.com\/#website"},"datePublished":"2020-05-20T15:02:53+00:00","dateModified":"2021-02-22T15:23:21+00:00","breadcrumb":{"@id":"https:\/\/hotelreimar.com\/es\/residences_old\/#breadcrumb"},"inLanguage":"es","potentialAction":[{"@type":"ReadAction","target":["https:\/\/hotelreimar.com\/es\/residences_old\/"]}]},{"@type":"BreadcrumbList","@id":"https:\/\/hotelreimar.com\/es\/residences_old\/#breadcrumb","itemListElement":[{"@type":"ListItem","position":1,"name":"Inici","item":"https:\/\/hotelreimar.com\/es\/"},{"@type":"ListItem","position":2,"name":"Residences_old"}]},{"@type":"WebSite","@id":"https:\/\/hotelreimar.com\/#website","url":"https:\/\/hotelreimar.com\/","name":"","description":"","potentialAction":[{"@type":"SearchAction","target":{"@type":"EntryPoint","urlTemplate":"https:\/\/hotelreimar.com\/?s={search_term_string}"},"query-input":"required name=search_term_string"}],"inLanguage":"es"}]}},"_links":{"self":[{"href":"https:\/\/hotelreimar.com\/es\/wp-json\/wp\/v2\/pages\/2913"}],"collection":[{"href":"https:\/\/hotelreimar.com\/es\/wp-json\/wp\/v2\/pages"}],"about":[{"href":"https:\/\/hotelreimar.com\/es\/wp-json\/wp\/v2\/types\/page"}],"author":[{"embeddable":true,"href":"https:\/\/hotelreimar.com\/es\/wp-json\/wp\/v2\/users\/1"}],"replies":[{"embeddable":true,"href":"https:\/\/hotelreimar.com\/es\/wp-json\/wp\/v2\/comments?post=2913"}],"version-history":[{"count":10,"href":"https:\/\/hotelreimar.com\/es\/wp-json\/wp\/v2\/pages\/2913\/revisions"}],"predecessor-version":[{"id":4530,"href":"https:\/\/hotelreimar.com\/es\/wp-json\/wp\/v2\/pages\/2913\/revisions\/4530"}],"wp:attachment":[{"href":"https:\/\/hotelreimar.com\/es\/wp-json\/wp\/v2\/media?parent=2913"}],"curies":[{"name":"wp","href":"https:\/\/api.w.org\/{rel}","templated":true}]}}