{"id":1420,"date":"2017-03-11T16:42:34","date_gmt":"2017-03-11T15:42:34","guid":{"rendered":"http:\/\/hotelreimar.com\/entorno\/"},"modified":"2017-07-14T14:38:33","modified_gmt":"2017-07-14T13:38:33","slug":"entorno","status":"publish","type":"page","link":"https:\/\/hotelreimar.com\/es\/entorno\/","title":{"rendered":"Entorno"},"content":{"rendered":"<p>[vc_row full_width=\u00bbstretch_row\u00bb enable_overlay=\u00bbtrue\u00bb bg_overlay=\u00bbrgba(0,0,0,0.27)\u00bb css=\u00bb.vc_custom_1486755111171{padding-top: 150px !important;padding-bottom: 50px !important;background-image: url(http:\/\/hotelreimar.joutm.com\/wp-content\/uploads\/apartamentsplay2.jpg?id=672) !important;background-position: center !important;background-repeat: no-repeat !important;background-size: cover !important;}\u00bb][vc_column]<div class=\"engo-special-heading text-center\" style=\"color:#ffffff;\"><h2>ENTORN<\/h2><\/div>[engo_check_available_form night=\u00bbno\u00bb layout=\u00bbhorizontal\u00bb style=\u00bbcustom\u00bb][\/vc_column][\/vc_row][vc_row][vc_column][vc_column_text size=\u00bb0&#8243;]<\/p>\n<h2 style=\"text-align: center;\">La Costa Brava es un peque\u00f1o paraiso de naturaleza, cultura, paisaje y gente. Os proponemos un peque\u00f1o cat\u00e1logo de lo que podr\u00e1n descubrir<\/h2>\n<p>[\/vc_column_text][vc_tta_tabs][vc_tta_section title=\u00bbGastronom\u00eda\u00bb tab_id=\u00bb1486763354920-789e1e9b-7a26&#8243;][vc_row_inner][vc_column_inner width=\u00bb1\/2&#8243;][vc_single_image image=\u00bb1175&#8243; img_size=\u00bblarge\u00bb][\/vc_column_inner][vc_column_inner width=\u00bb1\/2&#8243;][vc_column_text size=\u00bb0&#8243;]A poca distancia de Palam\u00f3s y su lonja de pescado , la mayor\u00eda de nuestros restaurantes est\u00e1n basados en la gastronom\u00eda del pescado fresco. Sin olvidar la cocina tradicional de la regi\u00f3n.<br \/>\nLes proponemos tambi\u00e9n degustar el men\u00fa de la gamba, el men\u00fa de la cigala, y el men\u00fa de la olla de pescado que ofrecen los restaurantes de nuestro municipio[\/vc_column_text][\/vc_column_inner][\/vc_row_inner][\/vc_tta_section][vc_tta_section title=\u00bbPaisaje\u00bb tab_id=\u00bb1486763354946-c71f6952-4f4b\u00bb][vc_row_inner][vc_column_inner width=\u00bb1\/2&#8243;][vc_single_image image=\u00bb1401&#8243; img_size=\u00bblarge\u00bb][\/vc_column_inner][vc_column_inner width=\u00bb1\/2&#8243;][vc_column_text size=\u00bb0&#8243;]Descubre los rincones de la Costa Brava y del interior de Girona:<br \/>\nBegur<br \/>\nGirona<br \/>\nles Gavarres<br \/>\nPals<br \/>\nPeratallada<br \/>\nCalella de Palafrugell<\/p>\n<p>Aprovecha los circuitos preparados para hacer excursiones en bici o a pie[\/vc_column_text][\/vc_column_inner][\/vc_row_inner][\/vc_tta_section][vc_tta_section title=\u00bbCamino de ronda\u00bb tab_id=\u00bb1486763401788-bc7164dd-32ee\u00bb][vc_row_inner][vc_column_inner width=\u00bb1\/2&#8243;][vc_single_image image=\u00bb1403&#8243; img_size=\u00bblarge\u00bb][\/vc_column_inner][vc_column_inner width=\u00bb1\/2&#8243;][vc_column_text size=\u00bb0&#8243;]Cap\u00edtulo aparte merece el Camino de Ronda de Sant Antoni. Comienza al lado del hotel y recorre unas calas y paisajes v\u00edrgenes que son la esencia de la Costa Brava.[\/vc_column_text][\/vc_column_inner][\/vc_row_inner][\/vc_tta_section][vc_tta_section title=\u00bbBodegas\u00bb tab_id=\u00bb1487803376356-2ff768c3-9041&#8243;][vc_row_inner][vc_column_inner width=\u00bb1\/2&#8243;][vc_single_image image=\u00bb1439&#8243; img_size=\u00bblarge\u00bb][\/vc_column_inner][vc_column_inner width=\u00bb1\/2&#8243;][vc_column_text size=\u00bb0&#8243;]Calonge es un pueblo con una larga tradici\u00f3n de producci\u00f3n de vino, i es la cuna del movimento Remen\u00e7a que promueve la producci\u00f3n de vino con m\u00e9todos artesanales y tradicionales. Les proponemos visitar una de estas antiguas bodegas para conocer c\u00f3mo se hace la producci\u00f3n del vino.[\/vc_column_text][\/vc_column_inner][\/vc_row_inner][\/vc_tta_section][vc_tta_section title=\u00bbFiestas y ferias\u00bb tab_id=\u00bb1487804433193-aa6a00e5-34d4&#8243;][vc_row_inner][vc_column_inner width=\u00bb1\/2&#8243;][vc_single_image image=\u00bb1176&#8243; img_size=\u00bblarge\u00bb][\/vc_column_inner][vc_column_inner width=\u00bb1\/2&#8243;][vc_column_text size=\u00bb0&#8243;]Disfruten de un programa de actividades llenas de propuestas. El mercado medieval de Calonge, una feria que se celebra desde hace a\u00f1os y que goza de un gran prestigio, la fiesta del vino nuevo, y muchas m\u00e1s propuestas.[\/vc_column_text][\/vc_column_inner][\/vc_row_inner][\/vc_tta_section][vc_tta_section title=\u00bbRelajate\u00bb tab_id=\u00bb1489253474245-5c5331e8-c1e0&#8243;][vc_row_inner][vc_column_inner width=\u00bb1\/2&#8243;][vc_single_image image=\u00bb1173&#8243; img_size=\u00bblarge\u00bb][\/vc_column_inner][vc_column_inner width=\u00bb1\/2&#8243;][vc_column_text size=\u00bb0&#8243;]Simplemente, rel\u00e1jate y disfruta[\/vc_column_text][\/vc_column_inner][\/vc_row_inner][\/vc_tta_section][\/vc_tta_tabs][\/vc_column][\/vc_row][vc_row][vc_column][vc_column_text size=\u00bb0&#8243;]<\/p>\n<h2>Aqu\u00ed unos cuantos enlaces que les pueden resultar interesantes:<\/h2>\n<p>[\/vc_column_text][vc_single_image image=\u00bb1459&#8243; img_size=\u00bblarge\u00bb onclick=\u00bbcustom_link\u00bb img_link_target=\u00bb_blank\u00bb link=\u00bbhttp:\/\/194.224.107.115:8081\/\u00bb][\/vc_column][\/vc_row]<\/p>\n","protected":false},"excerpt":{"rendered":"<p>[vc_row full_width=\u00bbstretch_row\u00bb enable_overlay=\u00bbtrue\u00bb bg_overlay=\u00bbrgba(0,0,0,0.27)\u00bb css=\u00bb.vc_custom_1486755111171{padding-top: 150px !important;padding-bottom: 50px !important;background-image: url(http:\/\/hotelreimar.joutm.com\/wp-content\/uploads\/apartamentsplay2.jpg?id=672) !important;background-position: center !important;background-repeat: no-repeat !important;background-size: cover !important;}\u00bb][vc_column][engo_check_available_form night=\u00bbno\u00bb layout=\u00bbhorizontal\u00bb style=\u00bbcustom\u00bb][\/vc_column][\/vc_row][vc_row][vc_column][vc_column_text size=\u00bb0&#8243;] La Costa Brava es un peque\u00f1o paraiso de naturaleza, cultura, paisaje y gente. Os proponemos un peque\u00f1o cat\u00e1logo de lo que podr\u00e1n descubrir [\/vc_column_text][vc_tta_tabs][vc_tta_section title=\u00bbGastronom\u00eda\u00bb tab_id=\u00bb1486763354920-789e1e9b-7a26&#8243;][vc_row_inner][vc_column_inner width=\u00bb1\/2&#8243;][vc_single_image image=\u00bb1175&#8243; img_size=\u00bblarge\u00bb][\/vc_column_inner][vc_column_inner width=\u00bb1\/2&#8243;][vc_column_text size=\u00bb0&#8243;]A poca distancia de&#8230;<\/p>\n","protected":false},"author":1,"featured_media":0,"parent":0,"menu_order":0,"comment_status":"closed","ping_status":"closed","template":"","meta":{"footnotes":""},"yoast_head":"<!-- This site is optimized with the Yoast SEO plugin v22.4 - https:\/\/yoast.com\/wordpress\/plugins\/seo\/ -->\n<title>Entorno -<\/title>\n<meta name=\"robots\" content=\"index, follow, max-snippet:-1, max-image-preview:large, max-video-preview:-1\" \/>\n<link rel=\"canonical\" href=\"https:\/\/hotelreimar.com\/es\/entorno\/\" \/>\n<meta property=\"og:locale\" content=\"es_ES\" \/>\n<meta property=\"og:type\" content=\"article\" \/>\n<meta property=\"og:title\" content=\"Entorno -\" \/>\n<meta property=\"og:description\" content=\"[vc_row full_width=\u00bbstretch_row\u00bb enable_overlay=\u00bbtrue\u00bb bg_overlay=\u00bbrgba(0,0,0,0.27)\u00bb css=\u00bb.vc_custom_1486755111171{padding-top: 150px !important;padding-bottom: 50px !important;background-image: url(http:\/\/hotelreimar.joutm.com\/wp-content\/uploads\/apartamentsplay2.jpg?id=672) !important;background-position: center !important;background-repeat: no-repeat !important;background-size: cover !important;}\u00bb][vc_column][engo_check_available_form night=\u00bbno\u00bb layout=\u00bbhorizontal\u00bb style=\u00bbcustom\u00bb][\/vc_column][\/vc_row][vc_row][vc_column][vc_column_text size=\u00bb0&#8243;] La Costa Brava es un peque\u00f1o paraiso de naturaleza, cultura, paisaje y gente. Os proponemos un peque\u00f1o cat\u00e1logo de lo que podr\u00e1n descubrir [\/vc_column_text][vc_tta_tabs][vc_tta_section title=\u00bbGastronom\u00eda\u00bb tab_id=\u00bb1486763354920-789e1e9b-7a26&#8243;][vc_row_inner][vc_column_inner width=\u00bb1\/2&#8243;][vc_single_image image=\u00bb1175&#8243; img_size=\u00bblarge\u00bb][\/vc_column_inner][vc_column_inner width=\u00bb1\/2&#8243;][vc_column_text size=\u00bb0&#8243;]A poca distancia de...\" \/>\n<meta property=\"og:url\" content=\"https:\/\/hotelreimar.com\/es\/entorno\/\" \/>\n<meta property=\"article:modified_time\" content=\"2017-07-14T13:38:33+00:00\" \/>\n<meta name=\"twitter:card\" content=\"summary_large_image\" \/>\n<meta name=\"twitter:label1\" content=\"Tiempo de lectura\" \/>\n\t<meta name=\"twitter:data1\" content=\"3 minutos\" \/>\n<script type=\"application\/ld+json\" class=\"yoast-schema-graph\">{\"@context\":\"https:\/\/schema.org\",\"@graph\":[{\"@type\":\"WebPage\",\"@id\":\"https:\/\/hotelreimar.com\/es\/entorno\/\",\"url\":\"https:\/\/hotelreimar.com\/es\/entorno\/\",\"name\":\"Entorno -\",\"isPartOf\":{\"@id\":\"https:\/\/hotelreimar.com\/#website\"},\"datePublished\":\"2017-03-11T15:42:34+00:00\",\"dateModified\":\"2017-07-14T13:38:33+00:00\",\"breadcrumb\":{\"@id\":\"https:\/\/hotelreimar.com\/es\/entorno\/#breadcrumb\"},\"inLanguage\":\"es\",\"potentialAction\":[{\"@type\":\"ReadAction\",\"target\":[\"https:\/\/hotelreimar.com\/es\/entorno\/\"]}]},{\"@type\":\"BreadcrumbList\",\"@id\":\"https:\/\/hotelreimar.com\/es\/entorno\/#breadcrumb\",\"itemListElement\":[{\"@type\":\"ListItem\",\"position\":1,\"name\":\"Inici\",\"item\":\"https:\/\/hotelreimar.com\/es\/\"},{\"@type\":\"ListItem\",\"position\":2,\"name\":\"Entorno\"}]},{\"@type\":\"WebSite\",\"@id\":\"https:\/\/hotelreimar.com\/#website\",\"url\":\"https:\/\/hotelreimar.com\/\",\"name\":\"\",\"description\":\"\",\"potentialAction\":[{\"@type\":\"SearchAction\",\"target\":{\"@type\":\"EntryPoint\",\"urlTemplate\":\"https:\/\/hotelreimar.com\/?s={search_term_string}\"},\"query-input\":\"required name=search_term_string\"}],\"inLanguage\":\"es\"}]}<\/script>\n<!-- \/ Yoast SEO plugin. -->","yoast_head_json":{"title":"Entorno -","robots":{"index":"index","follow":"follow","max-snippet":"max-snippet:-1","max-image-preview":"max-image-preview:large","max-video-preview":"max-video-preview:-1"},"canonical":"https:\/\/hotelreimar.com\/es\/entorno\/","og_locale":"es_ES","og_type":"article","og_title":"Entorno -","og_description":"[vc_row full_width=\u00bbstretch_row\u00bb enable_overlay=\u00bbtrue\u00bb bg_overlay=\u00bbrgba(0,0,0,0.27)\u00bb css=\u00bb.vc_custom_1486755111171{padding-top: 150px !important;padding-bottom: 50px !important;background-image: url(http:\/\/hotelreimar.joutm.com\/wp-content\/uploads\/apartamentsplay2.jpg?id=672) !important;background-position: center !important;background-repeat: no-repeat !important;background-size: cover !important;}\u00bb][vc_column][engo_check_available_form night=\u00bbno\u00bb layout=\u00bbhorizontal\u00bb style=\u00bbcustom\u00bb][\/vc_column][\/vc_row][vc_row][vc_column][vc_column_text size=\u00bb0&#8243;] La Costa Brava es un peque\u00f1o paraiso de naturaleza, cultura, paisaje y gente. Os proponemos un peque\u00f1o cat\u00e1logo de lo que podr\u00e1n descubrir [\/vc_column_text][vc_tta_tabs][vc_tta_section title=\u00bbGastronom\u00eda\u00bb tab_id=\u00bb1486763354920-789e1e9b-7a26&#8243;][vc_row_inner][vc_column_inner width=\u00bb1\/2&#8243;][vc_single_image image=\u00bb1175&#8243; img_size=\u00bblarge\u00bb][\/vc_column_inner][vc_column_inner width=\u00bb1\/2&#8243;][vc_column_text size=\u00bb0&#8243;]A poca distancia de...","og_url":"https:\/\/hotelreimar.com\/es\/entorno\/","article_modified_time":"2017-07-14T13:38:33+00:00","twitter_card":"summary_large_image","twitter_misc":{"Tiempo de lectura":"3 minutos"},"schema":{"@context":"https:\/\/schema.org","@graph":[{"@type":"WebPage","@id":"https:\/\/hotelreimar.com\/es\/entorno\/","url":"https:\/\/hotelreimar.com\/es\/entorno\/","name":"Entorno -","isPartOf":{"@id":"https:\/\/hotelreimar.com\/#website"},"datePublished":"2017-03-11T15:42:34+00:00","dateModified":"2017-07-14T13:38:33+00:00","breadcrumb":{"@id":"https:\/\/hotelreimar.com\/es\/entorno\/#breadcrumb"},"inLanguage":"es","potentialAction":[{"@type":"ReadAction","target":["https:\/\/hotelreimar.com\/es\/entorno\/"]}]},{"@type":"BreadcrumbList","@id":"https:\/\/hotelreimar.com\/es\/entorno\/#breadcrumb","itemListElement":[{"@type":"ListItem","position":1,"name":"Inici","item":"https:\/\/hotelreimar.com\/es\/"},{"@type":"ListItem","position":2,"name":"Entorno"}]},{"@type":"WebSite","@id":"https:\/\/hotelreimar.com\/#website","url":"https:\/\/hotelreimar.com\/","name":"","description":"","potentialAction":[{"@type":"SearchAction","target":{"@type":"EntryPoint","urlTemplate":"https:\/\/hotelreimar.com\/?s={search_term_string}"},"query-input":"required name=search_term_string"}],"inLanguage":"es"}]}},"_links":{"self":[{"href":"https:\/\/hotelreimar.com\/es\/wp-json\/wp\/v2\/pages\/1420"}],"collection":[{"href":"https:\/\/hotelreimar.com\/es\/wp-json\/wp\/v2\/pages"}],"about":[{"href":"https:\/\/hotelreimar.com\/es\/wp-json\/wp\/v2\/types\/page"}],"author":[{"embeddable":true,"href":"https:\/\/hotelreimar.com\/es\/wp-json\/wp\/v2\/users\/1"}],"replies":[{"embeddable":true,"href":"https:\/\/hotelreimar.com\/es\/wp-json\/wp\/v2\/comments?post=1420"}],"version-history":[{"count":23,"href":"https:\/\/hotelreimar.com\/es\/wp-json\/wp\/v2\/pages\/1420\/revisions"}],"predecessor-version":[{"id":1596,"href":"https:\/\/hotelreimar.com\/es\/wp-json\/wp\/v2\/pages\/1420\/revisions\/1596"}],"wp:attachment":[{"href":"https:\/\/hotelreimar.com\/es\/wp-json\/wp\/v2\/media?parent=1420"}],"curies":[{"name":"wp","href":"https:\/\/api.w.org\/{rel}","templated":true}]}}