{"id":1389,"date":"2017-03-10T21:49:59","date_gmt":"2017-03-10T20:49:59","guid":{"rendered":"http:\/\/hotelreimar.com\/inicio\/"},"modified":"2023-11-22T13:40:41","modified_gmt":"2023-11-22T13:40:41","slug":"inicio","status":"publish","type":"page","link":"https:\/\/hotelreimar.com\/es\/","title":{"rendered":"Inicio"},"content":{"rendered":"<p>[vc_row full_width=\u00bbstretch_row\u00bb enable_overlay=\u00bb\u00bb el_class=\u00bbengo-table\u00bb css=\u00bb.vc_custom_1623230695459{background-color: #004f71 !important;}\u00bb][vc_column offset=\u00bbvc_hidden-sm vc_hidden-xs\u00bb][rev_slider_vc alias=\u00bbhome\u00bb][vc_row_inner css=\u00bb.vc_custom_1623230434755{margin-top: 10px !important;background-color: #004f71 !important;}\u00bb el_class=\u00bbcheck-availability\u00bb][vc_column_inner width=\u00bb1\/4&#8243;][vc_column_text size=\u00bb0&#8243;]<\/p>\n<h2><span style=\"color: #ffffff;\"><a href=\"http:\/\/www.hotelreimar.com\/es\/reserva-directa\">Ventajas<\/a><\/span><\/h2>\n<h2><span style=\"color: #ffffff;\"><a href=\"https:\/\/hotelreimar.com\/es\/reserva-directa\/\">RESERVA DIRECTA<\/a><\/span><\/h2>\n<p>[\/vc_column_text][\/vc_column_inner][vc_column_inner width=\u00bb3\/4&#8243;]<div class=\"engo-btn-container engo-btn-center\"><a class=\"engo-btn engo-btn-large engo-btn-outline engo-btn-full\" href=\"https:\/\/hotelreimar.com\/es\/booking\/\" title=\"\" style=\"color:#ffffff;border-color:#ffffff;\">HAGA YA SU RESERVA AL MEJOR PRECIO<\/a><\/div>[\/vc_column_inner][\/vc_row_inner][\/vc_column][\/vc_row][vc_row full_width=\u00bbstretch_row\u00bb enable_overlay=\u00bb\u00bb el_class=\u00bbengo-table\u00bb css=\u00bb.vc_custom_1623230695459{background-color: #004f71 !important;}\u00bb][vc_column offset=\u00bbvc_hidden-lg vc_hidden-md\u00bb][rev_slider_vc alias=\u00bbhome\u00bb][vc_row_inner css=\u00bb.vc_custom_1623230434755{margin-top: 10px !important;background-color: #004f71 !important;}\u00bb el_class=\u00bbcheck-availability\u00bb][vc_column_inner][vc_column_text size=\u00bb0&#8243;]<\/p>\n<h2><span style=\"color: #ffffff;\"><a href=\"http:\/\/www.hotelreimar.com\/es\/reserva-directa\">Ventajas<\/a><\/span><\/h2>\n<h2><span style=\"color: #ffffff;\"><a href=\"https:\/\/hotelreimar.com\/es\/reserva-directa\/\">RESERVA DIRECTA<\/a><\/span><\/h2>\n<p>[\/vc_column_text][vc_empty_space]<div class=\"engo-btn-container engo-btn-center\"><a class=\"engo-btn engo-btn-large engo-btn-outline engo-btn-full\" href=\"https:\/\/hotelreimar.gnahs.com\/booking.php?idm=2\" title=\"\" style=\"color:#ffffff;border-color:#ffffff;\">RESERVE AL MEJOR PRECIO<\/a><\/div>[\/vc_column_inner][\/vc_row_inner][\/vc_column][\/vc_row][vc_row full_width=\u00bbstretch_row\u00bb css=\u00bb.vc_custom_1489138660737{background-color: #cecece !important;}\u00bb][vc_column width=\u00bb1\/4&#8243; offset=\u00bbvc_hidden-xs\u00bb][vc_single_image image=\u00bb1209&#8243; alignment=\u00bbcenter\u00bb][\/vc_column][vc_column width=\u00bb1\/2&#8243; offset=\u00bbvc_hidden-xs\u00bb][vc_column_text size=\u00bb0&#8243;]<\/p>\n<h3 style=\"text-align: center;\">Les\u00a0 presentemos la oferta m\u00e1s completa de alojamientos en Sant Antoni de Calonge.<\/h3>\n<h3 style=\"text-align: center;\">En esta p\u00e1gina encontrar\u00e1 diferentes propuestas para pasar una estancia inolvidable con nosotros:<\/h3>\n<p>[\/vc_column_text][\/vc_column][vc_column width=\u00bb1\/4&#8243; offset=\u00bbvc_hidden-xs\u00bb][vc_single_image image=\u00bb1207&#8243; alignment=\u00bbcenter\u00bb][\/vc_column][\/vc_row][vc_row full_width=\u00bbstretch_row\u00bb css=\u00bb.vc_custom_1489138660737{background-color: #cecece !important;}\u00bb][vc_column offset=\u00bbvc_hidden-lg vc_hidden-md vc_hidden-sm\u00bb][vc_single_image image=\u00bb1209&#8243; alignment=\u00bbcenter\u00bb][vc_column_text size=\u00bb0&#8243;]<\/p>\n<h3 style=\"text-align: center;\">Les\u00a0 presentemos la oferta m\u00e1s completa de alojamientos en Sant Antoni de Calonge.<\/h3>\n<h3 style=\"text-align: center;\">En esta p\u00e1gina encontrar\u00e1 diferentes propuestas para pasar una estancia inolvidable con nosotros:<\/h3>\n<p>[\/vc_column_text][\/vc_column][\/vc_row][vc_row][vc_column width=\u00bb1\/2&#8243; offset=\u00bbvc_hidden-xs\u00bb]<div class=\"engo-special-heading text-center\"><h1>Habitaciones<\/h1><\/div>[vc_single_image image=\u00bb3892&#8243; img_size=\u00bb570&#215;335&#8243; alignment=\u00bbcenter\u00bb][\/vc_column][vc_column width=\u00bb1\/2&#8243; offset=\u00bbvc_hidden-xs\u00bb]<div class=\"engo-special-heading text-center\"><h1>Residences<\/h1><\/div>[vc_single_image image=\u00bb3200&#8243; img_size=\u00bb570&#215;335&#8243; alignment=\u00bbcenter\u00bb][\/vc_column][\/vc_row][vc_row][vc_column width=\u00bb1\/2&#8243; offset=\u00bbvc_hidden-xs\u00bb]<div class=\"engo-btn-container engo-btn-center\"><a class=\"engo-btn engo-btn-large engo-btn-outline\" href=\"http:\/\/hotelreimar.com\/es\/habitaciones-2\/\" title=\"\" style=\"color:#1e73be;border-color:#1e73be;\">Ver m\u00e1s<\/a><\/div>[\/vc_column][vc_column width=\u00bb1\/2&#8243; offset=\u00bbvc_hidden-xs\u00bb]<div class=\"engo-btn-container engo-btn-center\"><a class=\"engo-btn engo-btn-large engo-btn-outline\" href=\"http:\/\/hotelreimar.com\/es\/residences-2\/\" title=\"\" style=\"color:#1e73be;border-color:#1e73be;\">Ver m\u00e1s<\/a><\/div>[\/vc_column][\/vc_row][vc_row][vc_column width=\u00bb1\/2&#8243; offset=\u00bbvc_hidden-lg vc_hidden-md vc_hidden-sm\u00bb][vc_empty_space]<div class=\"engo-special-heading text-center\"><h1>Habitaciones<\/h1><\/div>[vc_single_image image=\u00bb3892&#8243; img_size=\u00bb570&#215;335&#8243; alignment=\u00bbcenter\u00bb]<div class=\"engo-btn-container engo-btn-center\"><a class=\"engo-btn engo-btn-large engo-btn-outline\" href=\"http:\/\/hotelreimar.com\/es\/habitaciones-2\/\" title=\"\" style=\"color:#1e73be;border-color:#1e73be;\">Ver m\u00e1s<\/a><\/div>[vc_empty_space][\/vc_column][vc_column width=\u00bb1\/2&#8243; offset=\u00bbvc_hidden-lg vc_hidden-md vc_hidden-sm\u00bb][vc_empty_space]<div class=\"engo-special-heading text-center\"><h1>Residences<\/h1><\/div>[vc_single_image image=\u00bb3200&#8243; img_size=\u00bb570&#215;335&#8243; alignment=\u00bbcenter\u00bb]<div class=\"engo-btn-container engo-btn-center\"><a class=\"engo-btn engo-btn-large engo-btn-outline\" href=\"http:\/\/hotelreimar.com\/es\/residences-2\/\" title=\"\" style=\"color:#1e73be;border-color:#1e73be;\">Ver m\u00e1s<\/a><\/div>[vc_empty_space][\/vc_column][\/vc_row][vc_row][vc_column][vc_empty_space][\/vc_column][\/vc_row][vc_row full_width=\u00bbstretch_row\u00bb css=\u00bb.vc_custom_1486773114299{background-color: #004f71 !important;}\u00bb][vc_column enable_overlay=\u00bbtrue\u00bb el_class=\u00bbour-best\u00bb]<div class=\"engo-special-heading text-center\" style=\"color:#ffffff;\"><h2>EQUIPAMENTOS<\/h2><\/div>[\/vc_column][\/vc_row][vc_row full_width=\u00bbstretch_row\u00bb css=\u00bb.vc_custom_1486773114299{background-color: #004f71 !important;}\u00bb][vc_column width=\u00bb1\/6&#8243; enable_overlay=\u00bbtrue\u00bb el_class=\u00bbour-best\u00bb][vc_single_image image=\u00bb1211&#8243; alignment=\u00bbcenter\u00bb css=\u00bb.vc_custom_1487856852631{background-color: rgba(224,224,224,0.71) !important;*background-color: rgb(224,224,224) !important;}\u00bb][vc_column_text size=\u00bb0&#8243;]<\/p>\n<h3 style=\"text-align: center;\"><span style=\"color: #ffffff;\">Restaurante<\/span><\/h3>\n<p>[\/vc_column_text][\/vc_column][vc_column width=\u00bb1\/6&#8243;][vc_single_image image=\u00bb1225&#8243; alignment=\u00bbcenter\u00bb css=\u00bb.vc_custom_1487856968703{background-color: rgba(224,224,224,0.71) !important;*background-color: rgb(224,224,224) !important;}\u00bb][vc_column_text size=\u00bb0&#8243;]<\/p>\n<h3 style=\"text-align: center;\"><span style=\"color: #ffffff;\">P\u00e1rking<\/span><\/h3>\n<p>[\/vc_column_text][\/vc_column][vc_column width=\u00bb1\/6&#8243;][vc_single_image image=\u00bb1227&#8243; alignment=\u00bbcenter\u00bb css=\u00bb.vc_custom_1487857071914{background-color: rgba(224,224,224,0.71) !important;*background-color: rgb(224,224,224) !important;}\u00bb][vc_column_text size=\u00bb0&#8243;]<\/p>\n<h3 style=\"text-align: center;\"><span style=\"color: #ffffff;\">Wifi gratuito<\/span><\/h3>\n<p>[\/vc_column_text][\/vc_column][vc_column width=\u00bb1\/6&#8243;][vc_single_image image=\u00bb1206&#8243; alignment=\u00bbcenter\u00bb css=\u00bb.vc_custom_1487857206702{background-color: rgba(224,224,224,0.71) !important;*background-color: rgb(224,224,224) !important;}\u00bb][vc_column_text size=\u00bb0&#8243;]<\/p>\n<h3 style=\"text-align: center;\"><span style=\"color: #ffffff;\">Delante de la playa<br \/>\n<\/span><\/h3>\n<p>[\/vc_column_text][\/vc_column][vc_column width=\u00bb1\/6&#8243;][vc_single_image image=\u00bb1209&#8243; alignment=\u00bbcenter\u00bb css=\u00bb.vc_custom_1487857099689{background-color: rgba(224,224,224,0.71) !important;*background-color: rgb(224,224,224) !important;}\u00bb][vc_column_text size=\u00bb0&#8243;]<\/p>\n<h3 style=\"text-align: center;\"><span style=\"color: #ffffff;\">Suites y habitaciones Familiares<\/span><\/h3>\n<p>[\/vc_column_text][\/vc_column][vc_column width=\u00bb1\/6&#8243;][vc_single_image image=\u00bb1207&#8243; alignment=\u00bbcenter\u00bb css=\u00bb.vc_custom_1487857115991{background-color: rgba(224,224,224,0.71) !important;*background-color: rgb(224,224,224) !important;}\u00bb][vc_column_text size=\u00bb0&#8243;]<\/p>\n<h3 style=\"text-align: center;\"><span style=\"color: #ffffff;\">Habitaciones y Residences<\/span><\/h3>\n<p>[\/vc_column_text][\/vc_column][\/vc_row][vc_row gap=\u00bb20&#8243;][vc_column width=\u00bb1\/3&#8243;]<div class=\"engo-special-heading text-left\"><h2>QUIEN SOMOS<\/h2><\/div>[vc_column_text size=\u00bb0&#8243;]La fam\u00edlia Gibert gestiona el Hotel Reimar desde 1962, siendo uno de los establecimientos hoteleros m\u00e1s antiguos del municipio. A trav\u00e9s de sucesivas ampliaciones y reformas se lleg\u00f3 al a\u00f1o 2016 en que la fam\u00edlia ha abordado la ampliaci\u00f3n en capacidad y en tipos de servicios. Con vocaci\u00f3n de adaptarnos a las nuevas formas de turismo que van entrando en el mercado, el hotel diversifica su oferta incorporando las nuevas \u00abResidences\u00bb para el p\u00fablico exigente que busca el servicio cuidadoso y profesional\u00a0 que solo puede dar un hotel sin renunciar al espacio y versatilitad que dan unos espacios amplios y modernos, equipados con cocina y todos los equipamentos que se puedan precisar.<\/p>\n<p>Todo esto sin perder la esencia de nuestro establecimiento de todos estos a\u00f1os que se puede resumir en la frase: \u00absentirse como en casa\u00bb. Trato cercano y m\u00e1xima vocaci\u00f3n de servicio.[\/vc_column_text][\/vc_column][vc_column width=\u00bb1\/3&#8243;]<div class=\"engo-special-heading text-left\"><h2>OPINIONES<\/h2><\/div>[vc_raw_html]JTNDZGl2JTIwaWQlM0QlMjJUQV9zZWxmc2VydmVwcm9wNDEzJTIyJTIwY2xhc3MlM0QlMjJUQV9zZWxmc2VydmVwcm9wJTIyJTNFJTBBJTNDdWwlMjBpZCUzRCUyMmRpRXdyTiUyMiUyMGNsYXNzJTNEJTIyVEFfbGlua3MlMjB5OEx3ZUVUZXFlJTIyJTNFJTBBJTNDbGklMjBpZCUzRCUyMlBWTDBLY2FVVyUyMiUyMGNsYXNzJTNEJTIySjVnTm9BTnglMjIlM0UlMEElM0NhJTIwdGFyZ2V0JTNEJTIyX2JsYW5rJTIyJTIwaHJlZiUzRCUyMmh0dHBzJTNBJTJGJTJGd3d3LnRyaXBhZHZpc29yLmVzJTJGJTIyJTNFJTNDaW1nJTIwc3JjJTNEJTIyaHR0cHMlM0ElMkYlMkZ3d3cudHJpcGFkdmlzb3IuZXMlMkZpbWclMkZjZHNpJTJGaW1nMiUyRmJyYW5kaW5nJTJGMTUwX2xvZ28tMTE5MDAtMi5wbmclMjIlMjBhbHQlM0QlMjJUcmlwQWR2aXNvciUyMiUyRiUzRSUzQyUyRmElM0UlMEElM0MlMkZsaSUzRSUwQSUzQyUyRnVsJTNFJTBBJTNDJTJGZGl2JTNFJTBBJTNDc2NyaXB0JTIwc3JjJTNEJTIyaHR0cHMlM0ElMkYlMkZ3d3cuanNjYWNoZS5jb20lMkZ3ZWpzJTNGd3R5cGUlM0RzZWxmc2VydmVwcm9wJTI2YW1wJTNCdW5pcSUzRDQxMyUyNmFtcCUzQmxvY2F0aW9uSWQlM0Q1NzE4MzAlMjZhbXAlM0JsYW5nJTNEZXMlMjZhbXAlM0JyYXRpbmclM0R0cnVlJTI2YW1wJTNCbnJldmlld3MlM0Q0JTI2YW1wJTNCd3JpdGVyZXZpZXdsaW5rJTNEdHJ1ZSUyNmFtcCUzQnBvcElkeCUzRHRydWUlMjZhbXAlM0Jpc3dpZGUlM0R0cnVlJTI2YW1wJTNCYm9yZGVyJTNEdHJ1ZSUyNmFtcCUzQmRpc3BsYXlfdmVyc2lvbiUzRDIlMjIlM0UlM0MlMkZzY3JpcHQlM0U=[\/vc_raw_html][\/vc_column][\/vc_row]<\/p>\n","protected":false},"excerpt":{"rendered":"<p>[vc_row full_width=\u00bbstretch_row\u00bb enable_overlay=\u00bb\u00bb el_class=\u00bbengo-table\u00bb css=\u00bb.vc_custom_1623230695459{background-color: #004f71 !important;}\u00bb][vc_column offset=\u00bbvc_hidden-sm vc_hidden-xs\u00bb][rev_slider_vc alias=\u00bbhome\u00bb][vc_row_inner css=\u00bb.vc_custom_1623230434755{margin-top: 10px !important;background-color: #004f71 !important;}\u00bb el_class=\u00bbcheck-availability\u00bb][vc_column_inner width=\u00bb1\/4&#8243;][vc_column_text size=\u00bb0&#8243;] Ventajas RESERVA DIRECTA [\/vc_column_text][\/vc_column_inner][vc_column_inner width=\u00bb3\/4&#8243;][\/vc_column_inner][\/vc_row_inner][\/vc_column][\/vc_row][vc_row full_width=\u00bbstretch_row\u00bb enable_overlay=\u00bb\u00bb el_class=\u00bbengo-table\u00bb css=\u00bb.vc_custom_1623230695459{background-color: #004f71 !important;}\u00bb][vc_column offset=\u00bbvc_hidden-lg vc_hidden-md\u00bb][rev_slider_vc alias=\u00bbhome\u00bb][vc_row_inner css=\u00bb.vc_custom_1623230434755{margin-top: 10px !important;background-color: #004f71 !important;}\u00bb el_class=\u00bbcheck-availability\u00bb][vc_column_inner][vc_column_text size=\u00bb0&#8243;] Ventajas RESERVA DIRECTA [\/vc_column_text][vc_empty_space][\/vc_column_inner][\/vc_row_inner][\/vc_column][\/vc_row][vc_row full_width=\u00bbstretch_row\u00bb css=\u00bb.vc_custom_1489138660737{background-color: #cecece !important;}\u00bb][vc_column width=\u00bb1\/4&#8243; offset=\u00bbvc_hidden-xs\u00bb][vc_single_image image=\u00bb1209&#8243; alignment=\u00bbcenter\u00bb][\/vc_column][vc_column width=\u00bb1\/2&#8243; offset=\u00bbvc_hidden-xs\u00bb][vc_column_text size=\u00bb0&#8243;] Les\u00a0&#8230;<\/p>\n","protected":false},"author":1,"featured_media":0,"parent":0,"menu_order":0,"comment_status":"closed","ping_status":"closed","template":"","meta":{"footnotes":""},"yoast_head":"<!-- This site is optimized with the Yoast SEO plugin v22.4 - https:\/\/yoast.com\/wordpress\/plugins\/seo\/ -->\n<title>Hotel Reimar - Sant Antoni de Calonge Costa Brava - Rooms&amp;Residences<\/title>\n<meta name=\"description\" content=\"El Hotel Reimar es un hotel de Torre Valentina en primera l\u00ednea de mar que ofrece diversas modalidades de alojamiento: Habitaciones, Apartamentos y Residences\" \/>\n<meta name=\"robots\" content=\"index, follow, max-snippet:-1, max-image-preview:large, max-video-preview:-1\" \/>\n<link rel=\"canonical\" href=\"https:\/\/hotelreimar.com\/es\/\" \/>\n<meta property=\"og:locale\" content=\"es_ES\" \/>\n<meta property=\"og:type\" content=\"article\" \/>\n<meta property=\"og:title\" content=\"Hotel Reimar - Sant Antoni de Calonge Costa Brava - Rooms&amp;Residences\" \/>\n<meta property=\"og:description\" content=\"El Hotel Reimar es un hotel de Torre Valentina en primera l\u00ednea de mar que ofrece diversas modalidades de alojamiento: Habitaciones, Apartamentos y Residences\" \/>\n<meta property=\"og:url\" content=\"https:\/\/hotelreimar.com\/es\/\" \/>\n<meta property=\"article:modified_time\" content=\"2023-11-22T13:40:41+00:00\" \/>\n<meta name=\"twitter:card\" content=\"summary_large_image\" \/>\n<meta name=\"twitter:label1\" content=\"Tiempo de lectura\" \/>\n\t<meta name=\"twitter:data1\" content=\"3 minutos\" \/>\n<script type=\"application\/ld+json\" class=\"yoast-schema-graph\">{\"@context\":\"https:\/\/schema.org\",\"@graph\":[{\"@type\":\"WebPage\",\"@id\":\"https:\/\/hotelreimar.com\/es\/\",\"url\":\"https:\/\/hotelreimar.com\/es\/\",\"name\":\"Hotel Reimar - Sant Antoni de Calonge Costa Brava - Rooms&Residences\",\"isPartOf\":{\"@id\":\"https:\/\/hotelreimar.com\/#website\"},\"datePublished\":\"2017-03-10T20:49:59+00:00\",\"dateModified\":\"2023-11-22T13:40:41+00:00\",\"description\":\"El Hotel Reimar es un hotel de Torre Valentina en primera l\u00ednea de mar que ofrece diversas modalidades de alojamiento: Habitaciones, Apartamentos y Residences\",\"breadcrumb\":{\"@id\":\"https:\/\/hotelreimar.com\/es\/#breadcrumb\"},\"inLanguage\":\"es\",\"potentialAction\":[{\"@type\":\"ReadAction\",\"target\":[\"https:\/\/hotelreimar.com\/es\/\"]}]},{\"@type\":\"BreadcrumbList\",\"@id\":\"https:\/\/hotelreimar.com\/es\/#breadcrumb\",\"itemListElement\":[{\"@type\":\"ListItem\",\"position\":1,\"name\":\"Inici\",\"item\":\"https:\/\/hotelreimar.com\/es\/\"},{\"@type\":\"ListItem\",\"position\":2,\"name\":\"Inicio\"}]},{\"@type\":\"WebSite\",\"@id\":\"https:\/\/hotelreimar.com\/#website\",\"url\":\"https:\/\/hotelreimar.com\/\",\"name\":\"\",\"description\":\"\",\"potentialAction\":[{\"@type\":\"SearchAction\",\"target\":{\"@type\":\"EntryPoint\",\"urlTemplate\":\"https:\/\/hotelreimar.com\/?s={search_term_string}\"},\"query-input\":\"required name=search_term_string\"}],\"inLanguage\":\"es\"}]}<\/script>\n<!-- \/ Yoast SEO plugin. -->","yoast_head_json":{"title":"Hotel Reimar - Sant Antoni de Calonge Costa Brava - Rooms&Residences","description":"El Hotel Reimar es un hotel de Torre Valentina en primera l\u00ednea de mar que ofrece diversas modalidades de alojamiento: Habitaciones, Apartamentos y Residences","robots":{"index":"index","follow":"follow","max-snippet":"max-snippet:-1","max-image-preview":"max-image-preview:large","max-video-preview":"max-video-preview:-1"},"canonical":"https:\/\/hotelreimar.com\/es\/","og_locale":"es_ES","og_type":"article","og_title":"Hotel Reimar - Sant Antoni de Calonge Costa Brava - Rooms&Residences","og_description":"El Hotel Reimar es un hotel de Torre Valentina en primera l\u00ednea de mar que ofrece diversas modalidades de alojamiento: Habitaciones, Apartamentos y Residences","og_url":"https:\/\/hotelreimar.com\/es\/","article_modified_time":"2023-11-22T13:40:41+00:00","twitter_card":"summary_large_image","twitter_misc":{"Tiempo de lectura":"3 minutos"},"schema":{"@context":"https:\/\/schema.org","@graph":[{"@type":"WebPage","@id":"https:\/\/hotelreimar.com\/es\/","url":"https:\/\/hotelreimar.com\/es\/","name":"Hotel Reimar - Sant Antoni de Calonge Costa Brava - Rooms&Residences","isPartOf":{"@id":"https:\/\/hotelreimar.com\/#website"},"datePublished":"2017-03-10T20:49:59+00:00","dateModified":"2023-11-22T13:40:41+00:00","description":"El Hotel Reimar es un hotel de Torre Valentina en primera l\u00ednea de mar que ofrece diversas modalidades de alojamiento: Habitaciones, Apartamentos y Residences","breadcrumb":{"@id":"https:\/\/hotelreimar.com\/es\/#breadcrumb"},"inLanguage":"es","potentialAction":[{"@type":"ReadAction","target":["https:\/\/hotelreimar.com\/es\/"]}]},{"@type":"BreadcrumbList","@id":"https:\/\/hotelreimar.com\/es\/#breadcrumb","itemListElement":[{"@type":"ListItem","position":1,"name":"Inici","item":"https:\/\/hotelreimar.com\/es\/"},{"@type":"ListItem","position":2,"name":"Inicio"}]},{"@type":"WebSite","@id":"https:\/\/hotelreimar.com\/#website","url":"https:\/\/hotelreimar.com\/","name":"","description":"","potentialAction":[{"@type":"SearchAction","target":{"@type":"EntryPoint","urlTemplate":"https:\/\/hotelreimar.com\/?s={search_term_string}"},"query-input":"required name=search_term_string"}],"inLanguage":"es"}]}},"_links":{"self":[{"href":"https:\/\/hotelreimar.com\/es\/wp-json\/wp\/v2\/pages\/1389"}],"collection":[{"href":"https:\/\/hotelreimar.com\/es\/wp-json\/wp\/v2\/pages"}],"about":[{"href":"https:\/\/hotelreimar.com\/es\/wp-json\/wp\/v2\/types\/page"}],"author":[{"embeddable":true,"href":"https:\/\/hotelreimar.com\/es\/wp-json\/wp\/v2\/users\/1"}],"replies":[{"embeddable":true,"href":"https:\/\/hotelreimar.com\/es\/wp-json\/wp\/v2\/comments?post=1389"}],"version-history":[{"count":51,"href":"https:\/\/hotelreimar.com\/es\/wp-json\/wp\/v2\/pages\/1389\/revisions"}],"predecessor-version":[{"id":5591,"href":"https:\/\/hotelreimar.com\/es\/wp-json\/wp\/v2\/pages\/1389\/revisions\/5591"}],"wp:attachment":[{"href":"https:\/\/hotelreimar.com\/es\/wp-json\/wp\/v2\/media?parent=1389"}],"curies":[{"name":"wp","href":"https:\/\/api.w.org\/{rel}","templated":true}]}}